{"id":3411,"date":"2024-05-13T07:31:53","date_gmt":"2024-05-13T07:31:53","guid":{"rendered":"http:\/\/64.91.246.76\/~energizer\/?post_type=product&#038;p=3411"},"modified":"2024-10-18T06:50:44","modified_gmt":"2024-10-18T06:50:44","slug":"energizer-max-plus-d","status":"publish","type":"product","link":"https:\/\/energizer.com\/eu\/poland\/product\/energizer-max-plus-d\/","title":{"rendered":"ENERGIZER\u00ae MAX PLUS \u2122 &#8211; D"},"content":{"rendered":"<ul>\n<li>Baterie alkaliczne Energizer Max Plus D, opakowanie 2 szt.<\/li>\n<li>D\u0142ugotrwa\u0142e: Niezawodne zasilanie zapewniaj\u0105ce nieprzerwan\u0105 prac\u0119 Twoich urz\u0105dze\u0144<\/li>\n<li>Moc, kt\u00f3rej mo\u017cesz zaufa\u0107: Baterii alkalicznych Energizer u\u017cywaj do najpotrzebniejszych urz\u0105dze\u0144, takich jak zabawki, radia, latarki i inne<\/li>\n<li>Niezawodno\u015b\u0107: Baterie alkaliczne Max Plus D maj\u0105 nawet 10-letni okres przydatno\u015bci do u\u017cycia, dzi\u0119ki czemu s\u0105 gotowe zawsze wtedy, gdy ich potrzebujesz<\/li>\n<li>Innowacje Energizer: Od producenta najd\u0142u\u017cej dzia\u0142aj\u0105cej baterii AA na \u015bwiecie &#8211; Energizer Ultimate Lithium<\/li>\n<li>Opakowanie w 100% nadaj\u0105ce si\u0119 do recyklingu: Opakowania Energizer wspieraj\u0105 odpowiedzialn\u0105 gospodark\u0119 le\u015bn\u0105 i nie zawieraj\u0105 plastiku, z wyj\u0105tkiem plomb w wybranych opakowaniach<\/li>\n<\/ul>\n","protected":false},"excerpt":{"rendered":"<p>Wykorzystaj w pe\u0142ni swoje niezb\u0119dne urz\u0105dzenia dzi\u0119ki <span class=\"jsx-1045662379 change-context added\">niezawodnemu zasilaniu<\/span>, akiego mo\u017cesz oczekiwa\u0107 od baterii alkalicznych Energizer. Zaopatrz si\u0119 w baterie Max Plus D i u\u017cywaj ich do latarek i pilot\u00f3w zdalnego sterowania, a tak\u017ce do latarek, przeno\u015bnych radioodbiornik\u00f3w, zabawek i nie tylko. Baterie Energizer u\u017cywaj\u00a0Max Plus D zapewniaj\u0105 zasilanie nawet przez 10 lat podczas przechowywania.Seria Energizer Max Plus obejmuje r\u00f3wnie\u017c baterie AA, AAA, C i 9V, wi\u0119c \u0142atwo jest znale\u017a\u0107 niezawodne zasilanie w potrzebnym rozmiarze.<\/p>\n","protected":false},"featured_media":0,"template":"","meta":{"_acf_changed":false},"product_brand":[],"product_cat":[87],"product_tag":[],"class_list":{"0":"post-3411","1":"product","2":"type-product","3":"status-publish","5":"product_cat-energizer-max-plus","7":"first","8":"instock","9":"shipping-taxable","10":"product-type-simple"},"acf":[],"_links":{"self":[{"href":"https:\/\/energizer.com\/eu\/poland\/wp-json\/wp\/v2\/product\/3411","targetHints":{"allow":["GET"]}}],"collection":[{"href":"https:\/\/energizer.com\/eu\/poland\/wp-json\/wp\/v2\/product"}],"about":[{"href":"https:\/\/energizer.com\/eu\/poland\/wp-json\/wp\/v2\/types\/product"}],"version-history":[{"count":23,"href":"https:\/\/energizer.com\/eu\/poland\/wp-json\/wp\/v2\/product\/3411\/revisions"}],"predecessor-version":[{"id":10919,"href":"https:\/\/energizer.com\/eu\/poland\/wp-json\/wp\/v2\/product\/3411\/revisions\/10919"}],"wp:attachment":[{"href":"https:\/\/energizer.com\/eu\/poland\/wp-json\/wp\/v2\/media?parent=3411"}],"wp:term":[{"taxonomy":"product_brand","embeddable":true,"href":"https:\/\/energizer.com\/eu\/poland\/wp-json\/wp\/v2\/product_brand?post=3411"},{"taxonomy":"product_cat","embeddable":true,"href":"https:\/\/energizer.com\/eu\/poland\/wp-json\/wp\/v2\/product_cat?post=3411"},{"taxonomy":"product_tag","embeddable":true,"href":"https:\/\/energizer.com\/eu\/poland\/wp-json\/wp\/v2\/product_tag?post=3411"}],"curies":[{"name":"wp","href":"https:\/\/api.w.org\/{rel}","templated":true}]}}