{"id":3424,"date":"2024-05-13T08:18:10","date_gmt":"2024-05-13T08:18:10","guid":{"rendered":"http:\/\/64.91.246.76\/~energizer\/?post_type=product&#038;p=3424"},"modified":"2024-10-11T12:48:36","modified_gmt":"2024-10-11T12:48:36","slug":"energizer-alkaline-power-aaa","status":"publish","type":"product","link":"https:\/\/energizer.com\/eu\/poland\/product\/energizer-alkaline-power-aaa\/","title":{"rendered":"ENERGIZER\u00ae ALKALINE POWER &#8211; AAA"},"content":{"rendered":"<ul>\n<li>Baterie alkaliczne Energizer Alkaline Power AAA, opakowanie 4 szt.<\/li>\n<li>D\u0142ugotrwa\u0142e dzia\u0142anie: A\u017c do 50% d\u0142u\u017cszego dzia\u0142ania w por\u00f3wnianiu do minimalnego \u015bredniego czasu dzia\u0142ania w latarkach przeno\u015bnych zgodnie z norm\u0105 IEC 2015<\/li>\n<li>Moc, kt\u00f3rej mo\u017cesz zaufa\u0107: Baterie Alkaline Power zasil\u0105 najpotrzebniejsze urz\u0105dzenia codziennego u\u017cytku, takie\u00a0jak zegary, latarki, lampki i kontrolery<\/li>\n<li>Niezawodno\u015b\u0107: Ka\u017cda bateria alkaliczna <span class=\"jsx-1045662379 change-context added\">Alkaline Power\u00a0 <\/span>AAA\u00a0 ma nawet 7-letni okres przydatno\u015bci, dzi\u0119ki czemu jest gotowa do u\u017cycia zawsze, gdy jej potrzebujesz<\/li>\n<li>Innowacje Energizer: Od producent\u00f3w\u00a0 najd\u0142u\u017cej dzia\u0142aj\u0105cej baterii AA na \u015bwiecie &#8211; Energizer Ultimate Lithium<\/li>\n<li>Opakowanie w 100% nadaj\u0105ce si\u0119 do recyklingu: Opakowania Energizer\u00a0 wspieraj\u0105 odpowiedzialn\u0105 gospodark\u0119 le\u015bn\u0105 i nie zawieraj\u0105 plastiku, z wyj\u0105tkiem plomb w na wybranych opakowaniach<\/li>\n<li>Zawiera materia\u0142y z recyklingu: * Do 10% stali z recyklingu. Tylko AA\/AAA. Specjalnie oznakowane\u00a0opakowania<\/li>\n<\/ul>\n","protected":false},"excerpt":{"rendered":"<p>Wykorzystaj w pe\u0142ni swoje najwa\u017cniejsze urz\u0105dzenia dzi\u0119ki niezawodnej, d\u0142u\u017cszej \u017cywotno\u015bci, jakiej mo\u017cesz oczekiwa\u0107 od baterii Energizer. Zaopatrz si\u0119 w baterie AAA do kontroler\u00f3w do gier i aparat\u00f3w fotograficznych, a tak\u017ce baterie alkaliczne Energizer AAA do o\u015bwietlenia, pilot\u00f3w, zegar\u00f3w i zabawek. Ka\u017cda bateria AAA Energizer Alkaline Power zachowuje moc nawet przez 7 lat przechowywania. Z Energizer, moc jest gotowa, gdy tylko jej potrzebujesz. Seria Energizer Alkaline Power obejmuje r\u00f3wnie\u017c baterie AA, C, D i 9V, wi\u0119c \u0142atwo jest znale\u017a\u0107 niezawodne zasilanie w potrzebnym rozmiarze.<\/p>\n","protected":false},"featured_media":0,"template":"","meta":{"_acf_changed":false},"product_brand":[],"product_cat":[57],"product_tag":[],"class_list":{"0":"post-3424","1":"product","2":"type-product","3":"status-publish","5":"product_cat-alkaline-power","7":"first","8":"instock","9":"shipping-taxable","10":"product-type-simple"},"acf":[],"_links":{"self":[{"href":"https:\/\/energizer.com\/eu\/poland\/wp-json\/wp\/v2\/product\/3424","targetHints":{"allow":["GET"]}}],"collection":[{"href":"https:\/\/energizer.com\/eu\/poland\/wp-json\/wp\/v2\/product"}],"about":[{"href":"https:\/\/energizer.com\/eu\/poland\/wp-json\/wp\/v2\/types\/product"}],"version-history":[{"count":18,"href":"https:\/\/energizer.com\/eu\/poland\/wp-json\/wp\/v2\/product\/3424\/revisions"}],"predecessor-version":[{"id":10842,"href":"https:\/\/energizer.com\/eu\/poland\/wp-json\/wp\/v2\/product\/3424\/revisions\/10842"}],"wp:attachment":[{"href":"https:\/\/energizer.com\/eu\/poland\/wp-json\/wp\/v2\/media?parent=3424"}],"wp:term":[{"taxonomy":"product_brand","embeddable":true,"href":"https:\/\/energizer.com\/eu\/poland\/wp-json\/wp\/v2\/product_brand?post=3424"},{"taxonomy":"product_cat","embeddable":true,"href":"https:\/\/energizer.com\/eu\/poland\/wp-json\/wp\/v2\/product_cat?post=3424"},{"taxonomy":"product_tag","embeddable":true,"href":"https:\/\/energizer.com\/eu\/poland\/wp-json\/wp\/v2\/product_tag?post=3424"}],"curies":[{"name":"wp","href":"https:\/\/api.w.org\/{rel}","templated":true}]}}