{"id":3426,"date":"2024-05-13T08:17:34","date_gmt":"2024-05-13T08:17:34","guid":{"rendered":"http:\/\/64.91.246.76\/~energizer\/?post_type=product&#038;p=3426"},"modified":"2024-10-18T08:03:08","modified_gmt":"2024-10-18T08:03:08","slug":"energizer-alkaline-power-c","status":"publish","type":"product","link":"https:\/\/energizer.com\/eu\/poland\/product\/energizer-alkaline-power-c\/","title":{"rendered":"ENERGIZER\u00ae ALKALINE POWER &#8211; C"},"content":{"rendered":"<ul>\n<li>Baterie alkaliczne Energizer Alkaline Power C, opakowanie 2 szt.<\/li>\n<li>D\u0142ugotrwa\u0142e dzia\u0142anie: Niezawodna moc, kt\u00f3ra zapewni dzia\u0142anie Twoich urz\u0105dze\u0144<\/li>\n<li>Moc, kt\u00f3rej mo\u017cesz zaufa\u0107: Baterie Alkaline Power zasil\u0105 najpotrzebniejsze urz\u0105dzenia codziennego u\u017cytku, takie jak zabawki, przeno\u015bne radia, latarki i inne<\/li>\n<li>Niezawodno\u015b\u0107: Baterie alkaliczne Alkaline Power C maj\u0105 nawet 7-letni okres przydatno\u015bci do u\u017cycia, dzi\u0119ki czemu s\u0105 gotowe zawsze wtedy, gdy ich potrzebujesz<\/li>\n<li>Innowacje Energizer: Od producent\u00f3w najd\u0142u\u017cej dzia\u0142aj\u0105cej baterii AA na \u015bwiecie &#8211; Energizer Ultimate Lithium<\/li>\n<li>\n<div class=\"jsx-2120556783 annotation-content\">\n<div class=\"jsx-2120556783 comment-privacy-wrapper\">Opakowanie w 100% nadaj\u0105ce si\u0119 do recyklingu: Opakowania Energizer wspieraj\u0105 odpowiedzialn\u0105 gospodark\u0119 le\u015bn\u0105 i nie zawieraj\u0105 plastiku, z wyj\u0105tkiem plomb w wybranych opakowaniach<\/div>\n<\/div>\n<div class=\"jsx-2120556783 status-assigned-to-wrapper\">\n<div class=\"jsx-2120556783 status\"><\/div>\n<\/div>\n<\/li>\n<\/ul>\n","protected":false},"excerpt":{"rendered":"<p>Wykorzystaj w pe\u0142ni swoje najpotrzebniejsze urz\u0105dzenia dzi\u0119ki niezawodnej, d\u0142u\u017cszej \u017cywotno\u015bci, jakiej mo\u017cesz oczekiwa\u0107 od Energizer. Zaopatrz si\u0119 w baterie alkaliczne Energizer C do aparat\u00f3w fotograficznych, a tak\u017ce baterie do latarek, pilot\u00f3w, g\u0142o\u015bnik\u00f3w bluetooth i zabawek. Te baterie alkaliczne w rozmiarze C zachowuj\u0105 moc do 7 lat podczas przechowywania. Z Energizer, moc jest gotowa, gdy tylko jej potrzebujesz. Seria Energizer Alkaline Power obejmuje r\u00f3wnie\u017c baterie AA, AAA, D i 9V, wi\u0119c \u0142atwo jest znale\u017a\u0107 niezawodne zasilanie w potrzebnym rozmiarze.<\/p>\n","protected":false},"featured_media":0,"template":"","meta":{"_acf_changed":false},"product_brand":[],"product_cat":[57],"product_tag":[],"class_list":{"0":"post-3426","1":"product","2":"type-product","3":"status-publish","5":"product_cat-alkaline-power","7":"first","8":"instock","9":"shipping-taxable","10":"product-type-simple"},"acf":[],"_links":{"self":[{"href":"https:\/\/energizer.com\/eu\/poland\/wp-json\/wp\/v2\/product\/3426","targetHints":{"allow":["GET"]}}],"collection":[{"href":"https:\/\/energizer.com\/eu\/poland\/wp-json\/wp\/v2\/product"}],"about":[{"href":"https:\/\/energizer.com\/eu\/poland\/wp-json\/wp\/v2\/types\/product"}],"version-history":[{"count":18,"href":"https:\/\/energizer.com\/eu\/poland\/wp-json\/wp\/v2\/product\/3426\/revisions"}],"predecessor-version":[{"id":10920,"href":"https:\/\/energizer.com\/eu\/poland\/wp-json\/wp\/v2\/product\/3426\/revisions\/10920"}],"wp:attachment":[{"href":"https:\/\/energizer.com\/eu\/poland\/wp-json\/wp\/v2\/media?parent=3426"}],"wp:term":[{"taxonomy":"product_brand","embeddable":true,"href":"https:\/\/energizer.com\/eu\/poland\/wp-json\/wp\/v2\/product_brand?post=3426"},{"taxonomy":"product_cat","embeddable":true,"href":"https:\/\/energizer.com\/eu\/poland\/wp-json\/wp\/v2\/product_cat?post=3426"},{"taxonomy":"product_tag","embeddable":true,"href":"https:\/\/energizer.com\/eu\/poland\/wp-json\/wp\/v2\/product_tag?post=3426"}],"curies":[{"name":"wp","href":"https:\/\/api.w.org\/{rel}","templated":true}]}}