{"id":3430,"date":"2024-05-13T07:56:00","date_gmt":"2024-05-13T07:56:00","guid":{"rendered":"http:\/\/64.91.246.76\/~energizer\/?post_type=product&#038;p=3430"},"modified":"2024-10-11T12:38:55","modified_gmt":"2024-10-11T12:38:55","slug":"energizer-alkaline-power-9v","status":"publish","type":"product","link":"https:\/\/energizer.com\/eu\/poland\/product\/energizer-alkaline-power-9v\/","title":{"rendered":"ENERGIZER\u00ae ALKALINE POWER &#8211; 9V"},"content":{"rendered":"<ul>\n<li>Baterie <span class=\"jsx-1045662379 change-context added\">alkaliczne<\/span> Energizer Alkaline Power 9V, opakowanie 1 szt.<\/li>\n<li>D\u0142ugotrwa\u0142e dzia\u0142anie: Niezawodna moc, kt\u00f3ra\u00a0zapewni dzia\u0142anie Twoich urz\u0105dze\u0144<\/li>\n<li>Moc, kt\u00f3rej mo\u017cesz zaufa\u0107: Baterii alkalicznych 9V u\u017cywaj do najpotrzebniejszych przedmiot\u00f3w codziennego u\u017cytku, takich jak czujniki dymu, piloty, zabawki i dzwonki do drzwi<\/li>\n<li>Niezawodno\u015b\u0107: Ka\u017cda bateria alkaliczna Alkaline Power 9V ma okres trwa\u0142o\u015bci do 5 lat, dzi\u0119ki czemu jest gotowa do u\u017cycia zawsze, gdy jest potrzebna<\/li>\n<li>Innowacje Energizer: Od producent\u00f3w najd\u0142u\u017cej dzia\u0142aj\u0105cej baterii AA na \u015bwiecie &#8211; Energizer Ultimate Lithium<\/li>\n<li>Opakowanie w 100% nadaj\u0105ce si\u0119 do recyklingu: Opakowania Energizer\u00a0 wspieraj\u0105 odpowiedzialn\u0105 gospodark\u0119 le\u015bn\u0105 i nie zawieraj\u0105 plastiku, z wyj\u0105tkiem plomb w wybranych opakowaniach<\/li>\n<\/ul>\n","protected":false},"excerpt":{"rendered":"<p>Wykorzystaj w pe\u0142ni swoje najwa\u017cniejsze urz\u0105dzenia dzi\u0119ki niezawodnej, d\u0142u\u017cszej \u017cywotno\u015bci, jakiej mo\u017cesz oczekiwa\u0107 od baterii Energizer. Zaopatrz si\u0119 w baterie 9 V do czujnik\u00f3w dymu i golarek, a tak\u017ce baterie do dzwonk\u00f3w do drzwi. Ten zestaw jest r\u00f3wnie\u017c doskona\u0142ym wyborem, je\u015bli potrzebujesz godnej zaufania baterii do latarki. Baterie 9V Energizer Alkaline Power zachowuj\u0105 moc do 3 lat podczas przechowywania. Z Energizer, moc jest gotowa, gdy tylko jej potrzebujesz. Seria Energizer Alkaline Power obejmuje r\u00f3wnie\u017c baterie AA, AAA, C i D, wi\u0119c \u0142atwo jest znale\u017a\u0107 niezawodne zasilanie w potrzebnym rozmiarze.<\/p>\n","protected":false},"featured_media":0,"template":"","meta":{"_acf_changed":false},"product_brand":[],"product_cat":[57],"product_tag":[],"class_list":{"0":"post-3430","1":"product","2":"type-product","3":"status-publish","5":"product_cat-alkaline-power","7":"first","8":"instock","9":"shipping-taxable","10":"product-type-simple"},"acf":[],"_links":{"self":[{"href":"https:\/\/energizer.com\/eu\/poland\/wp-json\/wp\/v2\/product\/3430","targetHints":{"allow":["GET"]}}],"collection":[{"href":"https:\/\/energizer.com\/eu\/poland\/wp-json\/wp\/v2\/product"}],"about":[{"href":"https:\/\/energizer.com\/eu\/poland\/wp-json\/wp\/v2\/types\/product"}],"version-history":[{"count":18,"href":"https:\/\/energizer.com\/eu\/poland\/wp-json\/wp\/v2\/product\/3430\/revisions"}],"predecessor-version":[{"id":10837,"href":"https:\/\/energizer.com\/eu\/poland\/wp-json\/wp\/v2\/product\/3430\/revisions\/10837"}],"wp:attachment":[{"href":"https:\/\/energizer.com\/eu\/poland\/wp-json\/wp\/v2\/media?parent=3430"}],"wp:term":[{"taxonomy":"product_brand","embeddable":true,"href":"https:\/\/energizer.com\/eu\/poland\/wp-json\/wp\/v2\/product_brand?post=3430"},{"taxonomy":"product_cat","embeddable":true,"href":"https:\/\/energizer.com\/eu\/poland\/wp-json\/wp\/v2\/product_cat?post=3430"},{"taxonomy":"product_tag","embeddable":true,"href":"https:\/\/energizer.com\/eu\/poland\/wp-json\/wp\/v2\/product_tag?post=3430"}],"curies":[{"name":"wp","href":"https:\/\/api.w.org\/{rel}","templated":true}]}}