{"id":4095,"date":"2024-05-15T13:18:37","date_gmt":"2024-05-15T13:18:37","guid":{"rendered":"https:\/\/23b13e8ab3.nxcli.io\/poland\/?post_type=product&#038;p=4095"},"modified":"2024-08-22T05:10:15","modified_gmt":"2024-08-22T05:10:15","slug":"energizer-hearing-aid-batteries-675","status":"publish","type":"product","link":"https:\/\/energizer.com\/eu\/poland\/product\/energizer-hearing-aid-batteries-675\/","title":{"rendered":"ENERGIZER\u00ae HEARING AID BATTERIES \u2013 675"},"content":{"rendered":"<ul>\n<li>Baterie Energizer 675 do aparat\u00f3w s\u0142uchowych, br\u0105zowa zak\u0142adka<\/li>\n<li>Najd\u0142u\u017cej trwaj\u0105ce: Te najd\u0142u\u017cej dzia\u0142aj\u0105ce 675 baterii do aparat\u00f3w s\u0142uchowych firmy s\u0105 odpowiednie dla r\u00f3\u017cnych aparat\u00f3w s\u0142uchowych<\/li>\n<li>Zaufana moc: Ka\u017cda bateria Energizer 675 mo\u017ce by\u0107 przechowywana nawet przez 4 lata, wi\u0119c zawsze jest gotowa, gdy jej potrzebujesz<\/li>\n<li>Praktyczny: Opakowanie chroni baterie cynkowo-powietrzne do aparat\u00f3w s\u0142uchowych na swoim miejscu, a d\u0142ugie, kolorowe wypustki baterii u\u0142atwiaj\u0105 ich obs\u0142ug\u0119<\/li>\n<li>Innowacje Energizera: Od producent\u00f3w pierwszej na \u015bwiecie dost\u0119pnej na rynku baterii do aparat\u00f3w s\u0142uchowych o zerowej zawarto\u015bci rt\u0119ci<\/li>\n<\/ul>\n","protected":false},"excerpt":{"rendered":"<p>Wykorzystaj w pe\u0142ni mo\u017cliwo\u015bci swojego aparatu s\u0142uchowego dzi\u0119ki niezawodnej mocy baterii Energizer Hearing Aid 675. Baterie Energizer 675 z niebiesk\u0105 zak\u0142adk\u0105 zapewniaj\u0105 sta\u0142\u0105 jako\u015b\u0107 d\u017awi\u0119ku przez ca\u0142y okres u\u017cytkowania, zapewniaj\u0105c lepsze wra\u017cenia s\u0142uchowe. Perforowane opakowanie baterii jest dyskretne i przeno\u015bne. Po prostu obr\u00f3\u0107 dwustronne pokr\u0119t\u0142o, aby uzyska\u0107 dost\u0119p do baterii, zamontuj j\u0105 w urz\u0105dzeniu za pomoc\u0105 por\u0119cznych d\u0142ugich wypustek i zamknij komor\u0119 baterii, aby bezpiecznie przechowywa\u0107 pozosta\u0142e baterie w \u015brodku. Gama baterii Energizer Hearing Aid obejmuje r\u00f3wnie\u017c baterie 13, 10 i 312, wi\u0119c \u0142atwo znale\u017a\u0107 niezawodn\u0105 energi\u0119 w rozmiarze, kt\u00f3rego potrzebujesz.<\/p>\n","protected":false},"featured_media":0,"template":"","meta":{"_acf_changed":false},"product_brand":[],"product_cat":[32],"product_tag":[],"class_list":{"0":"post-4095","1":"product","2":"type-product","3":"status-publish","5":"product_cat-hearing-aid","7":"first","8":"instock","9":"shipping-taxable","10":"product-type-simple"},"acf":[],"_links":{"self":[{"href":"https:\/\/energizer.com\/eu\/poland\/wp-json\/wp\/v2\/product\/4095","targetHints":{"allow":["GET"]}}],"collection":[{"href":"https:\/\/energizer.com\/eu\/poland\/wp-json\/wp\/v2\/product"}],"about":[{"href":"https:\/\/energizer.com\/eu\/poland\/wp-json\/wp\/v2\/types\/product"}],"version-history":[{"count":10,"href":"https:\/\/energizer.com\/eu\/poland\/wp-json\/wp\/v2\/product\/4095\/revisions"}],"predecessor-version":[{"id":9716,"href":"https:\/\/energizer.com\/eu\/poland\/wp-json\/wp\/v2\/product\/4095\/revisions\/9716"}],"wp:attachment":[{"href":"https:\/\/energizer.com\/eu\/poland\/wp-json\/wp\/v2\/media?parent=4095"}],"wp:term":[{"taxonomy":"product_brand","embeddable":true,"href":"https:\/\/energizer.com\/eu\/poland\/wp-json\/wp\/v2\/product_brand?post=4095"},{"taxonomy":"product_cat","embeddable":true,"href":"https:\/\/energizer.com\/eu\/poland\/wp-json\/wp\/v2\/product_cat?post=4095"},{"taxonomy":"product_tag","embeddable":true,"href":"https:\/\/energizer.com\/eu\/poland\/wp-json\/wp\/v2\/product_tag?post=4095"}],"curies":[{"name":"wp","href":"https:\/\/api.w.org\/{rel}","templated":true}]}}