{"id":4180,"date":"2024-05-16T06:47:11","date_gmt":"2024-05-16T06:47:11","guid":{"rendered":"https:\/\/23b13e8ab3.nxcli.io\/poland\/?post_type=product&#038;p=4180"},"modified":"2024-11-22T06:12:49","modified_gmt":"2024-11-22T06:12:49","slug":"nergizer-electronic-batteries-lr44-a76","status":"publish","type":"product","link":"https:\/\/energizer.com\/eu\/poland\/product\/nergizer-electronic-batteries-lr44-a76\/","title":{"rendered":"BATERIE ENERGIZER\u00ae DO URZ\u0104DZE\u0143 ELEKTRONICZNYCH \u2013 LR44\/A76"},"content":{"rendered":"<ul>\n<li>Alkaliczna bateria pastylkowa Energizer LR44\/A76<\/li>\n<li>Wystarcza na d\u0142ugo: Niezawodna moc, kt\u00f3ra sprawi, \u017ce Twoje urz\u0105dzenia b\u0119d\u0105 dzia\u0142a\u0107<\/li>\n<li>Moc, kt\u00f3rej mo\u017cesz zaufa\u0107: Zapewnia d\u0142ugotrwa\u0142e, niezawodne dzia\u0142anie w urz\u0105dzeniach specjalistycznych, takich jak wska\u017aniki laserowe, piloty, systemy dost\u0119pu bezkluczykowego, zegarki i zabawki<\/li>\n<li>Niezawodno\u015b\u0107: Ka\u017cda bateria LR44\/A76 zachowuje moc nawet przez 3 lata przechowywania, dzi\u0119ki czemu s\u0105 zawsze gotowe, gdy ich potrzebujesz<\/li>\n<li>Specyfikacja: Rozmiar LR44\/A76 (lub V13GA, 4276, KA76), Typ: alkaliczna, Napi\u0119cie: 1,5 V<\/li>\n<li>Innowacje Energizera: Od tw\u00f3rc\u00f3w najd\u0142u\u017cej dzia\u0142aj\u0105cej baterii AA na \u015bwiecie, Energizer Ultimate Lithium<\/li>\n<\/ul>\n","protected":false},"excerpt":{"rendered":"<p>Wykorzystaj w pe\u0142ni swoje podstawowe urz\u0105dzenia dzi\u0119ki niezawodnemu, trwa\u0142emu zasilaniu, jakiego mo\u017cesz oczekiwa\u0107 od Energizer. Zaopatrz si\u0119 w baterie alkaliczne Energizer LR44\/A76 do zegark\u00f3w, pulsometr\u00f3w, pilot\u00f3w, system\u00f3w dost\u0119pu bezkluczykowego i zabawek. Baterie specjalistyczne Energizer LR44\/A76 zachowuj\u0105 energi\u0119 nawet przez 3 lata podczas przechowywania, wi\u0119c s\u0105 zawsze gotowe, gdy tylko ich potrzebujesz. Gama baterii Energizer obejmuje r\u00f3wnie\u017c baterie 2032, 2025 i 2016, wi\u0119c \u0142atwo znale\u017a\u0107 niezawodn\u0105 energi\u0119 w rozmiarze, kt\u00f3rego potrzebujesz.<\/p>\n","protected":false},"featured_media":0,"template":"","meta":{"_acf_changed":false},"product_brand":[],"product_cat":[58],"product_tag":[],"class_list":{"0":"post-4180","1":"product","2":"type-product","3":"status-publish","5":"product_cat-specialty","7":"first","8":"instock","9":"shipping-taxable","10":"product-type-simple"},"acf":[],"_links":{"self":[{"href":"https:\/\/energizer.com\/eu\/poland\/wp-json\/wp\/v2\/product\/4180","targetHints":{"allow":["GET"]}}],"collection":[{"href":"https:\/\/energizer.com\/eu\/poland\/wp-json\/wp\/v2\/product"}],"about":[{"href":"https:\/\/energizer.com\/eu\/poland\/wp-json\/wp\/v2\/types\/product"}],"version-history":[{"count":14,"href":"https:\/\/energizer.com\/eu\/poland\/wp-json\/wp\/v2\/product\/4180\/revisions"}],"predecessor-version":[{"id":11106,"href":"https:\/\/energizer.com\/eu\/poland\/wp-json\/wp\/v2\/product\/4180\/revisions\/11106"}],"wp:attachment":[{"href":"https:\/\/energizer.com\/eu\/poland\/wp-json\/wp\/v2\/media?parent=4180"}],"wp:term":[{"taxonomy":"product_brand","embeddable":true,"href":"https:\/\/energizer.com\/eu\/poland\/wp-json\/wp\/v2\/product_brand?post=4180"},{"taxonomy":"product_cat","embeddable":true,"href":"https:\/\/energizer.com\/eu\/poland\/wp-json\/wp\/v2\/product_cat?post=4180"},{"taxonomy":"product_tag","embeddable":true,"href":"https:\/\/energizer.com\/eu\/poland\/wp-json\/wp\/v2\/product_tag?post=4180"}],"curies":[{"name":"wp","href":"https:\/\/api.w.org\/{rel}","templated":true}]}}