{"id":4188,"date":"2024-05-16T06:59:37","date_gmt":"2024-05-16T06:59:37","guid":{"rendered":"https:\/\/23b13e8ab3.nxcli.io\/poland\/?post_type=product&#038;p=4188"},"modified":"2024-11-22T06:16:06","modified_gmt":"2024-11-22T06:16:06","slug":"energizer-electronic-batteries-lr1-e90","status":"publish","type":"product","link":"https:\/\/energizer.com\/eu\/poland\/product\/energizer-electronic-batteries-lr1-e90\/","title":{"rendered":"BATERIE ENERGIZER\u00ae DO URZ\u0104DZE\u0143 ELEKTRONICZNYCH \u2013 LR1\/E90"},"content":{"rendered":"<ul>\n<li>czytniki e-book\u00f3w<\/li>\n<li>przeno\u015bne konsole do gier<\/li>\n<li>organizery osobiste<\/li>\n<li>gry i zabawki elektroniczne<\/li>\n<li>komputery<\/li>\n<li>piloty<\/li>\n<li>piel\u0119gnacja osobista<\/li>\n<li>kalkulatory<\/li>\n<li>systemy bezkluczykowe<\/li>\n<li>piloty do gara\u017cu<\/li>\n<li>termometry cyfrowe<\/li>\n<li>ci\u015bnieniomierze<\/li>\n<li>ma\u0142e sprz\u0119ty medyczne do u\u017cytku w domu<\/li>\n<\/ul>\n","protected":false},"excerpt":{"rendered":"<p>Energizer\u00ae\u00a0od dziesi\u0119cioleci jest \u015bwiatowym liderem w dziedzinie ma\u0142ych baterii do elektroniki. Mo\u017cesz wi\u0119c polega\u0107 na precyzyjnej konstrukcji baterii do zasilania wszystkich ma\u0142ych urz\u0105dze\u0144 elektronicznych, od glukometr\u00f3w i opasek fitness po najnowsze gry i zabawki.<\/p>\n","protected":false},"featured_media":0,"template":"","meta":{"_acf_changed":false},"product_brand":[],"product_cat":[58],"product_tag":[],"class_list":{"0":"post-4188","1":"product","2":"type-product","3":"status-publish","5":"product_cat-specialty","7":"first","8":"instock","9":"shipping-taxable","10":"product-type-simple"},"acf":[],"_links":{"self":[{"href":"https:\/\/energizer.com\/eu\/poland\/wp-json\/wp\/v2\/product\/4188","targetHints":{"allow":["GET"]}}],"collection":[{"href":"https:\/\/energizer.com\/eu\/poland\/wp-json\/wp\/v2\/product"}],"about":[{"href":"https:\/\/energizer.com\/eu\/poland\/wp-json\/wp\/v2\/types\/product"}],"version-history":[{"count":12,"href":"https:\/\/energizer.com\/eu\/poland\/wp-json\/wp\/v2\/product\/4188\/revisions"}],"predecessor-version":[{"id":11114,"href":"https:\/\/energizer.com\/eu\/poland\/wp-json\/wp\/v2\/product\/4188\/revisions\/11114"}],"wp:attachment":[{"href":"https:\/\/energizer.com\/eu\/poland\/wp-json\/wp\/v2\/media?parent=4188"}],"wp:term":[{"taxonomy":"product_brand","embeddable":true,"href":"https:\/\/energizer.com\/eu\/poland\/wp-json\/wp\/v2\/product_brand?post=4188"},{"taxonomy":"product_cat","embeddable":true,"href":"https:\/\/energizer.com\/eu\/poland\/wp-json\/wp\/v2\/product_cat?post=4188"},{"taxonomy":"product_tag","embeddable":true,"href":"https:\/\/energizer.com\/eu\/poland\/wp-json\/wp\/v2\/product_tag?post=4188"}],"curies":[{"name":"wp","href":"https:\/\/api.w.org\/{rel}","templated":true}]}}