{"id":4215,"date":"2024-05-16T07:23:31","date_gmt":"2024-05-16T07:23:31","guid":{"rendered":"https:\/\/23b13e8ab3.nxcli.io\/poland\/?post_type=product&#038;p=4215"},"modified":"2024-11-22T06:12:25","modified_gmt":"2024-11-22T06:12:25","slug":"energizer-electronic-batteries-a27","status":"publish","type":"product","link":"https:\/\/energizer.com\/eu\/poland\/product\/energizer-electronic-batteries-a27\/","title":{"rendered":"BATERIE ENERGIZER\u00ae DO URZ\u0104DZE\u0143 ELEKTRONICZNYCH \u2013 A27"},"content":{"rendered":"<ul>\n<li>Miniaturowe baterie alkaliczne Energizer A27 12 V, zapewniaj\u0105ce d\u0142ugotrwa\u0142e i niezawodne zasilanie Twoich gad\u017cet\u00f3w<\/li>\n<li>Kompatybilne z r\u00f3\u017cnymi urz\u0105dzeniami, w tym aparatem, kontrolerami gier wideo, zestawami s\u0142uchawkowymi Bluetooth oraz monitorami poziomu glukozy i krwi<\/li>\n<li>Rozmiar baterii: A27; Typ: Miniaturowe alkaliczne; Napi\u0119cie: 12 V<\/li>\n<li>Zamiennik dla: 27A, A27BP, G27A, GP27A, L828, MN27<\/li>\n<li>Te niezawieraj\u0105ce rt\u0119ci baterie alkaliczne Energizer w odpowiedzialny spos\u00f3b zasilaj\u0105 urz\u0105dzenia, wywieraj\u0105c mniejszy wp\u0142yw na \u015brodowisko<\/li>\n<li>Pe\u0142ne mocy: Baterie specjalistyczne Energizer zosta\u0142y zbudowane tak, aby spe\u0142nia\u0107 wymagania wsp\u00f3\u0142czesnych urz\u0105dze\u0144 o du\u017cej mocy<\/li>\n<\/ul>\n","protected":false},"excerpt":{"rendered":"<p>Urz\u0105dzenia specjalne wymagaj\u0105 specjalnego poziomu energii: W\u0142a\u015bnie dlatego nasze bezrt\u0119ciowe specjalistyczne baterie Energizer A27 zapewniaj\u0105 niezawodn\u0105 moc dla wszystkich Twoich gad\u017cet\u00f3w. Niezale\u017cnie od tego, czy chodzi o zestawy s\u0142uchawkowe Bluetooth, kontrolery gier, kamery czy urz\u0105dzenia medyczne, dzi\u0119ki Energizer b\u0119dziesz mie\u0107 pewno\u015b\u0107, \u017ce dokonasz w\u0142a\u015bciwego wyboru miniaturowej baterii alkalicznej A27. Wypr\u00f3buj je i przekonaj si\u0119, jak te miniaturowe baterie radz\u0105 sobie \u015bwietnie, je\u015bli chodzi o d\u0142ugotrwa\u0142\u0105 wydajno\u015b\u0107.<\/p>\n","protected":false},"featured_media":0,"template":"","meta":{"_acf_changed":false},"product_brand":[],"product_cat":[58],"product_tag":[],"class_list":{"0":"post-4215","1":"product","2":"type-product","3":"status-publish","5":"product_cat-specialty","7":"first","8":"instock","9":"shipping-taxable","10":"product-type-simple"},"acf":[],"_links":{"self":[{"href":"https:\/\/energizer.com\/eu\/poland\/wp-json\/wp\/v2\/product\/4215","targetHints":{"allow":["GET"]}}],"collection":[{"href":"https:\/\/energizer.com\/eu\/poland\/wp-json\/wp\/v2\/product"}],"about":[{"href":"https:\/\/energizer.com\/eu\/poland\/wp-json\/wp\/v2\/types\/product"}],"version-history":[{"count":11,"href":"https:\/\/energizer.com\/eu\/poland\/wp-json\/wp\/v2\/product\/4215\/revisions"}],"predecessor-version":[{"id":11103,"href":"https:\/\/energizer.com\/eu\/poland\/wp-json\/wp\/v2\/product\/4215\/revisions\/11103"}],"wp:attachment":[{"href":"https:\/\/energizer.com\/eu\/poland\/wp-json\/wp\/v2\/media?parent=4215"}],"wp:term":[{"taxonomy":"product_brand","embeddable":true,"href":"https:\/\/energizer.com\/eu\/poland\/wp-json\/wp\/v2\/product_brand?post=4215"},{"taxonomy":"product_cat","embeddable":true,"href":"https:\/\/energizer.com\/eu\/poland\/wp-json\/wp\/v2\/product_cat?post=4215"},{"taxonomy":"product_tag","embeddable":true,"href":"https:\/\/energizer.com\/eu\/poland\/wp-json\/wp\/v2\/product_tag?post=4215"}],"curies":[{"name":"wp","href":"https:\/\/api.w.org\/{rel}","templated":true}]}}