{"id":4226,"date":"2024-05-16T07:32:36","date_gmt":"2024-05-16T07:32:36","guid":{"rendered":"https:\/\/23b13e8ab3.nxcli.io\/poland\/?post_type=product&#038;p=4226"},"modified":"2024-11-22T06:15:34","modified_gmt":"2024-11-22T06:15:34","slug":"energizer-electronic-batteries-cr2430","status":"publish","type":"product","link":"https:\/\/energizer.com\/eu\/poland\/product\/energizer-electronic-batteries-cr2430\/","title":{"rendered":"BATERIE ENERGIZER\u00ae DO URZ\u0104DZE\u0143 ELEKTRONICZNYCH \u2013 CR2430"},"content":{"rendered":"<ul>\n<li>Litowa bateria pastylkowa Energizer 2430<\/li>\n<li>Zapewnia d\u0142ugotrwa\u0142e i niezawodne dzia\u0142anie w urz\u0105dzeniach specjalistycznych, takich jak czujniki t\u0119tna, piloty, systemy dost\u0119pu bezkluczykowego, monitory poziomu glukozy, zabawki i gry<\/li>\n<li>Zachowuje moc przez maksymalnie 10 lat przechowywania, dzi\u0119ki czemu masz pewno\u015b\u0107, \u017ce pastylkowe baterie litowe b\u0119d\u0105 zawsze gotowe, gdy ich potrzebujesz<\/li>\n<li>Rozmiar baterii: 2430; IEC: CR2430; Typ: Bateria litowa; Napi\u0119cie: 3 V<\/li>\n<li>Zamiennik dla: L20, DL2430, LF12W oraz 5011LC<\/li>\n<li>Te trwa\u0142e i niezawodne baterie litowe wytrzymuj\u0105 szeroki zakres temperatur od -30\u00b0 do 60\u00b0 C<\/li>\n<\/ul>\n","protected":false},"excerpt":{"rendered":"<p>Nie daj si\u0119 zwie\u015b\u0107 ich niewielkim rozmiarom: Ta litowa bateria Energizer 2430 o napi\u0119ciu 3 V zapewnia d\u0142ugotrwa\u0142\u0105 i niezawodn\u0105 moc urz\u0105dze\u0144 zasilanych bateri\u0105 pastylkow\u0105. Od monitor\u00f3w t\u0119tna i glukozy po piloty, systemy dost\u0119pu bezkluczykowego, breloczki, zegarki, zabawki i gry \u2013 a nawet bardziej specjalistyczne urz\u0105dzenia \u2013 nasze baterie pastylkowe s\u0105 kompatybilne z urz\u0105dzeniami, kt\u00f3re pasuj\u0105 do Twojego stylu \u017cycia, dzi\u0119ki czemu mo\u017cesz kontynuowa\u0107 prac\u0119.<\/p>\n","protected":false},"featured_media":0,"template":"","meta":{"_acf_changed":false},"product_brand":[],"product_cat":[58],"product_tag":[],"class_list":{"0":"post-4226","1":"product","2":"type-product","3":"status-publish","5":"product_cat-specialty","7":"first","8":"instock","9":"shipping-taxable","10":"product-type-simple"},"acf":[],"_links":{"self":[{"href":"https:\/\/energizer.com\/eu\/poland\/wp-json\/wp\/v2\/product\/4226","targetHints":{"allow":["GET"]}}],"collection":[{"href":"https:\/\/energizer.com\/eu\/poland\/wp-json\/wp\/v2\/product"}],"about":[{"href":"https:\/\/energizer.com\/eu\/poland\/wp-json\/wp\/v2\/types\/product"}],"version-history":[{"count":11,"href":"https:\/\/energizer.com\/eu\/poland\/wp-json\/wp\/v2\/product\/4226\/revisions"}],"predecessor-version":[{"id":11112,"href":"https:\/\/energizer.com\/eu\/poland\/wp-json\/wp\/v2\/product\/4226\/revisions\/11112"}],"wp:attachment":[{"href":"https:\/\/energizer.com\/eu\/poland\/wp-json\/wp\/v2\/media?parent=4226"}],"wp:term":[{"taxonomy":"product_brand","embeddable":true,"href":"https:\/\/energizer.com\/eu\/poland\/wp-json\/wp\/v2\/product_brand?post=4226"},{"taxonomy":"product_cat","embeddable":true,"href":"https:\/\/energizer.com\/eu\/poland\/wp-json\/wp\/v2\/product_cat?post=4226"},{"taxonomy":"product_tag","embeddable":true,"href":"https:\/\/energizer.com\/eu\/poland\/wp-json\/wp\/v2\/product_tag?post=4226"}],"curies":[{"name":"wp","href":"https:\/\/api.w.org\/{rel}","templated":true}]}}