{"id":4229,"date":"2024-05-16T07:35:14","date_gmt":"2024-05-16T07:35:14","guid":{"rendered":"https:\/\/23b13e8ab3.nxcli.io\/poland\/?post_type=product&#038;p=4229"},"modified":"2024-11-22T06:12:30","modified_gmt":"2024-11-22T06:12:30","slug":"energizer-electronic-batteries-a23-e23a","status":"publish","type":"product","link":"https:\/\/energizer.com\/eu\/poland\/product\/energizer-electronic-batteries-a23-e23a\/","title":{"rendered":"BATERIE ENERGIZER\u00ae DO URZ\u0104DZE\u0143 ELEKTRONICZNYCH \u2013 A23\/E23A"},"content":{"rendered":"<ul>\n<li>Miniaturowe baterie alkaliczne Energizer A23, zapewniaj\u0105ce d\u0142ugotrwa\u0142e i niezawodne zasilanie Twoich gad\u017cet\u00f3w<\/li>\n<li>Miniaturowe baterie alkaliczne Energizer zosta\u0142y zbudowane tak, aby spe\u0142nia\u0107 wymagania urz\u0105dze\u0144 zasilanych bateriami<\/li>\n<li>Utrzymuj\u0105 moc przez okres do 3 lat przechowywania, wi\u0119c s\u0105 zawsze gotowe, gdy ich potrzebujesz<\/li>\n<li>Nadaj\u0105 si\u0119 do r\u00f3\u017cnych urz\u0105dze\u0144, w tym aparat\u00f3w fotograficznych, kalkulator\u00f3w, bezprzewodowych zestaw\u00f3w s\u0142uchawkowych i sprz\u0119tu medycznego<\/li>\n<li>Rozmiar baterii: A23; Typ: Miniaturowa alkaliczna; Napi\u0119cie: 12 V<\/li>\n<li>Zamiennik: 1181A, A23BP, DL21, DL23, MN-21B, MN21, V23GA<\/li>\n<\/ul>\n","protected":false},"excerpt":{"rendered":"<p>Urz\u0105dzenia specjalne wymagaj\u0105 specjalnego poziomu energii: W\u0142a\u015bnie dlatego nasze bezrt\u0119ciowe specjalistyczne baterie Energizer A23 zapewniaj\u0105 niezawodn\u0105 moc dla wszystkich Twoich gad\u017cet\u00f3w. Niezale\u017cnie od tego, czy chodzi o zestawy s\u0142uchawkowe Bluetooth, kontrolery gier, kamery czy urz\u0105dzenia medyczne, dzi\u0119ki Energizer b\u0119dziesz mie\u0107 pewno\u015b\u0107, \u017ce dokonasz w\u0142a\u015bciwego wyboru miniaturowej baterii alkalicznej A23. Wypr\u00f3buj je i przekonaj si\u0119, jak te miniaturowe baterie radz\u0105 sobie \u015bwietnie, je\u015bli chodzi o d\u0142ugotrwa\u0142\u0105 wydajno\u015b\u0107.<\/p>\n","protected":false},"featured_media":0,"template":"","meta":{"_acf_changed":false},"product_brand":[],"product_cat":[58],"product_tag":[],"class_list":{"0":"post-4229","1":"product","2":"type-product","3":"status-publish","5":"product_cat-specialty","7":"first","8":"instock","9":"shipping-taxable","10":"product-type-simple"},"acf":[],"_links":{"self":[{"href":"https:\/\/energizer.com\/eu\/poland\/wp-json\/wp\/v2\/product\/4229","targetHints":{"allow":["GET"]}}],"collection":[{"href":"https:\/\/energizer.com\/eu\/poland\/wp-json\/wp\/v2\/product"}],"about":[{"href":"https:\/\/energizer.com\/eu\/poland\/wp-json\/wp\/v2\/types\/product"}],"version-history":[{"count":9,"href":"https:\/\/energizer.com\/eu\/poland\/wp-json\/wp\/v2\/product\/4229\/revisions"}],"predecessor-version":[{"id":11104,"href":"https:\/\/energizer.com\/eu\/poland\/wp-json\/wp\/v2\/product\/4229\/revisions\/11104"}],"wp:attachment":[{"href":"https:\/\/energizer.com\/eu\/poland\/wp-json\/wp\/v2\/media?parent=4229"}],"wp:term":[{"taxonomy":"product_brand","embeddable":true,"href":"https:\/\/energizer.com\/eu\/poland\/wp-json\/wp\/v2\/product_brand?post=4229"},{"taxonomy":"product_cat","embeddable":true,"href":"https:\/\/energizer.com\/eu\/poland\/wp-json\/wp\/v2\/product_cat?post=4229"},{"taxonomy":"product_tag","embeddable":true,"href":"https:\/\/energizer.com\/eu\/poland\/wp-json\/wp\/v2\/product_tag?post=4229"}],"curies":[{"name":"wp","href":"https:\/\/api.w.org\/{rel}","templated":true}]}}