{"id":4255,"date":"2024-05-16T07:51:36","date_gmt":"2024-05-16T07:51:36","guid":{"rendered":"https:\/\/23b13e8ab3.nxcli.io\/poland\/?post_type=product&#038;p=4255"},"modified":"2024-11-22T06:16:41","modified_gmt":"2024-11-22T06:16:41","slug":"energizer-electronic-batteries-cr2025","status":"publish","type":"product","link":"https:\/\/energizer.com\/eu\/poland\/product\/energizer-electronic-batteries-cr2025\/","title":{"rendered":"BATERIE ENERGIZER\u00ae DO URZ\u0104DZE\u0143 ELEKTRONICZNYCH \u2013 CR2025"},"content":{"rendered":"<ul>\n<li>Litowe baterie pastylkowe Energizer CR2025<\/li>\n<li>Wystarczaj\u0105 na d\u0142ugo: Baterie litowe utrzymuj\u0105 energi\u0119 nawet przez 10 lat przechowywania, dzi\u0119ki czemu s\u0105 zawsze gotowe, gdy ich potrzebujesz<\/li>\n<li>Moc, kt\u00f3rej mo\u017cesz zaufa\u0107: Zapewniaj\u0105 d\u0142ugotrwa\u0142e i niezawodne dzia\u0142anie w urz\u0105dzeniach specjalistycznych, takich jak czujniki t\u0119tna, piloty i piloty do samochod\u00f3w, systemy dost\u0119pu bezkluczykowego, monitory poziomu glukozy i wagi<\/li>\n<li>Bezpieczne\u0144stwo: Baterie pastylkowe Energizer maj\u0105 opakowanie zabezpieczone przed dot\u0119pem dzieci<\/li>\n<li>Niezawodno\u015b\u0107: Te baterie litowe Energizer CR2025 dzia\u0142aj\u0105 w ekstremalnych temperaturach, wytrzymuj\u0105c temperatury od -30\u00b0 do 60\u00b0 C<\/li>\n<li>Innowacje Energizera: Od tw\u00f3rc\u00f3w najd\u0142u\u017cej dzia\u0142aj\u0105cej baterii AA na \u015bwiecie, Energizer Ultimate Lithium<\/li>\n<\/ul>\n","protected":false},"excerpt":{"rendered":"<p>Wykorzystaj w pe\u0142ni swoje podstawowe urz\u0105dzenia dzi\u0119ki niezawodnemu, trwa\u0142emu zasilaniu, jakiego mo\u017cesz oczekiwa\u0107 od Energizer. Zaopatrz si\u0119 w baterie CR2025 Energizer do zegark\u00f3w i urz\u0105dze\u0144 do noszenia, a tak\u017ce baterie do brelok\u00f3w, pilot\u00f3w, czujnik\u00f3w alarmowych. Ta bateria to tak\u017ce doskona\u0142y wyb\u00f3r, je\u015bli potrzebujesz nowej baterii do klucza samochodowego. Ka\u017cda bateria litowa Energizer CR2025 utrzymuje energi\u0119 przez okres do 10 lat podczas przechowywania i mo\u017ce wytrzyma\u0107 temperatury od -30\u00ba do 60\u00baC. S\u0105 r\u00f3wnie\u017c odpowiedzialnie zaprojektowane, bez rt\u0119ci i z bezpiecznym opakowaniem zabezpieczaj\u0105cym przed dzie\u0107mi.<\/p>\n","protected":false},"featured_media":0,"template":"","meta":{"_acf_changed":false},"product_brand":[],"product_cat":[58],"product_tag":[],"class_list":{"0":"post-4255","1":"product","2":"type-product","3":"status-publish","5":"product_cat-specialty","7":"first","8":"instock","9":"shipping-taxable","10":"product-type-simple"},"acf":[],"_links":{"self":[{"href":"https:\/\/energizer.com\/eu\/poland\/wp-json\/wp\/v2\/product\/4255","targetHints":{"allow":["GET"]}}],"collection":[{"href":"https:\/\/energizer.com\/eu\/poland\/wp-json\/wp\/v2\/product"}],"about":[{"href":"https:\/\/energizer.com\/eu\/poland\/wp-json\/wp\/v2\/types\/product"}],"version-history":[{"count":14,"href":"https:\/\/energizer.com\/eu\/poland\/wp-json\/wp\/v2\/product\/4255\/revisions"}],"predecessor-version":[{"id":11118,"href":"https:\/\/energizer.com\/eu\/poland\/wp-json\/wp\/v2\/product\/4255\/revisions\/11118"}],"wp:attachment":[{"href":"https:\/\/energizer.com\/eu\/poland\/wp-json\/wp\/v2\/media?parent=4255"}],"wp:term":[{"taxonomy":"product_brand","embeddable":true,"href":"https:\/\/energizer.com\/eu\/poland\/wp-json\/wp\/v2\/product_brand?post=4255"},{"taxonomy":"product_cat","embeddable":true,"href":"https:\/\/energizer.com\/eu\/poland\/wp-json\/wp\/v2\/product_cat?post=4255"},{"taxonomy":"product_tag","embeddable":true,"href":"https:\/\/energizer.com\/eu\/poland\/wp-json\/wp\/v2\/product_tag?post=4255"}],"curies":[{"name":"wp","href":"https:\/\/api.w.org\/{rel}","templated":true}]}}