{"id":4449,"date":"2024-05-29T10:45:54","date_gmt":"2024-05-29T10:45:54","guid":{"rendered":"https:\/\/23b13e8ab3.nxcli.io\/poland\/?post_type=product&#038;p=4449"},"modified":"2024-12-26T10:20:56","modified_gmt":"2024-12-26T10:20:56","slug":"energizer-photo-lithium-batteries-123","status":"publish","type":"product","link":"https:\/\/energizer.com\/eu\/poland\/product\/energizer-photo-lithium-batteries-123\/","title":{"rendered":"ENERGIZER\u00ae PHOTO LITHIUM BATTERIES \u2013 123"},"content":{"rendered":"<ul>\n<li>Bateria litowa Energizer 123 do aparat\u00f3w fotograficznych utrzymuje maksymaln\u0105 funkcjonalno\u015b\u0107 urz\u0105dzenia mimo setek robionych zdj\u0119\u0107<\/li>\n<li>Kompatybilny z dzisiejszymi urz\u0105dzeniami high-tech: Baterie Energizer do aparat\u00f3w fotograficznych zapewniaj\u0105 niezawodne dzia\u0142anie latarek, aparat\u00f3w cyfrowych, kamer cyfrowych, inteligentnych urz\u0105dze\u0144 domowych, urz\u0105dze\u0144 b\u0142yskowych, laser\u00f3w itd<\/li>\n<li>Niezawodnie gotowe, gdy ich potrzebujesz: Nasze baterie 123 do aparat\u00f3w fotograficznych zachowuj\u0105 energi\u0119 nawet przez 10 lat podczas przechowywania, wi\u0119c nie trac\u0105 na efektywno\u015bci, gdy sobie o nich przypomnisz po d\u0142ugim czasie<\/li>\n<li>Typ: litowa; napi\u0119cie: 3<\/li>\n<li>Zamiennik: DL123A, CR17345, CR123A, K123LA<\/li>\n<li>Pot\u0119\u017cny: Konstrukcja baterii Energizer do aparat\u00f3w fotograficznych jest przystosowana do wymaga\u0144 wsp\u00f3\u0142czesnych urz\u0105dze\u0144 o wysokim zapotrzebowaniu na pr\u0105d<\/li>\n<\/ul>\n","protected":false},"excerpt":{"rendered":"<p>Nie ucieknie Ci \u017caden wa\u017cny moment: Baterie fotograficzne Energizer 123 zapewniaj\u0105 precyzyjne i d\u0142ugotrwa\u0142e dzia\u0142anie aparatu i sprz\u0119tu fotograficznego. Ale zdj\u0119cia to nie wszystko. Te baterie litowe mog\u0105 r\u00f3wnie\u017c zasila\u0107 zaawansowane technologicznie latarki, aparaty cyfrowe, kamery cyfrowe, inteligentne urz\u0105dzenia domowe, lampy b\u0142yskowe, lasery i inne. Trwa\u0142o\u015b\u0107 u\u017cytkowa wynosz\u0105ca 10 lat gwarantuje, \u017ce gdy wreszcie po nie si\u0119gniesz, b\u0119d\u0105 jak nowe.<\/p>\n","protected":false},"featured_media":0,"template":"","meta":{"_acf_changed":false},"product_brand":[],"product_cat":[58],"product_tag":[],"class_list":{"0":"post-4449","1":"product","2":"type-product","3":"status-publish","5":"product_cat-specialty","7":"first","8":"instock","9":"shipping-taxable","10":"product-type-simple"},"acf":[],"_links":{"self":[{"href":"https:\/\/energizer.com\/eu\/poland\/wp-json\/wp\/v2\/product\/4449","targetHints":{"allow":["GET"]}}],"collection":[{"href":"https:\/\/energizer.com\/eu\/poland\/wp-json\/wp\/v2\/product"}],"about":[{"href":"https:\/\/energizer.com\/eu\/poland\/wp-json\/wp\/v2\/types\/product"}],"version-history":[{"count":14,"href":"https:\/\/energizer.com\/eu\/poland\/wp-json\/wp\/v2\/product\/4449\/revisions"}],"predecessor-version":[{"id":11313,"href":"https:\/\/energizer.com\/eu\/poland\/wp-json\/wp\/v2\/product\/4449\/revisions\/11313"}],"wp:attachment":[{"href":"https:\/\/energizer.com\/eu\/poland\/wp-json\/wp\/v2\/media?parent=4449"}],"wp:term":[{"taxonomy":"product_brand","embeddable":true,"href":"https:\/\/energizer.com\/eu\/poland\/wp-json\/wp\/v2\/product_brand?post=4449"},{"taxonomy":"product_cat","embeddable":true,"href":"https:\/\/energizer.com\/eu\/poland\/wp-json\/wp\/v2\/product_cat?post=4449"},{"taxonomy":"product_tag","embeddable":true,"href":"https:\/\/energizer.com\/eu\/poland\/wp-json\/wp\/v2\/product_tag?post=4449"}],"curies":[{"name":"wp","href":"https:\/\/api.w.org\/{rel}","templated":true}]}}