{"id":4454,"date":"2024-05-16T12:33:10","date_gmt":"2024-05-16T12:33:10","guid":{"rendered":"https:\/\/23b13e8ab3.nxcli.io\/poland\/?post_type=product&#038;p=4454"},"modified":"2024-11-22T06:13:04","modified_gmt":"2024-11-22T06:13:04","slug":"energizer-photo-lithium-batteries-cr2","status":"publish","type":"product","link":"https:\/\/energizer.com\/eu\/poland\/product\/energizer-photo-lithium-batteries-cr2\/","title":{"rendered":"BATERIE FOTOGRAFICZNE ENERGIZER\u00ae \u2013 CR2"},"content":{"rendered":"<ul>\n<li>Baterie fotograficzne litowe Energizer CR2 Lithium, zapewniaj\u0105ce d\u0142ugotrwa\u0142\u0105 wydajno\u015b\u0107 aparatu,klatka po klatce<\/li>\n<li>Kompatybilne z dzisiejszymi urz\u0105dzeniami high-tech: baterie fotograficzne Energizer zapewniaj\u0105 niezawodn\u0105 wydajno\u015b\u0107 w lustrzankach cyfrowych, kalkulatorach, tabletach i nie tylko<\/li>\n<li>Zawsze gotowe, gdy ich potrzebujesz: Nasze baterie fotograficzne CR2 wystarczaj\u0105 na 10 lat przechowywania, dzi\u0119ki czemu zawsze mo\u017cesz mie\u0107 energi\u0119 z baterii pod r\u0119k\u0105<\/li>\n<li>Typ: Litowa; Napi\u0119cie: 3 V<\/li>\n<li>Zamiennik dla: DLCR2, CR15H270, KCR2<\/li>\n<li>Pe\u0142ne mocy: Baterie fotograficzne Energizer zosta\u0142y zbudowane tak, aby sprosta\u0107 wymaganiom dzisiejszych urz\u0105dze\u0144 o du\u017cej mocy<\/li>\n<\/ul>\n","protected":false},"excerpt":{"rendered":"<p>Nie ucieknie Ci \u017caden wa\u017cny moment. Baterie fotograficzne Energizer CR2 zapewniaj\u0105 precyzyjn\u0105 i d\u0142ugotrwa\u0142\u0105 wydajno\u015b\u0107 cyfrowej lustrzanki jednoobiektywowej i sprz\u0119tu fotograficznego. Ale to nie koniec: Te litowe baterie mog\u0105 r\u00f3wnie\u017c zasila\u0107 inne zaawansowane technologicznie urz\u0105dzenia, takie jak kalkulator czy tablet. Dzi\u0119ki okresowi przechowywania do 10 lat mo\u017cesz mie\u0107 pewno\u015b\u0107, \u017ce pozostan\u0105 \u015bwie\u017ce, do czasu a\u017c nie b\u0119dziesz ich potrzebowa\u0107.<\/p>\n","protected":false},"featured_media":0,"template":"","meta":{"_acf_changed":false},"product_brand":[],"product_cat":[58],"product_tag":[],"class_list":{"0":"post-4454","1":"product","2":"type-product","3":"status-publish","5":"product_cat-specialty","7":"first","8":"instock","9":"shipping-taxable","10":"product-type-simple"},"acf":[],"_links":{"self":[{"href":"https:\/\/energizer.com\/eu\/poland\/wp-json\/wp\/v2\/product\/4454","targetHints":{"allow":["GET"]}}],"collection":[{"href":"https:\/\/energizer.com\/eu\/poland\/wp-json\/wp\/v2\/product"}],"about":[{"href":"https:\/\/energizer.com\/eu\/poland\/wp-json\/wp\/v2\/types\/product"}],"version-history":[{"count":12,"href":"https:\/\/energizer.com\/eu\/poland\/wp-json\/wp\/v2\/product\/4454\/revisions"}],"predecessor-version":[{"id":11107,"href":"https:\/\/energizer.com\/eu\/poland\/wp-json\/wp\/v2\/product\/4454\/revisions\/11107"}],"wp:attachment":[{"href":"https:\/\/energizer.com\/eu\/poland\/wp-json\/wp\/v2\/media?parent=4454"}],"wp:term":[{"taxonomy":"product_brand","embeddable":true,"href":"https:\/\/energizer.com\/eu\/poland\/wp-json\/wp\/v2\/product_brand?post=4454"},{"taxonomy":"product_cat","embeddable":true,"href":"https:\/\/energizer.com\/eu\/poland\/wp-json\/wp\/v2\/product_cat?post=4454"},{"taxonomy":"product_tag","embeddable":true,"href":"https:\/\/energizer.com\/eu\/poland\/wp-json\/wp\/v2\/product_tag?post=4454"}],"curies":[{"name":"wp","href":"https:\/\/api.w.org\/{rel}","templated":true}]}}