{"id":4574,"date":"2024-05-29T10:46:08","date_gmt":"2024-05-29T10:46:08","guid":{"rendered":"https:\/\/23b13e8ab3.nxcli.io\/poland\/?post_type=product&#038;p=4574"},"modified":"2024-12-26T10:21:02","modified_gmt":"2024-12-26T10:21:02","slug":"energizer-watch-batteries-377-376","status":"publish","type":"product","link":"https:\/\/energizer.com\/eu\/poland\/product\/energizer-watch-batteries-377-376\/","title":{"rendered":"ENERGIZER\u00ae WATCH BATTERIES \u2013 377\/376"},"content":{"rendered":"<p>Zalety wieloodp\u0142ywowych baterii Energizer\u00ae o zerowej zawarto\u015bci rt\u0119ci<\/p>\n<ul>\n<li>Wykazuj\u0105 \u015bwietn\u0105 wydajno\u015b\u0107 \u2014 odpowiadaj\u0105c\u0105 naszym bateriom zawieraj\u0105cym rt\u0119\u0107<\/li>\n<li>Maj\u0105 d\u0142ugi okres przydatno\u015bci u\u017cytkowej \u2014 dzi\u0119ki czemu zawsze s\u0105 gotowe do pracy, gdy tylko ich potrzebujesz<\/li>\n<\/ul>\n","protected":false},"excerpt":{"rendered":"<p>W 1957 roku firma Energizer<sup>\u00ae<\/sup>\u00a0wyprodukowa\u0142a pierwsz\u0105 bateri\u0119 do zegark\u00f3w \u2013 i ludzie przestali nakr\u0119ca\u0107 swoje zegarki. Obecnie na rynku jest dost\u0119pnych ponad 46 r\u00f3\u017cnych typ\u00f3w baterii do zegark\u00f3w. Produkt, kt\u00f3ry pocz\u0105tkowo by\u0142 bardzo prosty, teraz sta\u0142 si\u0119 niezwykle skomplikowany.<\/p>\n<p>Oferujemy kompletny asortyment baterii do wszelkiego rodzaju zegark\u00f3w elektronicznych, w tym zupe\u0142nie prze\u0142omowe rozwi\u0105zanie konstrukcyjne, kt\u00f3re przywraca pomys\u0142ow\u0105 prostot\u0119 w\u015br\u00f3d dominuj\u0105cej z\u0142o\u017cono\u015bci \u2014 model Energizer<sup>\u00ae<\/sup>\u00a0Multi Drain.<\/p>\n<p>Nowatorski sk\u0142ad chemiczny sprawia, \u017ce produkty te wykazuj\u0105 najlepsze cechy baterii szybkiego i wolnego roz\u0142adowania. Teraz potrzebujesz tylko jednej baterii, niezale\u017cnie od zapotrzebowania na energi\u0119. Technologia wielodrenowa Energizer<sup>\u00ae<\/sup>\u00a0zapewni t\u0119 sam\u0105 doskona\u0142\u0105 wydajno\u015b\u0107 we wszystkich urz\u0105dzeniach o niskim i wysokim poborze pr\u0105du, od prostego zegarka analogowego po najbardziej z\u0142o\u017cone cyfrowe zegarki elektroniczne.<\/p>\n","protected":false},"featured_media":0,"template":"","meta":{"_acf_changed":false},"product_brand":[],"product_cat":[58],"product_tag":[],"class_list":{"0":"post-4574","1":"product","2":"type-product","3":"status-publish","5":"product_cat-specialty","7":"first","8":"instock","9":"shipping-taxable","10":"product-type-simple"},"acf":[],"_links":{"self":[{"href":"https:\/\/energizer.com\/eu\/poland\/wp-json\/wp\/v2\/product\/4574","targetHints":{"allow":["GET"]}}],"collection":[{"href":"https:\/\/energizer.com\/eu\/poland\/wp-json\/wp\/v2\/product"}],"about":[{"href":"https:\/\/energizer.com\/eu\/poland\/wp-json\/wp\/v2\/types\/product"}],"version-history":[{"count":14,"href":"https:\/\/energizer.com\/eu\/poland\/wp-json\/wp\/v2\/product\/4574\/revisions"}],"predecessor-version":[{"id":11314,"href":"https:\/\/energizer.com\/eu\/poland\/wp-json\/wp\/v2\/product\/4574\/revisions\/11314"}],"wp:attachment":[{"href":"https:\/\/energizer.com\/eu\/poland\/wp-json\/wp\/v2\/media?parent=4574"}],"wp:term":[{"taxonomy":"product_brand","embeddable":true,"href":"https:\/\/energizer.com\/eu\/poland\/wp-json\/wp\/v2\/product_brand?post=4574"},{"taxonomy":"product_cat","embeddable":true,"href":"https:\/\/energizer.com\/eu\/poland\/wp-json\/wp\/v2\/product_cat?post=4574"},{"taxonomy":"product_tag","embeddable":true,"href":"https:\/\/energizer.com\/eu\/poland\/wp-json\/wp\/v2\/product_tag?post=4574"}],"curies":[{"name":"wp","href":"https:\/\/api.w.org\/{rel}","templated":true}]}}