{"id":4631,"date":"2024-05-17T06:58:42","date_gmt":"2024-05-17T06:58:42","guid":{"rendered":"https:\/\/23b13e8ab3.nxcli.io\/poland\/?post_type=product&#038;p=4631"},"modified":"2024-11-22T06:10:37","modified_gmt":"2024-11-22T06:10:37","slug":"energizer-watch-batteries-371-370","status":"publish","type":"product","link":"https:\/\/energizer.com\/eu\/poland\/product\/energizer-watch-batteries-371-370\/","title":{"rendered":"BATERIE ZEGARKOWE ENERGIZER\u00ae \u2013 371\/370"},"content":{"rendered":"<ul>\n<li>Bateria guzikowa Energizer 371\/370 z tlenkiem srebra 1,5 V<\/li>\n<li>Zapewnia d\u0142ugotrwa\u0142\u0105 i niezawodn\u0105 moc urz\u0105dze\u0144 zasilanych bateri\u0105 guzikow\u0105, takich jak sprz\u0119t medyczny, kalkulatory, zabawki i zegarki<\/li>\n<li>Utrzymuje energi\u0119 przez okres do 5 lat przechowywania, dzi\u0119ki czemu masz pewno\u015b\u0107, \u017ce baterie guzikowe b\u0119d\u0105 gotowe, gdy ich potrzebujesz<\/li>\n<li>Rozmiar baterii: 371\/370; Typ: Tlenek srebra; Wolt: 1,5<\/li>\n<li>Zamiennik: S21, 280-51, D370\/371, SR69, SR920W, SP370, RW415, SB-BN, SG6, G6, SR921, S18, 280-31, SR920SW, SP371, RW315, SB-AN, TR920SW, SG6, SR920, V371 i V370<\/li>\n<li>Nasze baterie guzikowe z tlenkiem srebra zosta\u0142y zaprojektowane w spos\u00f3b odpowiedzialny i nie zawieraj\u0105 rt\u0119ci<\/li>\n<\/ul>\n","protected":false},"excerpt":{"rendered":"<p>Istniej\u0105 zwyk\u0142e baterie specjalistyczne, a tak\u017ce baterie specjalistyczne Energizer. Uzyskaj wi\u0119c trwa\u0142e, niezawodne zasilanie dzi\u0119ki baterii guzikowej z tlenku srebra Energizer 371\/370. Zapewnia d\u0142ugotrwa\u0142e zasilanie urz\u0105dzeniom zasilanym bateriami guzikowymi, od elektroniki domowej, takiej jak systemy dost\u0119pu bezkluczykowego, przez e-booki, zabawki, kalkulatory i zegarki, po monitory t\u0119tna i glukozy. A te baterie pastylkowe o zerowej zawarto\u015bci rt\u0119ci mog\u0105 utrzyma\u0107 \u0142adunek do 5 lat. Wybierz specjalistyczne baterie Energizer, aby uzyska\u0107 d\u0142ugotrwa\u0142\u0105 moc, na kt\u00f3r\u0105 mo\u017cesz liczy\u0107, gdy jej potrzebujesz.<\/p>\n","protected":false},"featured_media":0,"template":"","meta":{"_acf_changed":false},"product_brand":[],"product_cat":[58],"product_tag":[],"class_list":{"0":"post-4631","1":"product","2":"type-product","3":"status-publish","5":"product_cat-specialty","7":"first","8":"instock","9":"shipping-taxable","10":"product-type-simple"},"acf":[],"_links":{"self":[{"href":"https:\/\/energizer.com\/eu\/poland\/wp-json\/wp\/v2\/product\/4631","targetHints":{"allow":["GET"]}}],"collection":[{"href":"https:\/\/energizer.com\/eu\/poland\/wp-json\/wp\/v2\/product"}],"about":[{"href":"https:\/\/energizer.com\/eu\/poland\/wp-json\/wp\/v2\/types\/product"}],"version-history":[{"count":11,"href":"https:\/\/energizer.com\/eu\/poland\/wp-json\/wp\/v2\/product\/4631\/revisions"}],"predecessor-version":[{"id":11097,"href":"https:\/\/energizer.com\/eu\/poland\/wp-json\/wp\/v2\/product\/4631\/revisions\/11097"}],"wp:attachment":[{"href":"https:\/\/energizer.com\/eu\/poland\/wp-json\/wp\/v2\/media?parent=4631"}],"wp:term":[{"taxonomy":"product_brand","embeddable":true,"href":"https:\/\/energizer.com\/eu\/poland\/wp-json\/wp\/v2\/product_brand?post=4631"},{"taxonomy":"product_cat","embeddable":true,"href":"https:\/\/energizer.com\/eu\/poland\/wp-json\/wp\/v2\/product_cat?post=4631"},{"taxonomy":"product_tag","embeddable":true,"href":"https:\/\/energizer.com\/eu\/poland\/wp-json\/wp\/v2\/product_tag?post=4631"}],"curies":[{"name":"wp","href":"https:\/\/api.w.org\/{rel}","templated":true}]}}