{"id":4709,"date":"2024-05-17T08:32:47","date_gmt":"2024-05-17T08:32:47","guid":{"rendered":"https:\/\/23b13e8ab3.nxcli.io\/poland\/?post_type=product&#038;p=4709"},"modified":"2024-11-22T13:23:03","modified_gmt":"2024-11-22T13:23:03","slug":"energizer-1-hour-charger","status":"publish","type":"product","link":"https:\/\/energizer.com\/eu\/poland\/product\/energizer-1-hour-charger\/","title":{"rendered":"ENERGIZER\u00ae 1 HOUR CHARGER"},"content":{"rendered":"<ul>\n<li>1-godzinowa \u0142adowarka do akumulatork\u00f3w mo\u017ce \u0142adowa\u0107 od 1 do 4 akumulatork\u00f3w NiMH AA lub AAA naraz (4 akumulatorki AA s\u0105 do\u0142\u0105czone w zestawie)<\/li>\n<li>Zapewnia pe\u0142ne na\u0142adowanie w ci\u0105gu 1 godziny lub mniej*<\/li>\n<li>Czytelny wska\u017anik na\u0142adowania akumulatork\u00f3w na bie\u017c\u0105co pokazuje stan uzupe\u0142nienia energii<\/li>\n<li>Indywidualne kana\u0142y \u0142adowania zapewniaj\u0105 elastyczno\u015b\u0107 \u0142adowania od 1 do 4 akumulator\u00f3w jednocze\u015bnie<\/li>\n<li>Kontrola temperatury zapobiega uszkodzeniom spowodowanym przegrzaniem<\/li>\n<li>Obs\u0142uguje wszystkie akumulatorki NiMH w formatach AAA i AA (zalecamy stosowanie akumulatork\u00f3w Energizer Recharge)<\/li>\n<li>Marka akumulator\u00f3w nr 1 na \u015bwiecie (wed\u0142ug danych z bada\u0144 rynku)<\/li>\n<\/ul>\n","protected":false},"excerpt":{"rendered":"<p>Poznaj \u0142adowark\u0119 Energizer o imponuj\u0105cych mo\u017cliwo\u015bciach: Ta 1-godzinowa \u0142adowarka do akumulatork\u00f3w jest godna swojej nazwy, poniewa\u017c kompletnie uzupe\u0142ni energi\u0119 w godzin\u0119 lub kr\u00f3cej*. Indywidualne kana\u0142y \u0142adowania zapewniaj\u0105 elastyczno\u015b\u0107 \u0142adowania od 1 do 4 akumulator\u00f3w NiMH typu AA lub AAA na raz. Intuicyjny wska\u017anik LED na\u0142adowania akumulatorka na bie\u017c\u0105co informuje o ilo\u015bci dostarczonej energii. Nie ma przy tym ryzyka prze\u0142adowania ani przegrzania akumulatorka: Funkcja wy\u0142\u0105czania \u0142adowania Delta V odcina zasilanie obwodu po zako\u0144czeniu \u0142adowania, wi\u0119c nie musisz si\u0119 martwi\u0107 o uszkodzenie akumulator\u00f3w lub marnowanie energii.<\/p>\n","protected":false},"featured_media":0,"template":"","meta":{"_acf_changed":false},"product_brand":[],"product_cat":[82],"product_tag":[],"class_list":{"0":"post-4709","1":"product","2":"type-product","3":"status-publish","5":"product_cat-recharge-battery-chargers","7":"first","8":"instock","9":"shipping-taxable","10":"product-type-simple"},"acf":[],"_links":{"self":[{"href":"https:\/\/energizer.com\/eu\/poland\/wp-json\/wp\/v2\/product\/4709","targetHints":{"allow":["GET"]}}],"collection":[{"href":"https:\/\/energizer.com\/eu\/poland\/wp-json\/wp\/v2\/product"}],"about":[{"href":"https:\/\/energizer.com\/eu\/poland\/wp-json\/wp\/v2\/types\/product"}],"version-history":[{"count":6,"href":"https:\/\/energizer.com\/eu\/poland\/wp-json\/wp\/v2\/product\/4709\/revisions"}],"predecessor-version":[{"id":9771,"href":"https:\/\/energizer.com\/eu\/poland\/wp-json\/wp\/v2\/product\/4709\/revisions\/9771"}],"wp:attachment":[{"href":"https:\/\/energizer.com\/eu\/poland\/wp-json\/wp\/v2\/media?parent=4709"}],"wp:term":[{"taxonomy":"product_brand","embeddable":true,"href":"https:\/\/energizer.com\/eu\/poland\/wp-json\/wp\/v2\/product_brand?post=4709"},{"taxonomy":"product_cat","embeddable":true,"href":"https:\/\/energizer.com\/eu\/poland\/wp-json\/wp\/v2\/product_cat?post=4709"},{"taxonomy":"product_tag","embeddable":true,"href":"https:\/\/energizer.com\/eu\/poland\/wp-json\/wp\/v2\/product_tag?post=4709"}],"curies":[{"name":"wp","href":"https:\/\/api.w.org\/{rel}","templated":true}]}}