{"id":4711,"date":"2024-05-17T08:34:30","date_gmt":"2024-05-17T08:34:30","guid":{"rendered":"https:\/\/23b13e8ab3.nxcli.io\/poland\/?post_type=product&#038;p=4711"},"modified":"2024-08-22T05:00:40","modified_gmt":"2024-08-22T05:00:40","slug":"energizer-base-charger","status":"publish","type":"product","link":"https:\/\/energizer.com\/eu\/poland\/product\/energizer-base-charger\/","title":{"rendered":"ENERGIZER\u00ae BASE CHARGER"},"content":{"rendered":"<ul>\n<li>Mo\u017ce \u0142adowa\u0107 2 lub 4 akumulatorki NiMH o wielko\u015bci AA lub AAA naraz (4 akumulatorki AA s\u0105 do\u0142\u0105czone w zestawie)<\/li>\n<li>Najta\u0144sza \u0142adowarka Energizer do akumulatork\u00f3w; m\u0105dry wyb\u00f3r dla os\u00f3b dysponuj\u0105cych ograniczonym bud\u017cetem<\/li>\n<li>Zapewnia pe\u0142ne na\u0142adowanie w ci\u0105gu 8 godzin*<\/li>\n<li>Zielone diody LED informuj\u0105 o \u0142adowaniu baterii<\/li>\n<li>Marka akumulator\u00f3w nr 1 na \u015bwiecie (wed\u0142ug danych z bada\u0144 rynku)<\/li>\n<li>Najlepiej wsp\u00f3\u0142pracuje z uniwersalnymi akumulatorkami Energizer Recharge<\/li>\n<\/ul>\n","protected":false},"excerpt":{"rendered":"<p>Poznaj niedrogi wyb\u00f3r, dzi\u0119ki kt\u00f3remu Twoje akumulatory b\u0119d\u0105 dzia\u0142a\u0107 prawid\u0142owo. Podstawowa \u0142adowarka do akumulatork\u00f3w Energizer Base potrafi stanie na\u0142adowa\u0107 2 lub 4 akumulatorki NiMH AA lub AAA w 8 godzin.* Jej obs\u0142uga jest dziecinnie prosta: wystarczy w\u0142o\u017cy\u0107 akumulatorki w kana\u0142y \u0142adowania, a nast\u0119pnie pod\u0142\u0105czy\u0107 \u0142adowark\u0119 do gniazdka \u015bciennego. Reszta odbywa si\u0119 automatycznie. Zielona lampka kontrolna informuje o \u0142adowaniu. Trwa\u0142e akumulatorki Energizer Recharge oszcz\u0119dzaj\u0105 pieni\u0105dze i niezawodnie zasilaj\u0105 r\u00f3\u017cne urz\u0105dzenia. Badania rynkowe prowadzone w\u015br\u00f3d konsument\u00f3w pokazuj\u0105, \u017ce to najbardziej ceniona marka akumulatork\u00f3w.<\/p>\n","protected":false},"featured_media":0,"template":"","meta":{"_acf_changed":false},"product_brand":[],"product_cat":[82],"product_tag":[],"class_list":{"0":"post-4711","1":"product","2":"type-product","3":"status-publish","5":"product_cat-recharge-battery-chargers","7":"first","8":"instock","9":"shipping-taxable","10":"product-type-simple"},"acf":[],"_links":{"self":[{"href":"https:\/\/energizer.com\/eu\/poland\/wp-json\/wp\/v2\/product\/4711","targetHints":{"allow":["GET"]}}],"collection":[{"href":"https:\/\/energizer.com\/eu\/poland\/wp-json\/wp\/v2\/product"}],"about":[{"href":"https:\/\/energizer.com\/eu\/poland\/wp-json\/wp\/v2\/types\/product"}],"version-history":[{"count":6,"href":"https:\/\/energizer.com\/eu\/poland\/wp-json\/wp\/v2\/product\/4711\/revisions"}],"predecessor-version":[{"id":9772,"href":"https:\/\/energizer.com\/eu\/poland\/wp-json\/wp\/v2\/product\/4711\/revisions\/9772"}],"wp:attachment":[{"href":"https:\/\/energizer.com\/eu\/poland\/wp-json\/wp\/v2\/media?parent=4711"}],"wp:term":[{"taxonomy":"product_brand","embeddable":true,"href":"https:\/\/energizer.com\/eu\/poland\/wp-json\/wp\/v2\/product_brand?post=4711"},{"taxonomy":"product_cat","embeddable":true,"href":"https:\/\/energizer.com\/eu\/poland\/wp-json\/wp\/v2\/product_cat?post=4711"},{"taxonomy":"product_tag","embeddable":true,"href":"https:\/\/energizer.com\/eu\/poland\/wp-json\/wp\/v2\/product_tag?post=4711"}],"curies":[{"name":"wp","href":"https:\/\/api.w.org\/{rel}","templated":true}]}}