{"id":4713,"date":"2024-05-17T08:36:51","date_gmt":"2024-05-17T08:36:51","guid":{"rendered":"https:\/\/23b13e8ab3.nxcli.io\/poland\/?post_type=product&#038;p=4713"},"modified":"2024-08-23T13:30:35","modified_gmt":"2024-08-23T13:30:35","slug":"energizer-pro-charger","status":"publish","type":"product","link":"https:\/\/energizer.com\/eu\/poland\/product\/energizer-pro-charger\/","title":{"rendered":"ENERGIZER\u00ae PRO-CHARGER"},"content":{"rendered":"<ul>\n<li>\u0141adowarka Energizer Recharge Pro do akumulator\u00f3w NiMH AA i AAA<\/li>\n<li>Zgodno\u015b\u0107: Ta \u0142adowarka akumulator\u00f3w Energizer zasila wszystkie akumulatory AAA i AA NiMH \u2013 zalecane s\u0105 akumulatory Energizer Recharge<\/li>\n<li>Niezawodno\u015b\u0107: Moc szybkiego \u0142adowania Recharge Pro zapewnia pe\u0142ne na\u0142adowanie w ci\u0105gu 4 godzin \u2013 czas mo\u017ce si\u0119 r\u00f3\u017cni\u0107 w zale\u017cno\u015bci od akumulatora NiMH<\/li>\n<li>\u0141atwa w u\u017cyciu: Wska\u017anik \u201estanu na\u0142adowania\u201d wizualnie i d\u017awi\u0119kowo informuje o poziomie na\u0142adowania baterii<\/li>\n<li>Bezpieczna: Zaprojektowany z ochron\u0105 przed prze\u0142adowaniem i wy\u0142\u0105cznikiem bezpiecze\u0144stwa, aby zapobiec prze\u0142adowaniu akumulator\u00f3w; maksymalizuj\u0105c ich wydajno\u015b\u0107<\/li>\n<li>Wyb\u00f3r klient\u00f3w: Wed\u0142ug danych ze skanowania<\/li>\n<li>Energizer to marka akumulator\u00f3w numer 1 na \u015bwiecie<\/li>\n<\/ul>\n","protected":false},"excerpt":{"rendered":"<p>Wybierz szybk\u0105 i niezawodn\u0105 \u0142adowark\u0119 Energizer Pro, aby zapewni\u0107 maksymaln\u0105 wydajno\u015b\u0107 najwa\u017cniejszych urz\u0105dze\u0144. Idealny do najcz\u0119\u015bciej u\u017cywanych gad\u017cet\u00f3w, takich jak aparaty cyfrowe, elektroniczne nianie, kontrolery do gier, myszy bezprzewodowe i nie tylko. Ta por\u0119czna \u0142adowarka Energizer Pro \u0142aduje 2 lub 4 akumulatory AA lub AAA NiMH w zaledwie 4 godziny (czasy mog\u0105 si\u0119 r\u00f3\u017cni\u0107 w zale\u017cno\u015bci od akumulatora NiMH). Po prostu za\u0142aduj \u0142adowark\u0119 i pod\u0142\u0105cz j\u0105, aby uzyska\u0107 w pe\u0142ni na\u0142adowan\u0105 bateri\u0119, gdy jej potrzebujesz. Dzi\u0119ki diodom LED (czerwone = 0-49%, \u017c\u00f3\u0142te = 50-99%, zielone = 100%) i wska\u017anikom d\u017awi\u0119kowym, \u0142adowarka Energizer Pro informuje Ci\u0119 o stanie \u0142adowania akumulator\u00f3w.<\/p>\n","protected":false},"featured_media":0,"template":"","meta":{"_acf_changed":false},"product_brand":[],"product_cat":[82],"product_tag":[],"class_list":{"0":"post-4713","1":"product","2":"type-product","3":"status-publish","5":"product_cat-recharge-battery-chargers","7":"first","8":"instock","9":"shipping-taxable","10":"product-type-simple"},"acf":[],"_links":{"self":[{"href":"https:\/\/energizer.com\/eu\/poland\/wp-json\/wp\/v2\/product\/4713","targetHints":{"allow":["GET"]}}],"collection":[{"href":"https:\/\/energizer.com\/eu\/poland\/wp-json\/wp\/v2\/product"}],"about":[{"href":"https:\/\/energizer.com\/eu\/poland\/wp-json\/wp\/v2\/types\/product"}],"version-history":[{"count":10,"href":"https:\/\/energizer.com\/eu\/poland\/wp-json\/wp\/v2\/product\/4713\/revisions"}],"predecessor-version":[{"id":10567,"href":"https:\/\/energizer.com\/eu\/poland\/wp-json\/wp\/v2\/product\/4713\/revisions\/10567"}],"wp:attachment":[{"href":"https:\/\/energizer.com\/eu\/poland\/wp-json\/wp\/v2\/media?parent=4713"}],"wp:term":[{"taxonomy":"product_brand","embeddable":true,"href":"https:\/\/energizer.com\/eu\/poland\/wp-json\/wp\/v2\/product_brand?post=4713"},{"taxonomy":"product_cat","embeddable":true,"href":"https:\/\/energizer.com\/eu\/poland\/wp-json\/wp\/v2\/product_cat?post=4713"},{"taxonomy":"product_tag","embeddable":true,"href":"https:\/\/energizer.com\/eu\/poland\/wp-json\/wp\/v2\/product_tag?post=4713"}],"curies":[{"name":"wp","href":"https:\/\/api.w.org\/{rel}","templated":true}]}}