{"id":4718,"date":"2024-05-17T08:38:28","date_gmt":"2024-05-17T08:38:28","guid":{"rendered":"https:\/\/23b13e8ab3.nxcli.io\/poland\/?post_type=product&#038;p=4718"},"modified":"2024-08-22T04:59:48","modified_gmt":"2024-08-22T04:59:48","slug":"energizer-maxi-charger","status":"publish","type":"product","link":"https:\/\/energizer.com\/eu\/poland\/product\/energizer-maxi-charger\/","title":{"rendered":"ENERGIZER\u00ae MAXI CHARGER"},"content":{"rendered":"<ul>\n<li>Mo\u017ce \u0142adowa\u0107 2 lub 4 akumulatorki NiMH o wielko\u015bci AA lub AAA naraz (4 akumulatorki AA s\u0105 do\u0142\u0105czone w zestawie)<\/li>\n<li>Zapewnia pe\u0142ne na\u0142adowanie w ci\u0105gu 5 godzin*<\/li>\n<li>Du\u017cy, czytelny ekran LED wy\u015bwietla stan na\u0142adowania (czerwony = \u0142adowanie, zielony = gotowo\u015b\u0107 do pracy)<\/li>\n<li>Funkcja Delta V odcina dop\u0142yw pr\u0105du, zapobiegaj\u0105c prze\u0142adowaniu akumulatork\u00f3w<\/li>\n<li>Obs\u0142uguje wszystkie akumulatorki NiMH w formatach AAA i AA (zalecamy stosowanie akumulatork\u00f3w Energizer Recharge)<\/li>\n<li>Marka akumulator\u00f3w nr 1 na \u015bwiecie (wed\u0142ug danych z bada\u0144 rynku)<\/li>\n<\/ul>\n","protected":false},"excerpt":{"rendered":"<p>\u0141adowarka Energizer Recharge Maxi zapewnia maksymaln\u0105 wygod\u0119 podtrzymywania zasilania potrzebnych urz\u0105dze\u0144. To por\u0119czne urz\u0105dzenie \u0142aduje 2 lub 4 akumulatory NiMH AA lub AAA w ci\u0105gu 5 godzin.* I jest \u0142atwe w u\u017cyciu: W\u0142\u00f3\u017c do niego akumulatorki i pod\u0142\u0105cz do gniazdka \u015bciennego, a ca\u0142y proces \u0142adowania odb\u0119dzie si\u0119 automatycznie. Gdy akumulatorki si\u0119 ca\u0142kowicie na\u0142aduj\u0105, ekran wska\u017anika \u0142adowarki zmieni kolor na zielony. Je\u015bli w\u0142o\u017cysz wadliwy akumulatorek albo zwyk\u0142\u0105 bateri\u0119, ekran b\u0119dzie miga\u0142. Idealna \u0142adowarka do najpopularniejszych urz\u0105dze\u0144, takich jak piloty, myszy komputerowe i kontrolery do gier\u2026 Chc\u0105c utrzymywa\u0107 optymalne na\u0142adowanie swoich licznych akumulatork\u00f3w, warto si\u0119gn\u0105\u0107 po \u0142adowarki Energizer, wed\u0142ug bada\u0144 rynkowych najbardziej ceniony produkt w tym segmencie.<\/p>\n","protected":false},"featured_media":0,"template":"","meta":{"_acf_changed":false},"product_brand":[],"product_cat":[82],"product_tag":[],"class_list":{"0":"post-4718","1":"product","2":"type-product","3":"status-publish","5":"product_cat-recharge-battery-chargers","7":"first","8":"instock","9":"shipping-taxable","10":"product-type-simple"},"acf":[],"_links":{"self":[{"href":"https:\/\/energizer.com\/eu\/poland\/wp-json\/wp\/v2\/product\/4718","targetHints":{"allow":["GET"]}}],"collection":[{"href":"https:\/\/energizer.com\/eu\/poland\/wp-json\/wp\/v2\/product"}],"about":[{"href":"https:\/\/energizer.com\/eu\/poland\/wp-json\/wp\/v2\/types\/product"}],"version-history":[{"count":5,"href":"https:\/\/energizer.com\/eu\/poland\/wp-json\/wp\/v2\/product\/4718\/revisions"}],"predecessor-version":[{"id":9774,"href":"https:\/\/energizer.com\/eu\/poland\/wp-json\/wp\/v2\/product\/4718\/revisions\/9774"}],"wp:attachment":[{"href":"https:\/\/energizer.com\/eu\/poland\/wp-json\/wp\/v2\/media?parent=4718"}],"wp:term":[{"taxonomy":"product_brand","embeddable":true,"href":"https:\/\/energizer.com\/eu\/poland\/wp-json\/wp\/v2\/product_brand?post=4718"},{"taxonomy":"product_cat","embeddable":true,"href":"https:\/\/energizer.com\/eu\/poland\/wp-json\/wp\/v2\/product_cat?post=4718"},{"taxonomy":"product_tag","embeddable":true,"href":"https:\/\/energizer.com\/eu\/poland\/wp-json\/wp\/v2\/product_tag?post=4718"}],"curies":[{"name":"wp","href":"https:\/\/api.w.org\/{rel}","templated":true}]}}