{"id":4720,"date":"2024-05-17T08:40:10","date_gmt":"2024-05-17T08:40:10","guid":{"rendered":"https:\/\/23b13e8ab3.nxcli.io\/poland\/?post_type=product&#038;p=4720"},"modified":"2024-08-22T04:59:41","modified_gmt":"2024-08-22T04:59:41","slug":"energizer-universal-charger","status":"publish","type":"product","link":"https:\/\/energizer.com\/eu\/poland\/product\/energizer-universal-charger\/","title":{"rendered":"ENERGIZER\u00ae UNIVERSAL CHARGER"},"content":{"rendered":"<ul>\n<li>Uniwersalna \u0142adowarka do wszystkich rodzaj\u00f3w akumulatork\u00f3w o standardowych rozmiarach (AA, AAA, C, D i 9 V)<\/li>\n<li>4 akumulatorki AA na\u0142aduje do pe\u0142na w 5 godzin *<\/li>\n<li>Paskowy wy\u015bwietlacz LED informuje o stanie na\u0142adowania akumulatork\u00f3w<\/li>\n<li>Mo\u017ce \u0142adowa\u0107 r\u00f3wnocze\u015bnie 2 lub 4 akumulatorki AA, AAA, C lub D albo 1 lub 2 akumulatorki 9 V<\/li>\n<li>Wbudowana przej\u015bci\u00f3wka i od\u0142\u0105czany kabel u\u0142atwiaj\u0105cy sk\u0142adowanie, gdy \u0142adowarka nie jest u\u017cywana. Automatycznie si\u0119 wy\u0142\u0105cza z chwil\u0105 pe\u0142nego na\u0142adowania akumulatork\u00f3w, zapobiegaj\u0105c szkodliwemu prze\u0142adowaniu<\/li>\n<li>Obs\u0142uguje akumulatorki NiMH AAA, AA, C, D i 9 V (zalecamy stosowanie akumulatork\u00f3w Energizer Recharge)<\/li>\n<\/ul>\n","protected":false},"excerpt":{"rendered":"<p>Szukasz \u0142atwego sposobu na na\u0142adowanie WSZYSTKICH akumulator\u00f3w? Uniwersalna \u0142adowarka Energizer potrafi \u0142adowa\u0107 standardowe akumulatorki NiMH o wszystkich wielko\u015bciach \u2014 od AAA do 9 V. Pasek wska\u017anika stanu LED pokazuje w czasie rzeczywistym zako\u0144czenie procesu \u0142adowania. Pomaga zoptymalizowa\u0107 wydajno\u015b\u0107 dzia\u0142ania akumulatork\u00f3w: z chwil\u0105 pe\u0142nego na\u0142adowania automatycznie wy\u0142\u0105cza dalsze zasilanie. Dzi\u0119ki licznym funkcjom bezpiecze\u0144stwa, takim jak wykrywanie w\u0142o\u017cenia uszkodzonych akumulatork\u00f3w albo zwyk\u0142ych (jednorazowych) baterii, zabezpieczenie przed odwr\u00f3ceniem polaryzacji i regulator czasowy chroni\u0105cy przed prze\u0142adowaniem, zapewnia niezawodne i bezproblemowe uzupe\u0142nianie energii w akumulatorkach za ka\u017cdym razem.<\/p>\n","protected":false},"featured_media":0,"template":"","meta":{"_acf_changed":false},"product_brand":[],"product_cat":[82],"product_tag":[],"class_list":{"0":"post-4720","1":"product","2":"type-product","3":"status-publish","5":"product_cat-recharge-battery-chargers","7":"first","8":"instock","9":"shipping-taxable","10":"product-type-simple"},"acf":[],"_links":{"self":[{"href":"https:\/\/energizer.com\/eu\/poland\/wp-json\/wp\/v2\/product\/4720","targetHints":{"allow":["GET"]}}],"collection":[{"href":"https:\/\/energizer.com\/eu\/poland\/wp-json\/wp\/v2\/product"}],"about":[{"href":"https:\/\/energizer.com\/eu\/poland\/wp-json\/wp\/v2\/types\/product"}],"version-history":[{"count":7,"href":"https:\/\/energizer.com\/eu\/poland\/wp-json\/wp\/v2\/product\/4720\/revisions"}],"predecessor-version":[{"id":10519,"href":"https:\/\/energizer.com\/eu\/poland\/wp-json\/wp\/v2\/product\/4720\/revisions\/10519"}],"wp:attachment":[{"href":"https:\/\/energizer.com\/eu\/poland\/wp-json\/wp\/v2\/media?parent=4720"}],"wp:term":[{"taxonomy":"product_brand","embeddable":true,"href":"https:\/\/energizer.com\/eu\/poland\/wp-json\/wp\/v2\/product_brand?post=4720"},{"taxonomy":"product_cat","embeddable":true,"href":"https:\/\/energizer.com\/eu\/poland\/wp-json\/wp\/v2\/product_cat?post=4720"},{"taxonomy":"product_tag","embeddable":true,"href":"https:\/\/energizer.com\/eu\/poland\/wp-json\/wp\/v2\/product_tag?post=4720"}],"curies":[{"name":"wp","href":"https:\/\/api.w.org\/{rel}","templated":true}]}}