{"id":5058,"date":"2024-05-21T05:15:35","date_gmt":"2024-05-21T05:15:35","guid":{"rendered":"https:\/\/23b13e8ab3.nxcli.io\/poland\/?post_type=product&#038;p=5058"},"modified":"2024-11-29T05:29:24","modified_gmt":"2024-11-29T05:29:24","slug":"energizer-recharge-extreme-aa","status":"publish","type":"product","link":"https:\/\/energizer.com\/eu\/poland\/product\/energizer-recharge-extreme-aa\/","title":{"rendered":"ENERGIZER\u00ae RECHARGE EXTREME \u2013 AA"},"content":{"rendered":"<ul>\n<li>4-pak akumulatork\u00f3w Energizer Extreme AA<\/li>\n<li>D\u0142u\u017csza \u017cywotno\u015b\u0107: Akumulatorki Energizer Extreme AA dzia\u0142aj\u0105 do 6 razy d\u0142u\u017cej w aparatach cyfrowych ni\u017c podstawowe baterie alkaliczne Energizer &#8211; wyniki mog\u0105 si\u0119 r\u00f3\u017cni\u0107 w zale\u017cno\u015bci od urz\u0105dzenia<\/li>\n<li>Moc, kt\u00f3rej mo\u017cesz zaufa\u0107: Akumulatorki AA idealne do wymagaj\u0105cych urz\u0105dze\u0144, takich jak aparaty cyfrowe, piloty, myszy bezprzewodowe i r\u0119czne urz\u0105dzenia GPS<\/li>\n<li>Ochrona przed wyciekiem: Akumulatorki Energizer zosta\u0142y zaprojektowane tak, aby chroni\u0107 najwa\u017cniejsze urz\u0105dzenia przed szkodliwymi wyciekami w normalnych warunkach u\u017cytkowania<\/li>\n<li>Mo\u017cliwo\u015b\u0107 \u0142adowania: Ka\u017cdy akumulatorek AA mo\u017ce by\u0107 \u0142adowany setki razy, a jedno \u0142adowanie wystarcza na 12 miesi\u0119cy przechowywania<\/li>\n<li>Wyb\u00f3r klient\u00f3w: Energizer jest mark\u0105 nr 1 na \u015bwiecie pod wzgl\u0119dem sprzeda\u017cy akumulator\u00f3w<\/li>\n<li>Innowacja Energizer: Pierwszy na \u015bwiecie akumulator AA wykonany w 22% z materia\u0142\u00f3w pochodz\u0105cych z recyklingu<\/li>\n<\/ul>\n","protected":false},"excerpt":{"rendered":"<p>Wykorzystaj w pe\u0142ni swoje codzienne i zaawansowane technologicznie urz\u0105dzenia dzi\u0119ki niezawodnej mocy akumulatork\u00f3w Energizer Extreme AA 2300mAh. Zaopatrz si\u0119 w akumulatorki do lamp LED i aparat\u00f3w fotograficznych, a tak\u017ce do dzwonk\u00f3w do drzwi, pilot\u00f3w, latarek i innych gad\u017cet\u00f3w bezprzewodowych. Akumulatorki Energizer Extreme AA s\u0105 w pe\u0142ni na\u0142adowane i zachowuj\u0105 moc do 12 miesi\u0119cy przechowywania. Ka\u017cdy akumulatorek AA mo\u017cna na\u0142adowa\u0107 oko\u0142o 500 razy za pomoc\u0105 dowolnej \u0142adowarki Energizer Recharge Charger. Akumulatorki AA zosta\u0142y zaprojektowane tak, aby chroni\u0107 najwa\u017cniejsze urz\u0105dzenia przed szkodliwym wyciekiem w normalnych warunkach u\u017cytkowania. Seria akumulatork\u00f3w Energizer Extreme obejmuje r\u00f3wnie\u017c baterie AAA, dzi\u0119ki czemu \u0142atwo jest znale\u017a\u0107 niezawodne zasilanie w potrzebnym rozmiarze. Akumulatorki Energizer by\u0142y r\u00f3wnie\u017c pierwszymi akumulatorami, kt\u00f3re zawieraj\u0105 surowce wt\u00f3rne tj. baterie pochodz\u0105ce z recyklingu.<\/p>\n","protected":false},"featured_media":0,"template":"","meta":{"_acf_changed":false},"product_brand":[],"product_cat":[31],"product_tag":[],"class_list":{"0":"post-5058","1":"product","2":"type-product","3":"status-publish","5":"product_cat-energizer-recharge","7":"first","8":"instock","9":"shipping-taxable","10":"product-type-simple"},"acf":[],"_links":{"self":[{"href":"https:\/\/energizer.com\/eu\/poland\/wp-json\/wp\/v2\/product\/5058","targetHints":{"allow":["GET"]}}],"collection":[{"href":"https:\/\/energizer.com\/eu\/poland\/wp-json\/wp\/v2\/product"}],"about":[{"href":"https:\/\/energizer.com\/eu\/poland\/wp-json\/wp\/v2\/types\/product"}],"version-history":[{"count":10,"href":"https:\/\/energizer.com\/eu\/poland\/wp-json\/wp\/v2\/product\/5058\/revisions"}],"predecessor-version":[{"id":11202,"href":"https:\/\/energizer.com\/eu\/poland\/wp-json\/wp\/v2\/product\/5058\/revisions\/11202"}],"wp:attachment":[{"href":"https:\/\/energizer.com\/eu\/poland\/wp-json\/wp\/v2\/media?parent=5058"}],"wp:term":[{"taxonomy":"product_brand","embeddable":true,"href":"https:\/\/energizer.com\/eu\/poland\/wp-json\/wp\/v2\/product_brand?post=5058"},{"taxonomy":"product_cat","embeddable":true,"href":"https:\/\/energizer.com\/eu\/poland\/wp-json\/wp\/v2\/product_cat?post=5058"},{"taxonomy":"product_tag","embeddable":true,"href":"https:\/\/energizer.com\/eu\/poland\/wp-json\/wp\/v2\/product_tag?post=5058"}],"curies":[{"name":"wp","href":"https:\/\/api.w.org\/{rel}","templated":true}]}}