{"id":5060,"date":"2024-05-21T05:16:52","date_gmt":"2024-05-21T05:16:52","guid":{"rendered":"https:\/\/23b13e8ab3.nxcli.io\/poland\/?post_type=product&#038;p=5060"},"modified":"2024-11-29T05:29:24","modified_gmt":"2024-11-29T05:29:24","slug":"energizer-recharge-power-plus-aa","status":"publish","type":"product","link":"https:\/\/energizer.com\/eu\/poland\/product\/energizer-recharge-power-plus-aa\/","title":{"rendered":"ENERGIZER\u00ae RECHARGE POWER PLUS \u2013 AA"},"content":{"rendered":"<ul>\n<li>4-pak akumulatork\u00f3w Energizer Power Plus AA<\/li>\n<li>D\u0142u\u017csza \u017cywotno\u015b\u0107: Akumulatorki Energizer AA dzia\u0142aj\u0105 do 4 razy d\u0142u\u017cej w aparatach cyfrowych ni\u017c podstawowe baterie alkaliczne Energizer &#8211; wyniki mog\u0105 si\u0119 r\u00f3\u017cni\u0107 w zale\u017cno\u015bci od urz\u0105dzenia<\/li>\n<li>Moc, kt\u00f3rej mo\u017cesz zaufa\u0107: Akumulatorki AA idealne do aparat\u00f3w fotograficznych, o\u015bwietlenia, kontroler\u00f3w, zegar\u00f3w i innych urz\u0105dze\u0144 codziennego u\u017cytku<\/li>\n<li>Ochrona przed wyciekiem: Akumulatorki Energizer zosta\u0142y zaprojektowane tak, aby chroni\u0107 najwa\u017cniejsze urz\u0105dzenia przed szkodliwymi wyciekami w normalnych warunkach u\u017cytkowania<\/li>\n<li>Mo\u017cliwo\u015b\u0107 \u0142adowania: Ka\u017cdy akumulatorek AA mo\u017ce by\u0107 \u0142adowany do 500 razy, a jedno \u0142adowanie wystarcza na 12 miesi\u0119cy przechowywania<\/li>\n<li>Wyb\u00f3r klient\u00f3w: Energizer jest mark\u0105 nr 1 na \u015bwiecie pod wzgl\u0119dem sprzeda\u017cy akumulator\u00f3w<\/li>\n<li>Innowacja Energizer: Pierwszy na \u015bwiecie akumulator AA wykonany w 22% z materia\u0142\u00f3w pochodz\u0105cych z recyklingu<\/li>\n<\/ul>\n","protected":false},"excerpt":{"rendered":"<p>Niezawodna moc akumulatork\u00f3w Energizer Power Plus AA pozwala w pe\u0142ni wykorzysta\u0107 mo\u017cliwo\u015bci urz\u0105dze\u0144 codziennego u\u017cytku i urz\u0105dze\u0144 zaawansowanych technologicznie. Zaopatrz si\u0119 w akumulatory Energizer do o\u015bwietlenia i zegar\u00f3w, a tak\u017ce do dzwonk\u00f3w do drzwi, pilot\u00f3w, urz\u0105dze\u0144 audio i innych bezprzewodowych urz\u0105dze\u0144 elektronicznych. Te akumulatorki AA to r\u00f3wnie\u017c doskona\u0142y wyb\u00f3r, je\u015bli potrzebujesz trwa\u0142ych akumulatork\u00f3w AA do aparat\u00f3w fotograficznych &#8211; jedno \u0142adowanie wystarcza nawet na 349 zdj\u0119\u0107. Akumulatorki Energizer Power Plus AA s\u0105 w pe\u0142ni na\u0142adowane i mog\u0105 by\u0107 przechowywane nawet przez 12 miesi\u0119cy. <\/p>\n<p> Akumulatorki mo\u017cna \u0142adowa\u0107 za pomoc\u0105 dowolnej \u0142adowarki Energizer Recharge Charger.<\/p>\n","protected":false},"featured_media":0,"template":"","meta":{"_acf_changed":false},"product_brand":[],"product_cat":[31],"product_tag":[],"class_list":{"0":"post-5060","1":"product","2":"type-product","3":"status-publish","5":"product_cat-energizer-recharge","7":"first","8":"instock","9":"shipping-taxable","10":"product-type-simple"},"acf":[],"_links":{"self":[{"href":"https:\/\/energizer.com\/eu\/poland\/wp-json\/wp\/v2\/product\/5060","targetHints":{"allow":["GET"]}}],"collection":[{"href":"https:\/\/energizer.com\/eu\/poland\/wp-json\/wp\/v2\/product"}],"about":[{"href":"https:\/\/energizer.com\/eu\/poland\/wp-json\/wp\/v2\/types\/product"}],"version-history":[{"count":12,"href":"https:\/\/energizer.com\/eu\/poland\/wp-json\/wp\/v2\/product\/5060\/revisions"}],"predecessor-version":[{"id":11205,"href":"https:\/\/energizer.com\/eu\/poland\/wp-json\/wp\/v2\/product\/5060\/revisions\/11205"}],"wp:attachment":[{"href":"https:\/\/energizer.com\/eu\/poland\/wp-json\/wp\/v2\/media?parent=5060"}],"wp:term":[{"taxonomy":"product_brand","embeddable":true,"href":"https:\/\/energizer.com\/eu\/poland\/wp-json\/wp\/v2\/product_brand?post=5060"},{"taxonomy":"product_cat","embeddable":true,"href":"https:\/\/energizer.com\/eu\/poland\/wp-json\/wp\/v2\/product_cat?post=5060"},{"taxonomy":"product_tag","embeddable":true,"href":"https:\/\/energizer.com\/eu\/poland\/wp-json\/wp\/v2\/product_tag?post=5060"}],"curies":[{"name":"wp","href":"https:\/\/api.w.org\/{rel}","templated":true}]}}