{"id":5068,"date":"2024-05-21T05:12:21","date_gmt":"2024-05-21T05:12:21","guid":{"rendered":"https:\/\/23b13e8ab3.nxcli.io\/poland\/?post_type=product&#038;p=5068"},"modified":"2024-11-29T05:29:24","modified_gmt":"2024-11-29T05:29:24","slug":"energizer-recharge-power-plus-9v","status":"publish","type":"product","link":"https:\/\/energizer.com\/eu\/poland\/product\/energizer-recharge-power-plus-9v\/","title":{"rendered":"ENERGIZER\u00ae RECHARGE POWER PLUS \u2013 9V"},"content":{"rendered":"<ul>\n<li>Akumulatorki Energizer Power Plus 9V <\/li>\n<li>D\u0142u\u017csza \u017cywotno\u015b\u0107: Akumulatorki Energizer Power Plus 9V zapewniaj\u0105 d\u0142ugotrwa\u0142e zasilanie urz\u0105dze\u0144<\/li>\n<li>Moc, kt\u00f3rej mo\u017cesz zaufa\u0107: Akumulatorki 9V idealne do czujnik\u00f3w dymu, zabawek z nap\u0119dem, dzwonk\u00f3w do drzwi, latarek i innych urz\u0105dze\u0144 codziennego u\u017cytku i zaawansowanych technologicznie<\/li>\n<li>Mo\u017cliwo\u015b\u0107 \u0142adowania: Ka\u017cdy akumulatorek mo\u017ce by\u0107 \u0142adowany setki razy, a jego \u017cywotno\u015b\u0107 wynosi do 3 lat<\/li>\n<li>Wyb\u00f3r klient\u00f3w: Energizer jest mark\u0105 nr 1 na \u015bwiecie pod wzgl\u0119dem sprzeda\u017cy akumulator\u00f3w<\/li>\n<li>Innowacja Energizer: Pierwszy na \u015bwiecie akumulator 9V wykonany w 7% z materia\u0142\u00f3w pochodz\u0105cych z recyklingu<\/li>\n<li>Opakowanie w 100% nadaj\u0105ce si\u0119 do recyklingu: Opakowania Energizer w 100% nadaj\u0105 si\u0119 do recyklingu, wspieraj\u0105 odpowiedzialn\u0105 gospodark\u0119 le\u015bn\u0105 i nie zawieraj\u0105 plastiku, z wyj\u0105tkiem plomb w wybranych opakowaniach<\/li>\n<\/ul>\n","protected":false},"excerpt":{"rendered":"<p>Niezawodna moc akumulatork\u00f3w Energizer Power Plus 9V pozwala w pe\u0142ni wykorzysta\u0107 mo\u017cliwo\u015bci urz\u0105dze\u0144 codziennego u\u017cytku i urz\u0105dze\u0144 zaawansowanych technologicznie. Zaopatrz si\u0119 w akumulatorki Energizer do o\u015bwietlenia i zegar\u00f3w, a tak\u017ce do dzwonk\u00f3w do drzwi, pilot\u00f3w, urz\u0105dze\u0144 audio i innych bezprzewodowych urz\u0105dze\u0144 elektronicznych. Te akumulatorki 9V to r\u00f3wnie\u017c doskona\u0142y wyb\u00f3r, je\u015bli potrzebujesz trwa\u0142ych akumulatork\u00f3w 9V do aparat\u00f3w fotograficznych &#8211; jedno \u0142adowanie wystarcza nawet na 349 zdj\u0119\u0107. Akumulatorki Energizer Power Plus 9V s\u0105 w pe\u0142ni na\u0142adowane i mog\u0105 by\u0107 przechowywane nawet przez 12 miesi\u0119cy.<\/p>\n","protected":false},"featured_media":0,"template":"","meta":{"_acf_changed":false},"product_brand":[],"product_cat":[31],"product_tag":[],"class_list":{"0":"post-5068","1":"product","2":"type-product","3":"status-publish","5":"product_cat-energizer-recharge","7":"first","8":"instock","9":"shipping-taxable","10":"product-type-simple"},"acf":[],"_links":{"self":[{"href":"https:\/\/energizer.com\/eu\/poland\/wp-json\/wp\/v2\/product\/5068","targetHints":{"allow":["GET"]}}],"collection":[{"href":"https:\/\/energizer.com\/eu\/poland\/wp-json\/wp\/v2\/product"}],"about":[{"href":"https:\/\/energizer.com\/eu\/poland\/wp-json\/wp\/v2\/types\/product"}],"version-history":[{"count":12,"href":"https:\/\/energizer.com\/eu\/poland\/wp-json\/wp\/v2\/product\/5068\/revisions"}],"predecessor-version":[{"id":11204,"href":"https:\/\/energizer.com\/eu\/poland\/wp-json\/wp\/v2\/product\/5068\/revisions\/11204"}],"wp:attachment":[{"href":"https:\/\/energizer.com\/eu\/poland\/wp-json\/wp\/v2\/media?parent=5068"}],"wp:term":[{"taxonomy":"product_brand","embeddable":true,"href":"https:\/\/energizer.com\/eu\/poland\/wp-json\/wp\/v2\/product_brand?post=5068"},{"taxonomy":"product_cat","embeddable":true,"href":"https:\/\/energizer.com\/eu\/poland\/wp-json\/wp\/v2\/product_cat?post=5068"},{"taxonomy":"product_tag","embeddable":true,"href":"https:\/\/energizer.com\/eu\/poland\/wp-json\/wp\/v2\/product_tag?post=5068"}],"curies":[{"name":"wp","href":"https:\/\/api.w.org\/{rel}","templated":true}]}}