{"id":5187,"date":"2024-05-21T13:21:03","date_gmt":"2024-05-21T13:21:03","guid":{"rendered":"https:\/\/23b13e8ab3.nxcli.io\/poland\/?post_type=product&#038;p=5187"},"modified":"2024-08-22T04:58:07","modified_gmt":"2024-08-22T04:58:07","slug":"energizer-2d-metal-torch","status":"publish","type":"product","link":"https:\/\/energizer.com\/eu\/poland\/product\/energizer-2d-metal-torch\/","title":{"rendered":"Energizer 2D Metal Torch"},"content":{"rendered":"<ul>\n<li>Wielki prze\u0142\u0105cznik przyciskowy<\/li>\n<li>Teksturowana powierzchnia zapewniaj\u0105ca pewny chwyt<\/li>\n<li>Bardzo solidna konstrukcja do ci\u0119\u017ckich i wymagaj\u0105cych prac<\/li>\n<li>3 diody Nichia<\/li>\n<li>Intensywna jasno\u015b\u0107<\/li>\n<li>Odporny na uderzenia<\/li>\n<li>2 baterie alkaliczne D w zestawie<\/li>\n<\/ul>\n","protected":false},"excerpt":{"rendered":"<p>Jasna i trwa\u0142a latarka LED Energizer Metal to niezawodny wyb\u00f3r do u\u017cytku domowego i zawodowego. Dzi\u0119ki solidnej metalowej konstrukcji i wsp\u00f3\u0142czesnej technologii LED to ergonomiczne rozwi\u0105zanie \u015bwieci nawet 4 razy ja\u015bniej ni\u017c standardowa technologia LED. Zapewnia godzinami jasne, jednolite \u015bwiat\u0142o do r\u00f3\u017cnorodnych zada\u0144 domowych i zawodowych.<\/p>\n","protected":false},"featured_media":0,"template":"","meta":{"_acf_changed":false},"product_brand":[],"product_cat":[97],"product_tag":[],"class_list":{"0":"post-5187","1":"product","2":"type-product","3":"status-publish","5":"product_cat-handheld","7":"first","8":"instock","9":"shipping-taxable","10":"product-type-simple"},"acf":[],"_links":{"self":[{"href":"https:\/\/energizer.com\/eu\/poland\/wp-json\/wp\/v2\/product\/5187","targetHints":{"allow":["GET"]}}],"collection":[{"href":"https:\/\/energizer.com\/eu\/poland\/wp-json\/wp\/v2\/product"}],"about":[{"href":"https:\/\/energizer.com\/eu\/poland\/wp-json\/wp\/v2\/types\/product"}],"version-history":[{"count":5,"href":"https:\/\/energizer.com\/eu\/poland\/wp-json\/wp\/v2\/product\/5187\/revisions"}],"predecessor-version":[{"id":9594,"href":"https:\/\/energizer.com\/eu\/poland\/wp-json\/wp\/v2\/product\/5187\/revisions\/9594"}],"wp:attachment":[{"href":"https:\/\/energizer.com\/eu\/poland\/wp-json\/wp\/v2\/media?parent=5187"}],"wp:term":[{"taxonomy":"product_brand","embeddable":true,"href":"https:\/\/energizer.com\/eu\/poland\/wp-json\/wp\/v2\/product_brand?post=5187"},{"taxonomy":"product_cat","embeddable":true,"href":"https:\/\/energizer.com\/eu\/poland\/wp-json\/wp\/v2\/product_cat?post=5187"},{"taxonomy":"product_tag","embeddable":true,"href":"https:\/\/energizer.com\/eu\/poland\/wp-json\/wp\/v2\/product_tag?post=5187"}],"curies":[{"name":"wp","href":"https:\/\/api.w.org\/{rel}","templated":true}]}}