{"id":5189,"date":"2024-05-21T13:26:02","date_gmt":"2024-05-21T13:26:02","guid":{"rendered":"https:\/\/23b13e8ab3.nxcli.io\/poland\/?post_type=product&#038;p=5189"},"modified":"2024-07-30T11:42:07","modified_gmt":"2024-07-30T11:42:07","slug":"energizer-hard-case-multi-use-led-torch","status":"publish","type":"product","link":"https:\/\/energizer.com\/eu\/poland\/product\/energizer-hard-case-multi-use-led-torch\/","title":{"rendered":"Energizer  Hard Case Multi-Use LED Torch"},"content":{"rendered":"<ul>\n<li>Wielofunkcyjna latarka Energizer w twardym etui z technologi\u0105 LED, zawiera 1 bateri\u0119 AA<\/li>\n<li>Super jasna latarka: Ta mocna latarka r\u0119czna o mocy 75 lumen\u00f3w ma zasi\u0119g 30 metr\u00f3w i zapewnia 10 razy ja\u015bniejsze \u015bwiat\u0142o ni\u017c standardowa technologia LED<\/li>\n<li>Wysoce kompaktowa konstrukcja: Jego niewielkie rozmiary umo\u017cliwiaj\u0105 \u0142atwe noszenie go w torbie i u\u017cywanie w ciasnych miejscach<\/li>\n<li>Trwa\u0142a konstrukcja: Odporna na warunki atmosferyczne konstrukcja zapewnia ochron\u0119 przed zachlapaniami, a trwa\u0142a plastikowa i gumowa nadlewka zapewnia maksymaln\u0105 amortyzacj\u0119<\/li>\n<li>Godziny pracy: Latarka LED Energizer mo\u017ce \u015bwieci\u0107 a\u017c do 6 godzin<\/li>\n<li>Wszechstronne zastosowanie bez dotykowym: Obrotowy magnetyczny metalowy klips i p\u0119tla na smycz tej latarki umo\u017cliwiaj\u0105 zostawienie wolnych r\u0105k, przymocowanie latarki do metalowych powierzchni lub noszenie jej na szyi<\/li>\n<li>Niezawodne zasilanie: Zaufaj firmie Energizer, kt\u00f3ra zapewni obiecan\u0105 przez nas pot\u0119\u017cn\u0105 wydajno\u015b\u0107 &#8211; wszystkie \u015bwiat\u0142a Energizer s\u0105 testowane i spe\u0142niaj\u0105 surowe, niezawodne standardy ANSI<\/li>\n<\/ul>\n","protected":false},"excerpt":{"rendered":"<p>\u015awiat\u0142o Energizer<sup>\u00ae<\/sup>\u00a0Vision HD Compact zapewnia wysok\u0105 wydajno\u015b\u0107 i innowacyjno\u015b\u0107 w wygodnym rozmiarze. Zaprojektowany tak, aby zmie\u015bci si\u0119 w poje\u017adzie, kieszeni lub torbie, Energizer Vision HD Compact jest idealny do szerokiej gamy zada\u0144. Unikaln<\/p>\n","protected":false},"featured_media":0,"template":"","meta":{"_acf_changed":false},"product_brand":[],"product_cat":[97],"product_tag":[],"class_list":{"0":"post-5189","1":"product","2":"type-product","3":"status-publish","5":"product_cat-handheld","7":"first","8":"instock","9":"shipping-taxable","10":"product-type-simple"},"acf":[],"_links":{"self":[{"href":"https:\/\/energizer.com\/eu\/poland\/wp-json\/wp\/v2\/product\/5189","targetHints":{"allow":["GET"]}}],"collection":[{"href":"https:\/\/energizer.com\/eu\/poland\/wp-json\/wp\/v2\/product"}],"about":[{"href":"https:\/\/energizer.com\/eu\/poland\/wp-json\/wp\/v2\/types\/product"}],"version-history":[{"count":6,"href":"https:\/\/energizer.com\/eu\/poland\/wp-json\/wp\/v2\/product\/5189\/revisions"}],"predecessor-version":[{"id":9778,"href":"https:\/\/energizer.com\/eu\/poland\/wp-json\/wp\/v2\/product\/5189\/revisions\/9778"}],"wp:attachment":[{"href":"https:\/\/energizer.com\/eu\/poland\/wp-json\/wp\/v2\/media?parent=5189"}],"wp:term":[{"taxonomy":"product_brand","embeddable":true,"href":"https:\/\/energizer.com\/eu\/poland\/wp-json\/wp\/v2\/product_brand?post=5189"},{"taxonomy":"product_cat","embeddable":true,"href":"https:\/\/energizer.com\/eu\/poland\/wp-json\/wp\/v2\/product_cat?post=5189"},{"taxonomy":"product_tag","embeddable":true,"href":"https:\/\/energizer.com\/eu\/poland\/wp-json\/wp\/v2\/product_tag?post=5189"}],"curies":[{"name":"wp","href":"https:\/\/api.w.org\/{rel}","templated":true}]}}