{"id":5193,"date":"2024-05-21T13:32:31","date_gmt":"2024-05-21T13:32:31","guid":{"rendered":"https:\/\/23b13e8ab3.nxcli.io\/poland\/?post_type=product&#038;p=5193"},"modified":"2024-08-22T04:57:50","modified_gmt":"2024-08-22T04:57:50","slug":"energizer-hybrid-tactical-1200","status":"publish","type":"product","link":"https:\/\/energizer.com\/eu\/poland\/product\/energizer-hybrid-tactical-1200\/","title":{"rendered":"Energizer HYBRID TACTICAL 1200"},"content":{"rendered":"<ul>\n<li>Hybrydowa latarka LED Energizer<\/li>\n<li>Wytrzyma\u0142a, metalowa latarka taktyczna, kt\u00f3ra \u0142\u0105czy w sobie du\u017c\u0105 jasno\u015b\u0107 i wytrzyma\u0142\u0105 konstrukcj\u0119<\/li>\n<li>\u015awietnie sprawdza si\u0119 jako \u015bwiat\u0142o awaryjne, latarka kempingowa i lampa robocza LED<\/li>\n<li>Mocno jasne \u015bwiat\u0142o LED emituje do 1200 lumen\u00f3w przez 4 godziny w trybie High<\/li>\n<li>Wodoodporno\u015b\u0107 IPX4 i odporno\u015b\u0107 na upadki z wysoko\u015bci do 3 st\u00f3p<\/li>\n<li>Dzia\u0142a na akumulatorze (w zestawie) lub 6 bateriach AA, co zapewnia wszechstronn\u0105 latark\u0119 zasilan\u0105 bateriami<\/li>\n<li>Zaufaj firmie Energizer, aby zapewni\u0107 niezawodne dzia\u0142anie w ka\u017cdej sytuacji<\/li>\n<\/ul>\n","protected":false},"excerpt":{"rendered":"<p>Roz\u015bwietl ciemne sytuacje dzi\u0119ki hybrydowej latarce taktycznej Energizer. Ta wytrzyma\u0142a, metalowa latarka LED \u0142\u0105czy w sobie wysok\u0105 wydajno\u015b\u0107 i wytrzyma\u0142\u0105 konstrukcj\u0119. Schowaj jedn\u0105 w plecaku jako latark\u0119 kempingow\u0105 lub umie\u015b\u0107 j\u0105 w domu jako latark\u0119 awaryjn\u0105. Do 15 razy ja\u015bniejsza ni\u017c standardowa technologia LED, \u0142adowalna latarka emituje wi\u0105zk\u0119 \u015bwiat\u0142a si\u0119gaj\u0105c\u0105 ponad 200 metr\u00f3w. Tryby wysoki i niski zapewniaj\u0105 odpowiedni\u0105 ilo\u015b\u0107 \u015bwiat\u0142a do zadania, a \u015bwiat\u0142o stroboskopowe pomaga zachowa\u0107 gotowo\u015b\u0107 na wypadek sytuacji awaryjnej. Lampa zewn\u0119trzna dzia\u0142a na baterie AA lub pakiet baterii do\u0142\u0105czony do zestawu. Ta \u0142adowalna latarka \u0142aduje si\u0119 ca\u0142kowicie w ci\u0105gu 8 godzin za pomoc\u0105 kabla \u0142aduj\u0105cego USB i ma wyj\u015bcie USB, kt\u00f3re umo\u017cliwia \u0142adowanie innych urz\u0105dze\u0144. Korpus z aluminium lotniczego i niet\u0142uk\u0105ca si\u0119 soczewka zapewniaj\u0105 du\u017c\u0105 trwa\u0142o\u015b\u0107, a przycisk z ty\u0142u sprawia, \u017ce \u200b\u200blatarka Energizer jest \u0142atwa w u\u017cyciu. Zaufaj firmie Energizer, je\u015bli chodzi o niezawodne dzia\u0142anie w ka\u017cdej sytuacji.<\/p>\n","protected":false},"featured_media":0,"template":"","meta":{"_acf_changed":false},"product_brand":[],"product_cat":[97],"product_tag":[],"class_list":{"0":"post-5193","1":"product","2":"type-product","3":"status-publish","5":"product_cat-handheld","7":"first","8":"instock","9":"shipping-taxable","10":"product-type-simple"},"acf":[],"_links":{"self":[{"href":"https:\/\/energizer.com\/eu\/poland\/wp-json\/wp\/v2\/product\/5193","targetHints":{"allow":["GET"]}}],"collection":[{"href":"https:\/\/energizer.com\/eu\/poland\/wp-json\/wp\/v2\/product"}],"about":[{"href":"https:\/\/energizer.com\/eu\/poland\/wp-json\/wp\/v2\/types\/product"}],"version-history":[{"count":6,"href":"https:\/\/energizer.com\/eu\/poland\/wp-json\/wp\/v2\/product\/5193\/revisions"}],"predecessor-version":[{"id":9597,"href":"https:\/\/energizer.com\/eu\/poland\/wp-json\/wp\/v2\/product\/5193\/revisions\/9597"}],"wp:attachment":[{"href":"https:\/\/energizer.com\/eu\/poland\/wp-json\/wp\/v2\/media?parent=5193"}],"wp:term":[{"taxonomy":"product_brand","embeddable":true,"href":"https:\/\/energizer.com\/eu\/poland\/wp-json\/wp\/v2\/product_brand?post=5193"},{"taxonomy":"product_cat","embeddable":true,"href":"https:\/\/energizer.com\/eu\/poland\/wp-json\/wp\/v2\/product_cat?post=5193"},{"taxonomy":"product_tag","embeddable":true,"href":"https:\/\/energizer.com\/eu\/poland\/wp-json\/wp\/v2\/product_tag?post=5193"}],"curies":[{"name":"wp","href":"https:\/\/api.w.org\/{rel}","templated":true}]}}