{"id":5201,"date":"2024-05-21T13:59:06","date_gmt":"2024-05-21T13:59:06","guid":{"rendered":"https:\/\/23b13e8ab3.nxcli.io\/poland\/?post_type=product&#038;p=5201"},"modified":"2024-08-22T04:57:35","modified_gmt":"2024-08-22T04:57:35","slug":"energizer-x-focus-small-torch","status":"publish","type":"product","link":"https:\/\/energizer.com\/eu\/poland\/product\/energizer-x-focus-small-torch\/","title":{"rendered":"Energizer X Focus (small) Torch"},"content":{"rendered":"<ul>\n<li>Regulowana skupiaj\u0105ca wi\u0105zka \u015bwiat\u0142a<\/li>\n<li>Wyposa\u017cony w wygodny wy\u0142\u0105cznik tylny<\/li>\n<li>Antypo\u015blizgowy uchwyt i wbudowana p\u0119tla na smycz<\/li>\n<li>Kompaktowy i lekki<\/li>\n<li>Do 10 razy ja\u015bniejsza przeciwko zwyk\u0142ej technologii LED<\/li>\n<li>D\u0142ugotrwa\u0142a wydajno\u015b\u0107<\/li>\n<li>Doskona\u0142y zasi\u0119g wi\u0105zki<\/li>\n<li>Wodoodporny do u\u017cytku na zewn\u0105trz<\/li>\n<\/ul>\n","protected":false},"excerpt":{"rendered":"<p>Dzi\u0119ki kompaktowej i lekkiej konstrukcji Energizer X-Focus to jasne o\u015bwietlenie osobiste wyposa\u017cone w najnowsz\u0105 technologi\u0119 LED. Lampa charakteryzuje si\u0119 wyj\u0105tkow\u0105 elastyczno\u015bci\u0105 wi\u0105zki \u015bwiat\u0142a dzi\u0119ki regulowanej soczewce skupiaj\u0105cej. Prosty obr\u00f3t umo\u017cliwia u\u017cytkownikom dostosowanie wi\u0105zki \u015bwiat\u0142a do silnego \u015bwiat\u0142a punktowego lub szerokiego \u015bwiat\u0142a rozproszonego, aby spe\u0142ni\u0107 wszystkie ich potrzeby o\u015bwietleniowe. \u015awiat\u0142o posiada antypo\u015blizgowy uchwyt, p\u0119tl\u0119 na smycz i niet\u0142uk\u0105c\u0105 si\u0119 soczewk\u0119, co zwi\u0119ksza trwa\u0142o\u015b\u0107. Energizer X-Focus to naprawd\u0119 mocna, a jednocze\u015bnie kompaktowa \u015bwiat\u0142o spe\u0142niaj\u0105ca wszystkie potrzeby zwi\u0105zane z o\u015bwietleniem wewn\u0119trznym i zewn\u0119trznym.<\/p>\n","protected":false},"featured_media":0,"template":"","meta":{"_acf_changed":false},"product_brand":[],"product_cat":[97],"product_tag":[],"class_list":{"0":"post-5201","1":"product","2":"type-product","3":"status-publish","5":"product_cat-handheld","7":"first","8":"instock","9":"shipping-taxable","10":"product-type-simple"},"acf":[],"_links":{"self":[{"href":"https:\/\/energizer.com\/eu\/poland\/wp-json\/wp\/v2\/product\/5201","targetHints":{"allow":["GET"]}}],"collection":[{"href":"https:\/\/energizer.com\/eu\/poland\/wp-json\/wp\/v2\/product"}],"about":[{"href":"https:\/\/energizer.com\/eu\/poland\/wp-json\/wp\/v2\/types\/product"}],"version-history":[{"count":6,"href":"https:\/\/energizer.com\/eu\/poland\/wp-json\/wp\/v2\/product\/5201\/revisions"}],"predecessor-version":[{"id":9783,"href":"https:\/\/energizer.com\/eu\/poland\/wp-json\/wp\/v2\/product\/5201\/revisions\/9783"}],"wp:attachment":[{"href":"https:\/\/energizer.com\/eu\/poland\/wp-json\/wp\/v2\/media?parent=5201"}],"wp:term":[{"taxonomy":"product_brand","embeddable":true,"href":"https:\/\/energizer.com\/eu\/poland\/wp-json\/wp\/v2\/product_brand?post=5201"},{"taxonomy":"product_cat","embeddable":true,"href":"https:\/\/energizer.com\/eu\/poland\/wp-json\/wp\/v2\/product_cat?post=5201"},{"taxonomy":"product_tag","embeddable":true,"href":"https:\/\/energizer.com\/eu\/poland\/wp-json\/wp\/v2\/product_tag?post=5201"}],"curies":[{"name":"wp","href":"https:\/\/api.w.org\/{rel}","templated":true}]}}