{"id":5203,"date":"2024-05-21T14:02:51","date_gmt":"2024-05-21T14:02:51","guid":{"rendered":"https:\/\/23b13e8ab3.nxcli.io\/poland\/?post_type=product&#038;p=5203"},"modified":"2024-08-22T04:57:26","modified_gmt":"2024-08-22T04:57:26","slug":"energizer-head-torch-vision-headlight","status":"publish","type":"product","link":"https:\/\/energizer.com\/eu\/poland\/product\/energizer-head-torch-vision-headlight\/","title":{"rendered":"Energizer Head Torch, Vision Headlight"},"content":{"rendered":"<ul>\n<li>Latarka czo\u0142owa Energizer Vision z 3 diodami LED i regulowanym elastycznym paskiem, w zestawie 3 baterie alkaliczne AAA<\/li>\n<li>Technologia LED: Ta latarka czo\u0142owa LED o mocy 200 lumen\u00f3w ma imponuj\u0105cy zasi\u0119g 50 metr\u00f3w<\/li>\n<li>Trwa\u0142a konstrukcja: Ta trwa\u0142a latarka czo\u0142owa, idealna do d\u0142ugotrwa\u0142ego u\u017cytkowania, wytrzymuje upadek z wysoko\u015bci 1 metra i jest wyposa\u017cona w odporn\u0105 na st\u0142uczenia soczewk\u0119<\/li>\n<li>Wszechstronna lampka g\u0142o\u015bnom\u00f3wi\u0105ca: \u0141atwa w u\u017cyciu, kompaktowa latarka niewymagaj\u0105ca u\u017cycia r\u0105k poradzi sobie z przerwami w dostawie pr\u0105du, majsterkowaniem i nie tylko<\/li>\n<li>Wygodna konstrukcja: Skieruj \u015bwiat\u0142o tam, gdzie go potrzebujesz, dzi\u0119ki tej wodoodpornej, lekkiej czo\u0142\u00f3wce, kt\u00f3ra zapewnia pewne dopasowanie dzi\u0119ki regulowanemu pa\u0142\u0105kowi i komfortowej poduszce<\/li>\n<li>Godziny pracy: Ta trwa\u0142a i skuteczna czo\u0142\u00f3wka mo\u017ce \u015bwieci\u0107 a\u017c do 7 godzin w trybie wysokim<\/li>\n<li>Niezawodne zasilanie: Zaufaj firmie Energizer, kt\u00f3ra zapewnia obiecan\u0105 wysok\u0105 wydajno\u015b\u0107 \u2013 wszystkie lampy Energizer s\u0105 testowane i spe\u0142niaj\u0105 rygorystyczne, niezawodne standardy ANSI<\/li>\n<\/ul>\n","protected":false},"excerpt":{"rendered":"<p>Miej wolne r\u0119ce i ciesz si\u0119 ka\u017cd\u0105 przygod\u0105 w pe\u0142ni dzi\u0119ki tej lekkiej i wszechstronnej latarce czo\u0142owej. Latarka czo\u0142owa Energizer Vision jest kompaktowa i nie wymaga u\u017cycia r\u0105k &#8211; idealna do majsterkowania i czynno\u015bci wymagaj\u0105cych u\u017cycia obu r\u0105k. O\u015bwietli ci drog\u0119 podczas ka\u017cdej eskapady po zmroku, niezale\u017cnie od tego, czy jeste\u015b na biwaku, wspinaczce, czy wychodzisz pobiega\u0107. Latarka czo\u0142owa LED o jasno\u015bci 200 lumen\u00f3w rozja\u015bni nawet najciemniejsze miejsca, o\u015bwietlaj\u0105c do 50 metr\u00f3w w trybie wysokim, daj\u0105c du\u017co \u015bwiat\u0142a dok\u0142adnie tam, gdzie go potrzebujesz. Wybierz niski lub wysoki poziom mocy, aby uzyska\u0107 idealny tryb o\u015bwietlenia dla swojej aktywno\u015bci, ciesz\u0105c si\u0119 najnowsz\u0105 technologi\u0105 LED i du\u017cymi mo\u017cliwo\u015bciami dzia\u0142ania.<\/p>\n","protected":false},"featured_media":0,"template":"","meta":{"_acf_changed":false},"product_brand":[],"product_cat":[43],"product_tag":[],"class_list":{"0":"post-5203","1":"product","2":"type-product","3":"status-publish","5":"product_cat-hands-free","7":"first","8":"instock","9":"shipping-taxable","10":"product-type-simple"},"acf":[],"_links":{"self":[{"href":"https:\/\/energizer.com\/eu\/poland\/wp-json\/wp\/v2\/product\/5203","targetHints":{"allow":["GET"]}}],"collection":[{"href":"https:\/\/energizer.com\/eu\/poland\/wp-json\/wp\/v2\/product"}],"about":[{"href":"https:\/\/energizer.com\/eu\/poland\/wp-json\/wp\/v2\/types\/product"}],"version-history":[{"count":6,"href":"https:\/\/energizer.com\/eu\/poland\/wp-json\/wp\/v2\/product\/5203\/revisions"}],"predecessor-version":[{"id":9784,"href":"https:\/\/energizer.com\/eu\/poland\/wp-json\/wp\/v2\/product\/5203\/revisions\/9784"}],"wp:attachment":[{"href":"https:\/\/energizer.com\/eu\/poland\/wp-json\/wp\/v2\/media?parent=5203"}],"wp:term":[{"taxonomy":"product_brand","embeddable":true,"href":"https:\/\/energizer.com\/eu\/poland\/wp-json\/wp\/v2\/product_brand?post=5203"},{"taxonomy":"product_cat","embeddable":true,"href":"https:\/\/energizer.com\/eu\/poland\/wp-json\/wp\/v2\/product_cat?post=5203"},{"taxonomy":"product_tag","embeddable":true,"href":"https:\/\/energizer.com\/eu\/poland\/wp-json\/wp\/v2\/product_tag?post=5203"}],"curies":[{"name":"wp","href":"https:\/\/api.w.org\/{rel}","templated":true}]}}