{"id":5205,"date":"2024-05-21T14:04:58","date_gmt":"2024-05-21T14:04:58","guid":{"rendered":"https:\/\/23b13e8ab3.nxcli.io\/poland\/?post_type=product&#038;p=5205"},"modified":"2024-08-23T13:28:40","modified_gmt":"2024-08-23T13:28:40","slug":"energizer-compact-led","status":"publish","type":"product","link":"https:\/\/energizer.com\/eu\/poland\/product\/energizer-compact-led\/","title":{"rendered":"Energizer COMPACT LED"},"content":{"rendered":"<ul>\n<li>Trwa\u0142a aluminiowa konstrukcja<\/li>\n<li>\u0141atwy w obs\u0142udze prze\u0142\u0105cznik suwakowy<\/li>\n<li>Wygodny rozmiar do przenoszenia i przechowywania<\/li>\n<li>Oznacza obs\u0142ug\u0119 bez u\u017cycia r\u0105k<\/li>\n<li>Do 4 razy ja\u015bniejsza technologia LED ni\u017c standardowa<\/li>\n<li>D\u0142ugi czas pracy<\/li>\n<li>Mo\u017cliwo\u015b\u0107 obs\u0142ugi sygna\u0142u Morse&#8217;a<\/li>\n<li>Wyposa\u017cony w technologi\u0119 LED<\/li>\n<li>Dzia\u0142a na 2 bateriach AA<\/li>\n<\/ul>\n","protected":false},"excerpt":{"rendered":"<p>Energizer Compact Metal Light to wygodne, wszechstronne rozwi\u0105zanie, kt\u00f3re zapewnia niezawodne o\u015bwietlenie praktycznie w ka\u017cdej sytuacji. Dzi\u0119ki jasnej, trwa\u0142ej technologii LED u\u017cytkownicy otrzymuj\u0105 jasne \u015bwiat\u0142o, kt\u00f3re trwa godzina po godzinie. Dzi\u0119ki wygodnemu haczykowi do zawieszania i mo\u017cliwo\u015bci ustawienia w pozycji pionowej lampa ta zapewnia wygodne u\u017cytkowanie bez u\u017cycia r\u0105k. Odporna na uderzenia metalowa konstrukcja sprawia, \u017ce \u200b\u200bidealnie nadaje si\u0119 do zada\u0144 zar\u00f3wno w pomieszczeniach, jak i na zewn\u0105trz, a wszystko to przy zasilaniu jedynie dwiema bateriami AA.<\/p>\n","protected":false},"featured_media":0,"template":"","meta":{"_acf_changed":false},"product_brand":[],"product_cat":[97],"product_tag":[],"class_list":{"0":"post-5205","1":"product","2":"type-product","3":"status-publish","5":"product_cat-handheld","7":"first","8":"instock","9":"shipping-taxable","10":"product-type-simple"},"acf":[],"_links":{"self":[{"href":"https:\/\/energizer.com\/eu\/poland\/wp-json\/wp\/v2\/product\/5205","targetHints":{"allow":["GET"]}}],"collection":[{"href":"https:\/\/energizer.com\/eu\/poland\/wp-json\/wp\/v2\/product"}],"about":[{"href":"https:\/\/energizer.com\/eu\/poland\/wp-json\/wp\/v2\/types\/product"}],"version-history":[{"count":7,"href":"https:\/\/energizer.com\/eu\/poland\/wp-json\/wp\/v2\/product\/5205\/revisions"}],"predecessor-version":[{"id":10566,"href":"https:\/\/energizer.com\/eu\/poland\/wp-json\/wp\/v2\/product\/5205\/revisions\/10566"}],"wp:attachment":[{"href":"https:\/\/energizer.com\/eu\/poland\/wp-json\/wp\/v2\/media?parent=5205"}],"wp:term":[{"taxonomy":"product_brand","embeddable":true,"href":"https:\/\/energizer.com\/eu\/poland\/wp-json\/wp\/v2\/product_brand?post=5205"},{"taxonomy":"product_cat","embeddable":true,"href":"https:\/\/energizer.com\/eu\/poland\/wp-json\/wp\/v2\/product_cat?post=5205"},{"taxonomy":"product_tag","embeddable":true,"href":"https:\/\/energizer.com\/eu\/poland\/wp-json\/wp\/v2\/product_tag?post=5205"}],"curies":[{"name":"wp","href":"https:\/\/api.w.org\/{rel}","templated":true}]}}