{"id":5208,"date":"2024-05-21T18:25:14","date_gmt":"2024-05-21T18:25:14","guid":{"rendered":"https:\/\/23b13e8ab3.nxcli.io\/poland\/?post_type=product&#038;p=5208"},"modified":"2024-08-22T04:56:44","modified_gmt":"2024-08-22T04:56:44","slug":"energizer-torch","status":"publish","type":"product","link":"https:\/\/energizer.com\/eu\/poland\/product\/energizer-torch\/","title":{"rendered":"Energizer Torch"},"content":{"rendered":"<ul>\n<li>R\u0119czna latarka z gumy Energizer z 2 bateriami AA w zestawie<\/li>\n<li>Technologia LED: Ta pot\u0119\u017cna latarka o mocy 125 lumen\u00f3w ma zasi\u0119g 100 metr\u00f3w i zapewnia 10 razy ja\u015bniejsze \u015bwiat\u0142o ni\u017c standardowa technologia LED<\/li>\n<li>Wszechstronne zastosowanie bez dotykowym: Wygodny, wbudowany stojak i zintegrowana p\u0119tla na smycz sprawiaj\u0105, \u017ce ta gumowa latarka idealnie nadaje si\u0119 do projekt\u00f3w typu \u201ezr\u00f3b to sam\u201d i wszelkich czynno\u015bci wymagaj\u0105cych obu r\u0105k<\/li>\n<li>Trwa\u0142a gumowa konstrukcja: Solidna konstrukcja z odporn\u0105 na st\u0142uczenie soczewk\u0105 chroni przed uszkodzeniem<\/li>\n<li>Godziny pracy: Latarka LED Energizer charakteryzuje si\u0119 d\u0142ugim czasem pracy, \u015bwiec\u0105c a\u017c do 12 godzin<\/li>\n<li>Wygodny rozmiar: Trzymaj t\u0119 lekk\u0105, wydajn\u0105 latark\u0119 w szufladzie, samochodzie, domowym zestawie awaryjnym lub no\u015b j\u0105 w torbie<\/li>\n<li>Niezawodne zasilanie: Zaufaj firmie Energizer, kt\u00f3ra dostarczy obiecan\u0105 pot\u0119\u017cn\u0105 wydajno\u015b\u0107<\/li>\n<\/ul>\n","protected":false},"excerpt":{"rendered":"<p>O\u015bwietl swoje otoczenie bez wysi\u0142ku dzi\u0119ki tej wydajnej i mocnej latarce. Gumowa latarka r\u0119czna Energizer zapewnia wyj\u0105tkow\u0105 jasno\u015b\u0107 nawet przez 12 godzin &#8211; niezale\u017cnie od tego, czy wyruszasz na poszukiwanie przyg\u00f3d, czy przygotowujesz si\u0119 na wypadek sytuacji awaryjnych w domu. Idealna na kemping, do majsterkowania lub w przypadku przerw w dostawie pr\u0105du w domu, 125-lumenowa latarka r\u0119czna mo\u017ce rozja\u015bni\u0107 najciemniejsze miejsca, o\u015bwietlaj\u0105c do 100 metr\u00f3w. Dzi\u0119ki wbudowanemu stojakowi mo\u017cesz jej u\u017cywa\u0107 jako \u015bwiat\u0142a bez u\u017cycia r\u0105k podczas majsterkowania lub dowolnej czynno\u015bci wymagaj\u0105cej u\u017cycia obu r\u0105k. Zintegrowana p\u0119tla u\u0142atwia przypi\u0119cie do smyczy lub karabi\u0144czyka dla wi\u0119kszej wygody.<\/p>\n","protected":false},"featured_media":0,"template":"","meta":{"_acf_changed":false},"product_brand":[],"product_cat":[97],"product_tag":[],"class_list":{"0":"post-5208","1":"product","2":"type-product","3":"status-publish","5":"product_cat-handheld","7":"first","8":"instock","9":"shipping-taxable","10":"product-type-simple"},"acf":[],"_links":{"self":[{"href":"https:\/\/energizer.com\/eu\/poland\/wp-json\/wp\/v2\/product\/5208","targetHints":{"allow":["GET"]}}],"collection":[{"href":"https:\/\/energizer.com\/eu\/poland\/wp-json\/wp\/v2\/product"}],"about":[{"href":"https:\/\/energizer.com\/eu\/poland\/wp-json\/wp\/v2\/types\/product"}],"version-history":[{"count":6,"href":"https:\/\/energizer.com\/eu\/poland\/wp-json\/wp\/v2\/product\/5208\/revisions"}],"predecessor-version":[{"id":9786,"href":"https:\/\/energizer.com\/eu\/poland\/wp-json\/wp\/v2\/product\/5208\/revisions\/9786"}],"wp:attachment":[{"href":"https:\/\/energizer.com\/eu\/poland\/wp-json\/wp\/v2\/media?parent=5208"}],"wp:term":[{"taxonomy":"product_brand","embeddable":true,"href":"https:\/\/energizer.com\/eu\/poland\/wp-json\/wp\/v2\/product_brand?post=5208"},{"taxonomy":"product_cat","embeddable":true,"href":"https:\/\/energizer.com\/eu\/poland\/wp-json\/wp\/v2\/product_cat?post=5208"},{"taxonomy":"product_tag","embeddable":true,"href":"https:\/\/energizer.com\/eu\/poland\/wp-json\/wp\/v2\/product_tag?post=5208"}],"curies":[{"name":"wp","href":"https:\/\/api.w.org\/{rel}","templated":true}]}}