{"id":5212,"date":"2024-05-21T18:37:35","date_gmt":"2024-05-21T18:37:35","guid":{"rendered":"https:\/\/23b13e8ab3.nxcli.io\/poland\/?post_type=product&#038;p=5212"},"modified":"2024-08-22T04:56:25","modified_gmt":"2024-08-22T04:56:25","slug":"energizer-led-pocket-torch","status":"publish","type":"product","link":"https:\/\/energizer.com\/eu\/poland\/product\/energizer-led-pocket-torch\/","title":{"rendered":"Energizer LED Pocket Torch"},"content":{"rendered":"<ul>\n<li>Kompaktowa i lekka latarka LED dzia\u0142a na 2 bateriach Energizer MAX AAA (w zestawie)<\/li>\n<li>Latarka kieszonkowa zapewnia do 19 godzin pracy i do 45 lumen\u00f3w, czyli 10 razy ja\u015bniejsze \u015bwiat\u0142o w por\u00f3wnaniu ze standardow\u0105 technologi\u0105 LED<\/li>\n<li>\u015awieci na odleg\u0142o\u015b\u0107 do 44 metr\u00f3w, dzi\u0119ki czemu idealnie nadaje si\u0119 do wszelkich zastosowa\u0144, od projekt\u00f3w DIY w domu po aktywno\u015bci na zewn\u0105trz, takie jak nocne spacery z psami<\/li>\n<li>Ta mini-latarka LED jest odporna na upadki z wysoko\u015bci do 1 metra i jest idealna do kieszeni, torebek i plecak\u00f3w<\/li>\n<li>Ta ma\u0142a latarka ma \u0142atwy do znalezienia teksturowany prze\u0142\u0105cznik i p\u0119telk\u0119 na smycz lub breloczek do kluczy<\/li>\n<\/ul>\n","protected":false},"excerpt":{"rendered":"<p>Kompaktowy, lekki i niezawodny. To doskonale opisuje latark\u0119 kieszonkow\u0105 Energizer LED. Wyci\u0105gnij t\u0119 ma\u0142\u0105 latark\u0119, kt\u00f3ra emituje \u015bwiat\u0142o o mocy do 45 lumen\u00f3w, a \u015bwiat\u0142o jest 10 razy ja\u015bniejsze w por\u00f3wnaniu ze standardow\u0105 technologi\u0105 LED. Czas pracy wynosi do 19 godzin, wi\u0119c nie trzeba go u\u017cywa\u0107 oszcz\u0119dnie. To niezawodna latarka kieszonkowa odporna na uderzenia i upadki z wysoko\u015bci do 1 metra. Ta mini-dioda LED ma oczywi\u015bcie w\u0142\u0105cznik i jest wypuk\u0142a, dzi\u0119ki czemu mo\u017cna j\u0105 znale\u017a\u0107 i obs\u0142ugiwa\u0107 za pomoc\u0105 dotyku. Trzymaj j\u0105 przy projektach typu \u201ezr\u00f3b to sam\u201d \u2013 dzi\u0119ki p\u0142askiej podstawie doskonale sprawdza si\u0119 jako lampa robocza. Wsad\u017a jedn\u0105 w torebce na wypadek sytuacji awaryjnych. Mo\u017cna go \u0142atwo w\u0142o\u017cy\u0107 do plecak\u00f3w dzieci (kt\u00f3re naprawd\u0119 lubi\u0105 latarki).<\/p>\n","protected":false},"featured_media":0,"template":"","meta":{"_acf_changed":false},"product_brand":[],"product_cat":[97],"product_tag":[],"class_list":{"0":"post-5212","1":"product","2":"type-product","3":"status-publish","5":"product_cat-handheld","7":"first","8":"instock","9":"shipping-taxable","10":"product-type-simple"},"acf":[],"_links":{"self":[{"href":"https:\/\/energizer.com\/eu\/poland\/wp-json\/wp\/v2\/product\/5212","targetHints":{"allow":["GET"]}}],"collection":[{"href":"https:\/\/energizer.com\/eu\/poland\/wp-json\/wp\/v2\/product"}],"about":[{"href":"https:\/\/energizer.com\/eu\/poland\/wp-json\/wp\/v2\/types\/product"}],"version-history":[{"count":6,"href":"https:\/\/energizer.com\/eu\/poland\/wp-json\/wp\/v2\/product\/5212\/revisions"}],"predecessor-version":[{"id":9788,"href":"https:\/\/energizer.com\/eu\/poland\/wp-json\/wp\/v2\/product\/5212\/revisions\/9788"}],"wp:attachment":[{"href":"https:\/\/energizer.com\/eu\/poland\/wp-json\/wp\/v2\/media?parent=5212"}],"wp:term":[{"taxonomy":"product_brand","embeddable":true,"href":"https:\/\/energizer.com\/eu\/poland\/wp-json\/wp\/v2\/product_brand?post=5212"},{"taxonomy":"product_cat","embeddable":true,"href":"https:\/\/energizer.com\/eu\/poland\/wp-json\/wp\/v2\/product_cat?post=5212"},{"taxonomy":"product_tag","embeddable":true,"href":"https:\/\/energizer.com\/eu\/poland\/wp-json\/wp\/v2\/product_tag?post=5212"}],"curies":[{"name":"wp","href":"https:\/\/api.w.org\/{rel}","templated":true}]}}