{"id":5215,"date":"2024-05-21T18:40:19","date_gmt":"2024-05-21T18:40:19","guid":{"rendered":"https:\/\/23b13e8ab3.nxcli.io\/poland\/?post_type=product&#038;p=5215"},"modified":"2024-08-23T13:28:31","modified_gmt":"2024-08-23T13:28:31","slug":"energizer-led-torch","status":"publish","type":"product","link":"https:\/\/energizer.com\/eu\/poland\/product\/energizer-led-torch\/","title":{"rendered":"Energizer LED Torch 90"},"content":{"rendered":"<ul>\n<li>Metalowa latarka Energizer z 1 bia\u0142\u0105 diod\u0105 LED i 2 bateriami alkalicznymi AA w zestawie<\/li>\n<li>Super jasna latarka: Ta latarka LED o mocy 90 lumen\u00f3w zapewnia wyj\u0105tkow\u0105 jasno\u015b\u0107 i wysok\u0105 wydajno\u015b\u0107, dzi\u0119ki czemu widzisz na odleg\u0142o\u015b\u0107 do 45<\/li>\n<li>Metr\u00f3w, zapewniaj\u0105c 4x ja\u015bniejsze \u015bwiat\u0142o ni\u017c standardowa technologia LED<\/li>\n<li>Du\u017ca wszechstronno\u015b\u0107: Ta \u0142atwa w u\u017cyciu, kompaktowa latarka LED jest niezast\u0105piona podczas przerw w dostawie pr\u0105du, prac domowych i nie tylko<\/li>\n<li>Trwa\u0142a konstrukcja: Idealna do d\u0142ugotrwa\u0142ego u\u017cytkowania, ta solidna latarka jest odporna na uderzenia z wysoko\u015bci do 1 metra<\/li>\n<li>Godziny pracy:\u202fLatarka Energizer LED mo\u017ce \u015bwieci\u0107 a\u017c do 25 godzin<\/li>\n<li>Lekki: Trzymaj t\u0119 wszechstronn\u0105, smuk\u0142\u0105 latark\u0119 w szufladzie, samochodzie, domowym zestawie awaryjnym lub no\u015b j\u0105 w torbie<\/li>\n<li>\u0141atwa do trzymania konstrukcja: Wygodna konstrukcja z teksturowan\u0105 powierzchni\u0105 zapewniaj\u0105c\u0105 pewny chwyt oraz tylny prze\u0142\u0105cznik przyciskowy umo\u017cliwiaj\u0105 \u0142atwe trzymanie i u\u017cywanie<\/li>\n<\/ul>\n","protected":false},"excerpt":{"rendered":"<p>O\u015bwietl swoje otoczenie bez wysi\u0142ku dzi\u0119ki wydajnej, super jasnej latarce r\u0119cznej. Metalowa latarka Energizer zapewnia wyj\u0105tkow\u0105 jasno\u015b\u0107 nawet przez 25 godzin &#8211; niezale\u017cnie od tego, czy wyruszasz na spotkanie z przygod\u0105, czy przygotowujesz si\u0119 do domowych sytuacji awaryjnych. Idealna na kempingu, podczas majsterkowania lub w przypadku przerw w dostawie pr\u0105du w domu, latarka akumulatorowa Energizer pomo\u017ce ci odnale\u017a\u0107 drog\u0119 w ciemno\u015bci. Ta latarka LED o mocy 90 lumen\u00f3w mo\u017ce rozja\u015bni\u0107 najciemniejsze miejsca, o\u015bwietlaj\u0105c do 45 metr\u00f3w w trybie wysokim i zapewniaj\u0105c 4x ja\u015bniejsze \u015bwiat\u0142o ni\u017c standardowa technologia LED. Jest \u0142atwy do trzymania i u\u017cywania dzi\u0119ki wygodnej konstrukcji z przyciskiem w\u0142\u0105cznika i teksturowan\u0105 powierzchni\u0105 zapewniaj\u0105c\u0105 pewny chwyt.<\/p>\n","protected":false},"featured_media":0,"template":"","meta":{"_acf_changed":false},"product_brand":[],"product_cat":[97],"product_tag":[],"class_list":{"0":"post-5215","1":"product","2":"type-product","3":"status-publish","5":"product_cat-handheld","7":"first","8":"instock","9":"shipping-taxable","10":"product-type-simple"},"acf":[],"_links":{"self":[{"href":"https:\/\/energizer.com\/eu\/poland\/wp-json\/wp\/v2\/product\/5215","targetHints":{"allow":["GET"]}}],"collection":[{"href":"https:\/\/energizer.com\/eu\/poland\/wp-json\/wp\/v2\/product"}],"about":[{"href":"https:\/\/energizer.com\/eu\/poland\/wp-json\/wp\/v2\/types\/product"}],"version-history":[{"count":7,"href":"https:\/\/energizer.com\/eu\/poland\/wp-json\/wp\/v2\/product\/5215\/revisions"}],"predecessor-version":[{"id":10565,"href":"https:\/\/energizer.com\/eu\/poland\/wp-json\/wp\/v2\/product\/5215\/revisions\/10565"}],"wp:attachment":[{"href":"https:\/\/energizer.com\/eu\/poland\/wp-json\/wp\/v2\/media?parent=5215"}],"wp:term":[{"taxonomy":"product_brand","embeddable":true,"href":"https:\/\/energizer.com\/eu\/poland\/wp-json\/wp\/v2\/product_brand?post=5215"},{"taxonomy":"product_cat","embeddable":true,"href":"https:\/\/energizer.com\/eu\/poland\/wp-json\/wp\/v2\/product_cat?post=5215"},{"taxonomy":"product_tag","embeddable":true,"href":"https:\/\/energizer.com\/eu\/poland\/wp-json\/wp\/v2\/product_tag?post=5215"}],"curies":[{"name":"wp","href":"https:\/\/api.w.org\/{rel}","templated":true}]}}