{"id":5222,"date":"2024-05-21T18:47:18","date_gmt":"2024-05-21T18:47:18","guid":{"rendered":"https:\/\/23b13e8ab3.nxcli.io\/poland\/?post_type=product&#038;p=5222"},"modified":"2024-08-22T04:56:07","modified_gmt":"2024-08-22T04:56:07","slug":"energizer-opp-led-torch-2d","status":"publish","type":"product","link":"https:\/\/energizer.com\/eu\/poland\/product\/energizer-opp-led-torch-2d\/","title":{"rendered":"Energizer OPP LED Torch 2D"},"content":{"rendered":"<ul>\n<li>\u017bebrowana konstrukcja zapewniaj\u0105ca pewny chwyt<\/li>\n<li>\u0141atwy w obs\u0142udze prze\u0142\u0105cznik przyciskowy<\/li>\n<li>Technologia LED ja\u015bniejsza do 5 razy ni\u017c zwyk\u0142a<\/li>\n<li>D\u0142ugi czas pracy<\/li>\n<li>Wykorzystuje technologi\u0119 LED<\/li>\n<li>Dzia\u0142a na dw\u00f3ch bateriach D<\/li>\n<\/ul>\n","protected":false},"excerpt":{"rendered":"<p>Latarka LED og\u00f3lnego przeznaczenia to doskona\u0142e rozwi\u0105zanie o\u015bwietleniowe zaspokajaj\u0105ce podstawowe potrzeby. Dzi\u0119ki jasnej, energooszcz\u0119dnej technologii LED, kt\u00f3ra jest do 5 razy ja\u015bniejsza ni\u017c zwyk\u0142a technologia LED, u\u017cytkownicy otrzymuj\u0105 jasny strumie\u0144 \u015bwiat\u0142a i wyj\u0105tkowo d\u0142ugi czas pracy. \u017bebrowana konstrukcja zapewnia pewny, antypo\u015blizgowy uchwyt, a wygodny w\u0142\u0105cznik przyciskowy u\u0142atwia ka\u017cdemu u\u017cytkownikowi szybkie w\u0142\u0105czanie i wy\u0142\u0105czanie \u015bwiat\u0142a. Zasilanie jest \u0142atwe dzi\u0119ki dw\u00f3m bateriom D.<\/p>\n","protected":false},"featured_media":0,"template":"","meta":{"_acf_changed":false},"product_brand":[],"product_cat":[97],"product_tag":[],"class_list":{"0":"post-5222","1":"product","2":"type-product","3":"status-publish","5":"product_cat-handheld","7":"first","8":"instock","9":"shipping-taxable","10":"product-type-simple"},"acf":[],"_links":{"self":[{"href":"https:\/\/energizer.com\/eu\/poland\/wp-json\/wp\/v2\/product\/5222","targetHints":{"allow":["GET"]}}],"collection":[{"href":"https:\/\/energizer.com\/eu\/poland\/wp-json\/wp\/v2\/product"}],"about":[{"href":"https:\/\/energizer.com\/eu\/poland\/wp-json\/wp\/v2\/types\/product"}],"version-history":[{"count":6,"href":"https:\/\/energizer.com\/eu\/poland\/wp-json\/wp\/v2\/product\/5222\/revisions"}],"predecessor-version":[{"id":9792,"href":"https:\/\/energizer.com\/eu\/poland\/wp-json\/wp\/v2\/product\/5222\/revisions\/9792"}],"wp:attachment":[{"href":"https:\/\/energizer.com\/eu\/poland\/wp-json\/wp\/v2\/media?parent=5222"}],"wp:term":[{"taxonomy":"product_brand","embeddable":true,"href":"https:\/\/energizer.com\/eu\/poland\/wp-json\/wp\/v2\/product_brand?post=5222"},{"taxonomy":"product_cat","embeddable":true,"href":"https:\/\/energizer.com\/eu\/poland\/wp-json\/wp\/v2\/product_cat?post=5222"},{"taxonomy":"product_tag","embeddable":true,"href":"https:\/\/energizer.com\/eu\/poland\/wp-json\/wp\/v2\/product_tag?post=5222"}],"curies":[{"name":"wp","href":"https:\/\/api.w.org\/{rel}","templated":true}]}}