{"id":5224,"date":"2024-05-21T18:55:51","date_gmt":"2024-05-21T18:55:51","guid":{"rendered":"https:\/\/23b13e8ab3.nxcli.io\/poland\/?post_type=product&#038;p=5224"},"modified":"2024-08-22T04:56:00","modified_gmt":"2024-08-22T04:56:00","slug":"energizer-general-purpose-led-torch","status":"publish","type":"product","link":"https:\/\/energizer.com\/eu\/poland\/product\/energizer-general-purpose-led-torch\/","title":{"rendered":"Energizer General Purpose LED Torch"},"content":{"rendered":"<ul>\n<li>Kompaktowa, uniwersalna latarka LED zasilana 2 bateriami Energizer MAX AA (w zestawie)<\/li>\n<li>Ta latarka zapewnia 30 godzin \u015bwiat\u0142a przy 25 lumenach, 5 razy ja\u015bniejsza ni\u017c zwyk\u0142a technologia LED<\/li>\n<li>\u015awieci na odleg\u0142o\u015b\u0107 do 35 metr\u00f3w, dzi\u0119ki czemu idealnie nadaje si\u0119 do zastosowa\u0144, od projekt\u00f3w DIY w domu po zaj\u0119cia na \u015bwie\u017cym powietrzu, takie jak wieczorny grill<\/li>\n<li>Ergonomiczny prze\u0142\u0105cznik przyciskowy i antypo\u015blizgowy uchwyt wtopiony w obudow\u0119 latarki<\/li>\n<li>\u015awietnie sprawdza si\u0119 jako latarka awaryjna ze wzgl\u0119du na niewielkie rozmiary i prost\u0105 obs\u0142ug\u0119<\/li>\n<\/ul>\n","protected":false},"excerpt":{"rendered":"<p>Potrzebujesz po prostu wysokiej jako\u015bci, niezawodnej latarki, kt\u00f3ra dzia\u0142a wtedy i tak, jak tego potrzebujesz. Kup wi\u0119c Energizer latark\u0119 LED og\u00f3lnego przeznaczenia. W\u0142\u0105cz \u015bwiat\u0142o o mocy 25 lumen\u00f3w, kt\u00f3re jest 5 razy ja\u015bniejsze ni\u017c w przypadku zwyk\u0142ej technologii LED i ma 30 godzin pracy. Aktywacja tej latarki LED jest tak prosta, jak jedno naci\u015bni\u0119cie dobrze zaprojektowanego przycisku. Posiada formowany antypo\u015blizgowy uchwyt i jest wyposa\u017cony w pasek na nadgarstek. Jest to do\u015b\u0107 kompaktowa latarka, \u0142atwo mieszcz\u0105ca si\u0119 w torebkach, du\u017cych kieszeniach i plecakach dzieci\u0119cych \u2013 kup kilka i umie\u015b\u0107 po jednej w ka\u017cdym miejscu. Trzymaj jedn\u0105 ze \u015bwiecami na wypadek przerw w dostawie pr\u0105du, w zestawie naprawczym samochodu i wsz\u0119dzie tam, gdzie przyda\u0142aby si\u0119 latarka awaryjna.<\/p>\n","protected":false},"featured_media":0,"template":"","meta":{"_acf_changed":false},"product_brand":[],"product_cat":[97],"product_tag":[],"class_list":{"0":"post-5224","1":"product","2":"type-product","3":"status-publish","5":"product_cat-handheld","7":"first","8":"instock","9":"shipping-taxable","10":"product-type-simple"},"acf":[],"_links":{"self":[{"href":"https:\/\/energizer.com\/eu\/poland\/wp-json\/wp\/v2\/product\/5224","targetHints":{"allow":["GET"]}}],"collection":[{"href":"https:\/\/energizer.com\/eu\/poland\/wp-json\/wp\/v2\/product"}],"about":[{"href":"https:\/\/energizer.com\/eu\/poland\/wp-json\/wp\/v2\/types\/product"}],"version-history":[{"count":6,"href":"https:\/\/energizer.com\/eu\/poland\/wp-json\/wp\/v2\/product\/5224\/revisions"}],"predecessor-version":[{"id":9793,"href":"https:\/\/energizer.com\/eu\/poland\/wp-json\/wp\/v2\/product\/5224\/revisions\/9793"}],"wp:attachment":[{"href":"https:\/\/energizer.com\/eu\/poland\/wp-json\/wp\/v2\/media?parent=5224"}],"wp:term":[{"taxonomy":"product_brand","embeddable":true,"href":"https:\/\/energizer.com\/eu\/poland\/wp-json\/wp\/v2\/product_brand?post=5224"},{"taxonomy":"product_cat","embeddable":true,"href":"https:\/\/energizer.com\/eu\/poland\/wp-json\/wp\/v2\/product_cat?post=5224"},{"taxonomy":"product_tag","embeddable":true,"href":"https:\/\/energizer.com\/eu\/poland\/wp-json\/wp\/v2\/product_tag?post=5224"}],"curies":[{"name":"wp","href":"https:\/\/api.w.org\/{rel}","templated":true}]}}