{"id":5231,"date":"2024-05-21T19:11:41","date_gmt":"2024-05-21T19:11:41","guid":{"rendered":"https:\/\/23b13e8ab3.nxcli.io\/poland\/?post_type=product&#038;p=5231"},"modified":"2024-08-22T04:53:46","modified_gmt":"2024-08-22T04:53:46","slug":"energizer-touch-tech-handheld","status":"publish","type":"product","link":"https:\/\/energizer.com\/eu\/poland\/product\/energizer-touch-tech-handheld\/","title":{"rendered":"Energizer Touch Tech handheld"},"content":{"rendered":"<ul>\n<li>Bezprze\u0142\u0105cznikowe w\u0142\u0105czanie\/wy\u0142\u0105czanie moc\u0105 dotykow\u0105<\/li>\n<li>Zaprojektowane z my\u015bl\u0105 o maksymalnej wygodzie, chwyci\u0107 \u015bwiat\u0142o, aby uzyska\u0107 natychmiastowe o\u015bwietlenie i zwolnij j\u0105, aby p\u0142ynnie wy\u0142\u0105czy\u0107<\/li>\n<li>Do 10 razy ja\u015bniejsza ni\u017c standardowa technologia LED<\/li>\n<li>Lekki, wytrzyma\u0142y korpus<\/li>\n<li>Wytrzymuje upadek z wysoko\u015bci 1 m<\/li>\n<li>Zintegrowana p\u0119tla na smycz<\/li>\n<li>W zestawie 2 baterie alkaliczne AA<\/li>\n<\/ul>\n","protected":false},"excerpt":{"rendered":"<p>R\u0119czna latarka Energizer z technologi\u0105 Touch Tech \u0142\u0105czy w sobie najnowsz\u0105 opatentowan\u0105 technologi\u0119, zapewniaj\u0105c \u0142atw\u0105 i intuicyjn\u0105 obs\u0142ug\u0119. Dzi\u0119ki innowacji bezprzyciskowej Touch Tech u\u017cytkownicy uzyskuj\u0105 natychmiastowe o\u015bwietlenie i jasn\u0105, jednolit\u0105 wi\u0105zk\u0119 \u015bwiat\u0142a po prostu chwytaj\u0105c \u015bwiat\u0142o. Po zako\u0144czeniu u\u017cywania wystarczy zwolni\u0107 uchwyt, a Touch Tech p\u0142ynnie wy\u0142\u0105czy \u015bwiat\u0142o. Touch Tech gwarantuje, \u017ce latarka nigdy nie zostanie przypadkowo w\u0142\u0105czona i pomaga wyd\u0142u\u017cy\u0107 \u017cywotno\u015b\u0107 baterii. Dzi\u0119ki konstrukcji odpornej na uderzenia u\u017cytkownicy zyskuj\u0105 trwa\u0142e urz\u0105dzenie odpowiednie do r\u00f3\u017cnorodnych zada\u0144. Po prostu we\u017a i id\u017a z najlepsz\u0105, \u0142atw\u0105 w u\u017cyciu latark\u0105 firmy Energizer.<\/p>\n","protected":false},"featured_media":0,"template":"","meta":{"_acf_changed":false},"product_brand":[],"product_cat":[97],"product_tag":[],"class_list":{"0":"post-5231","1":"product","2":"type-product","3":"status-publish","5":"product_cat-handheld","7":"first","8":"instock","9":"shipping-taxable","10":"product-type-simple"},"acf":[],"_links":{"self":[{"href":"https:\/\/energizer.com\/eu\/poland\/wp-json\/wp\/v2\/product\/5231","targetHints":{"allow":["GET"]}}],"collection":[{"href":"https:\/\/energizer.com\/eu\/poland\/wp-json\/wp\/v2\/product"}],"about":[{"href":"https:\/\/energizer.com\/eu\/poland\/wp-json\/wp\/v2\/types\/product"}],"version-history":[{"count":6,"href":"https:\/\/energizer.com\/eu\/poland\/wp-json\/wp\/v2\/product\/5231\/revisions"}],"predecessor-version":[{"id":9796,"href":"https:\/\/energizer.com\/eu\/poland\/wp-json\/wp\/v2\/product\/5231\/revisions\/9796"}],"wp:attachment":[{"href":"https:\/\/energizer.com\/eu\/poland\/wp-json\/wp\/v2\/media?parent=5231"}],"wp:term":[{"taxonomy":"product_brand","embeddable":true,"href":"https:\/\/energizer.com\/eu\/poland\/wp-json\/wp\/v2\/product_brand?post=5231"},{"taxonomy":"product_cat","embeddable":true,"href":"https:\/\/energizer.com\/eu\/poland\/wp-json\/wp\/v2\/product_cat?post=5231"},{"taxonomy":"product_tag","embeddable":true,"href":"https:\/\/energizer.com\/eu\/poland\/wp-json\/wp\/v2\/product_tag?post=5231"}],"curies":[{"name":"wp","href":"https:\/\/api.w.org\/{rel}","templated":true}]}}