{"id":5235,"date":"2024-05-21T19:15:56","date_gmt":"2024-05-21T19:15:56","guid":{"rendered":"https:\/\/23b13e8ab3.nxcli.io\/poland\/?post_type=product&#038;p=5235"},"modified":"2024-08-22T04:53:34","modified_gmt":"2024-08-22T04:53:34","slug":"energizer-metal-pen-light","status":"publish","type":"product","link":"https:\/\/energizer.com\/eu\/poland\/product\/energizer-metal-pen-light\/","title":{"rendered":"Energizer Metal Pen Light"},"content":{"rendered":"<ul>\n<li>Trwa\u0142a konstrukcja z wytrzyma\u0142ym, metalowym klipsem<\/li>\n<li>Odporny na upadki<\/li>\n<li>\u0141atwy w obs\u0142udze prze\u0142\u0105cznik tylny<\/li>\n<li>Do 4 razy ja\u015bniejszy ni\u017c standardowa technologia LED<\/li>\n<li>D\u0142ugi czas pracy<\/li>\n<li>Wyposa\u017cony w technologi\u0119 LED<\/li>\n<li>Dzia\u0142a na 2 bateriach AAA<\/li>\n<\/ul>\n","protected":false},"excerpt":{"rendered":"<p>Metalowa latarka w kszta\u0142cie d\u0142ugopisu Energizer zapewnia wyj\u0105tkow\u0105 jasno\u015b\u0107 i wydajno\u015b\u0107, a wszystko to w trwa\u0142ej metalowej konstrukcji. Zaprojektowana, aby zapewni\u0107 u\u017cytkownikom jasne o\u015bwietlenie kierunkowe, \u015bwiat\u0142o doskonale nadaje si\u0119 do stosowania w ma\u0142ych pomieszczeniach. Energizer Metal Pen Light jest lekki, kompaktowy i \u0142atwo mie\u015bci si\u0119 w kieszeni. Solidny, metalowy klips zapewnia solidne mocowanie i sprawia, \u017ce \u200b\u200bEnergizer Metal Pen Light jest doskona\u0142ym rozwi\u0105zaniem w domu lub w pracy.<\/p>\n","protected":false},"featured_media":0,"template":"","meta":{"_acf_changed":false},"product_brand":[],"product_cat":[97],"product_tag":[],"class_list":{"0":"post-5235","1":"product","2":"type-product","3":"status-publish","5":"product_cat-handheld","7":"first","8":"instock","9":"shipping-taxable","10":"product-type-simple"},"acf":[],"_links":{"self":[{"href":"https:\/\/energizer.com\/eu\/poland\/wp-json\/wp\/v2\/product\/5235","targetHints":{"allow":["GET"]}}],"collection":[{"href":"https:\/\/energizer.com\/eu\/poland\/wp-json\/wp\/v2\/product"}],"about":[{"href":"https:\/\/energizer.com\/eu\/poland\/wp-json\/wp\/v2\/types\/product"}],"version-history":[{"count":5,"href":"https:\/\/energizer.com\/eu\/poland\/wp-json\/wp\/v2\/product\/5235\/revisions"}],"predecessor-version":[{"id":9798,"href":"https:\/\/energizer.com\/eu\/poland\/wp-json\/wp\/v2\/product\/5235\/revisions\/9798"}],"wp:attachment":[{"href":"https:\/\/energizer.com\/eu\/poland\/wp-json\/wp\/v2\/media?parent=5235"}],"wp:term":[{"taxonomy":"product_brand","embeddable":true,"href":"https:\/\/energizer.com\/eu\/poland\/wp-json\/wp\/v2\/product_brand?post=5235"},{"taxonomy":"product_cat","embeddable":true,"href":"https:\/\/energizer.com\/eu\/poland\/wp-json\/wp\/v2\/product_cat?post=5235"},{"taxonomy":"product_tag","embeddable":true,"href":"https:\/\/energizer.com\/eu\/poland\/wp-json\/wp\/v2\/product_tag?post=5235"}],"curies":[{"name":"wp","href":"https:\/\/api.w.org\/{rel}","templated":true}]}}