{"id":5237,"date":"2024-05-21T19:18:06","date_gmt":"2024-05-21T19:18:06","guid":{"rendered":"https:\/\/23b13e8ab3.nxcli.io\/poland\/?post_type=product&#038;p=5237"},"modified":"2024-08-22T04:53:30","modified_gmt":"2024-08-22T04:53:30","slug":"energizer-handheld-led-torch-with-magnet","status":"publish","type":"product","link":"https:\/\/energizer.com\/eu\/poland\/product\/energizer-handheld-led-torch-with-magnet\/","title":{"rendered":"Energizer Handheld LED Torch with Magnet"},"content":{"rendered":"<ul>\n<li>Latarka r\u0119czna Energizer z magnesem i 2 bateriami alkalicznymi AA w zestawie<\/li>\n<li>Super jasna latarka: To \u015bwiat\u0142o LED o mocy 50 lumen\u00f3w zapewnia wysok\u0105 wydajno\u015b\u0107, umo\u017cliwiaj\u0105c widoczno\u015b\u0107 do 50 metr\u00f3w<\/li>\n<li>Wszechstronne zastosowanie: Ta \u0142atwa w obs\u0142udze latarka magnetyczna idealnie nadaje si\u0119 do czynno\u015bci wymagaj\u0105cych obu r\u0105k<\/li>\n<li>Trwa\u0142a konstrukcja: Idealne do d\u0142ugotrwa\u0142ego u\u017cytkowania, trwa\u0142e \u015bwiat\u0142o LED w tej latarki nigdy nie wymaga wymiany<\/li>\n<li>Godziny pracy:\u202fLampa inspekcyjna LED Energizer mo\u017ce \u015bwieci\u0107 do 40 godzin<\/li>\n<li>\u0141atwa do trzymania konstrukcja: Wygodna konstrukcja ze smycz\u0105 na nadgarstek i przyciskiem umo\u017cliwia \u0142atwy chwyt i u\u017cytkowanie<\/li>\n<li>Lekki: U\u017cyj do\u0142\u0105czonej smyczy na nadgarstek, aby z \u0142atwo\u015bci\u0105 nosi\u0107 t\u0119 lekk\u0105 latark\u0119 w dowolnym miejscu<\/li>\n<\/ul>\n","protected":false},"excerpt":{"rendered":"<p>O\u015bwietl swoje otoczenie bez wysi\u0142ku dzi\u0119ki tej wydajnej, super jasnej latarce. Latarka r\u0119czna Energizer 2AA zapewnia wyj\u0105tkow\u0105 jasno\u015b\u0107 nawet przez 40 godzin &#8211; niezale\u017cnie od tego, czy wyruszasz na poszukiwanie przyg\u00f3d, czy przygotowujesz si\u0119 do domowych sytuacji awaryjnych. Idealna na kempingu, podczas majsterkowania lub w przypadku przerw w dostawie pr\u0105du w domu, latarka akumulatorowa Energizer pomo\u017ce ci odnale\u017a\u0107 drog\u0119 w ciemno\u015bci. Latarka LED o jasno\u015bci 50 lumen\u00f3w mo\u017ce rozja\u015bni\u0107 najciemniejsze miejsca, o\u015bwietlaj\u0105c do 50 metr\u00f3w i jest wyposa\u017cona w diod\u0119 LED o d\u0142ugiej \u017cywotno\u015bci, kt\u00f3ra nigdy nie wymaga wymiany. Przymocuj j\u0105 do metalowych powierzchni za pomoc\u0105 wbudowanego magnesu, aby u\u017cywa\u0107 jej bez u\u017cycia r\u0105k podczas ka\u017cdej czynno\u015bci, kt\u00f3ra wymaga u\u017cycia obu r\u0105k.<\/p>\n","protected":false},"featured_media":0,"template":"","meta":{"_acf_changed":false},"product_brand":[],"product_cat":[97],"product_tag":[],"class_list":{"0":"post-5237","1":"product","2":"type-product","3":"status-publish","5":"product_cat-handheld","7":"first","8":"instock","9":"shipping-taxable","10":"product-type-simple"},"acf":[],"_links":{"self":[{"href":"https:\/\/energizer.com\/eu\/poland\/wp-json\/wp\/v2\/product\/5237","targetHints":{"allow":["GET"]}}],"collection":[{"href":"https:\/\/energizer.com\/eu\/poland\/wp-json\/wp\/v2\/product"}],"about":[{"href":"https:\/\/energizer.com\/eu\/poland\/wp-json\/wp\/v2\/types\/product"}],"version-history":[{"count":5,"href":"https:\/\/energizer.com\/eu\/poland\/wp-json\/wp\/v2\/product\/5237\/revisions"}],"predecessor-version":[{"id":9799,"href":"https:\/\/energizer.com\/eu\/poland\/wp-json\/wp\/v2\/product\/5237\/revisions\/9799"}],"wp:attachment":[{"href":"https:\/\/energizer.com\/eu\/poland\/wp-json\/wp\/v2\/media?parent=5237"}],"wp:term":[{"taxonomy":"product_brand","embeddable":true,"href":"https:\/\/energizer.com\/eu\/poland\/wp-json\/wp\/v2\/product_brand?post=5237"},{"taxonomy":"product_cat","embeddable":true,"href":"https:\/\/energizer.com\/eu\/poland\/wp-json\/wp\/v2\/product_cat?post=5237"},{"taxonomy":"product_tag","embeddable":true,"href":"https:\/\/energizer.com\/eu\/poland\/wp-json\/wp\/v2\/product_tag?post=5237"}],"curies":[{"name":"wp","href":"https:\/\/api.w.org\/{rel}","templated":true}]}}