{"id":5241,"date":"2024-05-21T19:22:49","date_gmt":"2024-05-21T19:22:49","guid":{"rendered":"https:\/\/23b13e8ab3.nxcli.io\/poland\/?post_type=product&#038;p=5241"},"modified":"2024-08-22T04:53:19","modified_gmt":"2024-08-22T04:53:19","slug":"energizer-atex-2d","status":"publish","type":"product","link":"https:\/\/energizer.com\/eu\/poland\/product\/energizer-atex-2d\/","title":{"rendered":"Energizer ATEX 2D"},"content":{"rendered":"<ul>\n<li>Wewn\u0119trznie bezpieczny (ATEX) r\u0119czny<\/li>\n<li>Zakres roboczy temperatury otoczenia od -20\u00b0C do 40\u00b0C<\/li>\n<li>Podzia\u0142 I, Klasa I, II i III<\/li>\n<li>IECEx to bezpiecze\u0144stwo wewn\u0119trzne<\/li>\n<li>EN60529 stopie\u0144 ochrony przed dost\u0119pem IP67<\/li>\n<li>\u017bebrowana obudowa zapewniaj\u0105ca pewny chwyt<\/li>\n<li>Testowane zgodnie ze standardem ANSI FL 1 przy u\u017cyciu baterii Energizer MAX<\/li>\n<\/ul>\n","protected":false},"excerpt":{"rendered":"<p>Zatwierdzona przez \u015bwiatowe agencje bezpiecze\u0144stwa, Energizer Intrinsically Safe Atex o\u015bwietlenie LED jest zdolne do pracy w najci\u0119\u017cszych warunkach. Zaprojektowana z my\u015bl\u0105 o rzemio\u015ble przemys\u0142owym, to wysokowydajne o\u015bwietlenie posiada certyfikat wodoodporno\u015bci IP67 i wytrzymuje upadek po upadku z wysoko\u015bci do 1 metra. Aby zapewni\u0107 u\u017cytkownikowi bezpiecze\u0144stwo, p\u0119tla na smycz u\u0142atwia dost\u0119p w pracy, a pomara\u0144czowy kolor bezpiecze\u0144stwa zapewnia natychmiastowe rozpoznanie. Technologia LED zapewnia jednolite o\u015bwietlenie o mocy do 150 lumen\u00f3w przez czas trwania 40 godzin, dzi\u0119ki czemu mo\u017cesz d\u0142u\u017cej by\u0107 aktywny.<\/p>\n","protected":false},"featured_media":0,"template":"","meta":{"_acf_changed":false},"product_brand":[],"product_cat":[97],"product_tag":[],"class_list":{"0":"post-5241","1":"product","2":"type-product","3":"status-publish","5":"product_cat-handheld","7":"first","8":"instock","9":"shipping-taxable","10":"product-type-simple"},"acf":[],"_links":{"self":[{"href":"https:\/\/energizer.com\/eu\/poland\/wp-json\/wp\/v2\/product\/5241","targetHints":{"allow":["GET"]}}],"collection":[{"href":"https:\/\/energizer.com\/eu\/poland\/wp-json\/wp\/v2\/product"}],"about":[{"href":"https:\/\/energizer.com\/eu\/poland\/wp-json\/wp\/v2\/types\/product"}],"version-history":[{"count":7,"href":"https:\/\/energizer.com\/eu\/poland\/wp-json\/wp\/v2\/product\/5241\/revisions"}],"predecessor-version":[{"id":10516,"href":"https:\/\/energizer.com\/eu\/poland\/wp-json\/wp\/v2\/product\/5241\/revisions\/10516"}],"wp:attachment":[{"href":"https:\/\/energizer.com\/eu\/poland\/wp-json\/wp\/v2\/media?parent=5241"}],"wp:term":[{"taxonomy":"product_brand","embeddable":true,"href":"https:\/\/energizer.com\/eu\/poland\/wp-json\/wp\/v2\/product_brand?post=5241"},{"taxonomy":"product_cat","embeddable":true,"href":"https:\/\/energizer.com\/eu\/poland\/wp-json\/wp\/v2\/product_cat?post=5241"},{"taxonomy":"product_tag","embeddable":true,"href":"https:\/\/energizer.com\/eu\/poland\/wp-json\/wp\/v2\/product_tag?post=5241"}],"curies":[{"name":"wp","href":"https:\/\/api.w.org\/{rel}","templated":true}]}}