{"id":5245,"date":"2024-05-21T19:26:15","date_gmt":"2024-05-21T19:26:15","guid":{"rendered":"https:\/\/23b13e8ab3.nxcli.io\/poland\/?post_type=product&#038;p=5245"},"modified":"2024-08-22T04:53:10","modified_gmt":"2024-08-22T04:53:10","slug":"energizer-compact-sport-led-headlamp","status":"publish","type":"product","link":"https:\/\/energizer.com\/eu\/poland\/product\/energizer-compact-sport-led-headlamp\/","title":{"rendered":"Energizer Compact Sport LED Headlamp"},"content":{"rendered":"<ul>\n<li>Latarka czo\u0142owa Energizer Compact Sport LED jest dostarczana z 2 bateriami AAA<\/li>\n<li>O\u015bwietl swoj\u0105 drog\u0119 jasno\u015bci\u0105 do 125 lumen\u00f3w (w trybie wysokim)<\/li>\n<li>Specjalnie wykonany sportowy pa\u0142\u0105k zapewnia wyj\u0105tkowy komfort i mo\u017cna go pra\u0107, co u\u0142atwia ponowne u\u017cycie<\/li>\n<li>Prze\u0142\u0105cza pomi\u0119dzy 2 trybami o\u015bwietlenia dla optymalnego u\u017cytkowania na zewn\u0105trz: wysokie i niskie<\/li>\n<li>Biegaj lub spaceruj tak d\u0142ugo, jak chcesz, dzi\u0119ki 7 godzinom dzia\u0142ania (w trybie wysokim)<\/li>\n<li>Idealny do biegania dzi\u0119ki szerokim strumieniu \u015bwiat\u0142a<\/li>\n<\/ul>\n","protected":false},"excerpt":{"rendered":"<p>Biegaj i w\u0119druj bezpiecznie po zmroku: Latarka czo\u0142owa Energizer Compact Sport LED wskazuje drog\u0119 za pomoc\u0105 \u0142atwego w u\u017cyciu \u015bwiat\u0142a. Po prostu za\u0142\u00f3\u017c latark\u0119 czo\u0142ow\u0105 i zacznij biega\u0107 z jasno\u015bci\u0105 do 100 lumen\u00f3w (w trybie wysokim), aby o\u015bwietli\u0107 swoj\u0105 \u015bcie\u017ck\u0119. Tw\u00f3j komfort gwarantuje wyj\u0105tkowa sportowa opaska na g\u0142ow\u0119, kt\u00f3ra pozostaje na swoim miejscu niezale\u017cnie od tego, jak d\u0142ugo trwa trening. Ta latarka czo\u0142owa jest r\u00f3wnie\u017c idealna podczas przerwy w dostawie pr\u0105du lub nawet podczas wykonywania czynno\u015bci z ma\u0142ej odleg\u0142o\u015bci, takich jak projekty DIY. Zachowaj sportowo\u015b\u0107 i bezpiecze\u0144stwo dzi\u0119ki latarce czo\u0142owej Energizer Compact Sport LED.<\/p>\n","protected":false},"featured_media":0,"template":"","meta":{"_acf_changed":false},"product_brand":[],"product_cat":[43],"product_tag":[],"class_list":{"0":"post-5245","1":"product","2":"type-product","3":"status-publish","5":"product_cat-hands-free","7":"first","8":"instock","9":"shipping-taxable","10":"product-type-simple"},"acf":[],"_links":{"self":[{"href":"https:\/\/energizer.com\/eu\/poland\/wp-json\/wp\/v2\/product\/5245","targetHints":{"allow":["GET"]}}],"collection":[{"href":"https:\/\/energizer.com\/eu\/poland\/wp-json\/wp\/v2\/product"}],"about":[{"href":"https:\/\/energizer.com\/eu\/poland\/wp-json\/wp\/v2\/types\/product"}],"version-history":[{"count":7,"href":"https:\/\/energizer.com\/eu\/poland\/wp-json\/wp\/v2\/product\/5245\/revisions"}],"predecessor-version":[{"id":10515,"href":"https:\/\/energizer.com\/eu\/poland\/wp-json\/wp\/v2\/product\/5245\/revisions\/10515"}],"wp:attachment":[{"href":"https:\/\/energizer.com\/eu\/poland\/wp-json\/wp\/v2\/media?parent=5245"}],"wp:term":[{"taxonomy":"product_brand","embeddable":true,"href":"https:\/\/energizer.com\/eu\/poland\/wp-json\/wp\/v2\/product_brand?post=5245"},{"taxonomy":"product_cat","embeddable":true,"href":"https:\/\/energizer.com\/eu\/poland\/wp-json\/wp\/v2\/product_cat?post=5245"},{"taxonomy":"product_tag","embeddable":true,"href":"https:\/\/energizer.com\/eu\/poland\/wp-json\/wp\/v2\/product_tag?post=5245"}],"curies":[{"name":"wp","href":"https:\/\/api.w.org\/{rel}","templated":true}]}}