{"id":5247,"date":"2024-05-21T19:28:16","date_gmt":"2024-05-21T19:28:16","guid":{"rendered":"https:\/\/23b13e8ab3.nxcli.io\/poland\/?post_type=product&#038;p=5247"},"modified":"2024-08-22T04:52:52","modified_gmt":"2024-08-22T04:52:52","slug":"energizer-led-clip-light","status":"publish","type":"product","link":"https:\/\/energizer.com\/eu\/poland\/product\/energizer-led-clip-light\/","title":{"rendered":"Energizer LED Clip Light"},"content":{"rendered":"<ul>\n<li>Energizer Lampka do przypinania z wbudowanym klipsem i do\u0142\u0105czonymi bateriami litowymi CR2032<\/li>\n<li>Pot\u0119\u017cne \u015bwiat\u0142o: To \u015bwiat\u0142o LED zapewnia wyj\u0105tkow\u0105 jasno\u015b\u0107 i wysok\u0105 wydajno\u015b\u0107<\/li>\n<li>\u015awiat\u0142o bez u\u017cywania r\u0105k: Ta \u0142atwa w obs\u0142udze, kompaktowa latarka sprawdzi si\u0119 niezale\u017cnie od tego, czy szukasz \u015bwiat\u0142a podczas biegania, w\u0119dr\u00f3wek czy czytania<\/li>\n<li>Lekki: Kompaktowa konstrukcja lampy na klips Energizer LED z wbudowanym klipsem umo\u017cliwia \u0142atwe noszenie jej przy sobie<\/li>\n<li>Wszechstronne zastosowanie: Idealna do przypi\u0119cia do ubrania, torby, plecaka lub dowolnej innej powierzchni<\/li>\n<li>Trwa\u0142a konstrukcja: Trwa\u0142a konstrukcja z tworzywa sztucznego zapewnia ochron\u0119 przed uszkodzeniami<\/li>\n<li>Nocna wizja: Wybierz tryb czerwony do widzenia w nocy lub tryb migania na czerwono, aby zapewni\u0107 widoczno\u015b\u0107 w sytuacjach awaryjnych<\/li>\n<\/ul>\n","protected":false},"excerpt":{"rendered":"<p>O\u015bwietlaj swoje otoczenie bez wysi\u0142ku dzi\u0119ki tej wysokowydajnej lampce do noszenia. Lampa Energizer LED Clip Light zapewnia wyj\u0105tkow\u0105 jasno\u015b\u0107 podczas r\u00f3\u017cnych aktywno\u015bci w pomieszczeniach i na \u015bwie\u017cym powietrzu, a tak\u017ce jest przydatna w sytuacjach awaryjnych. Niezale\u017cnie od tego, czy biegasz, czytasz, czy pracujesz nad projektem DIY, lampka Energizer LED Clip pomo\u017ce ci znale\u017a\u0107 w\u0142a\u015bciw\u0105 drog\u0119. Wszechstronna i niezawodna lampa ma wbudowany klips, dzi\u0119ki czemu masz wolne r\u0119ce i mo\u017cesz w pe\u0142ni cieszy\u0107 si\u0119 ka\u017cd\u0105 aktywno\u015bci\u0105. Mo\u017cesz j\u0105 \u0142atwo nosi\u0107 ze sob\u0105 w dowolnym miejscu, przyczepiaj\u0105c do ubrania, torby lub plecaka lub przypinaj\u0105c do dowolnej liczby powierzchni, takich jak strony ksi\u0105\u017cki, aby u\u0142atwi\u0107 czytanie.<\/p>\n","protected":false},"featured_media":0,"template":"","meta":{"_acf_changed":false},"product_brand":[],"product_cat":[43],"product_tag":[],"class_list":{"0":"post-5247","1":"product","2":"type-product","3":"status-publish","5":"product_cat-hands-free","7":"first","8":"instock","9":"shipping-taxable","10":"product-type-simple"},"acf":[],"_links":{"self":[{"href":"https:\/\/energizer.com\/eu\/poland\/wp-json\/wp\/v2\/product\/5247","targetHints":{"allow":["GET"]}}],"collection":[{"href":"https:\/\/energizer.com\/eu\/poland\/wp-json\/wp\/v2\/product"}],"about":[{"href":"https:\/\/energizer.com\/eu\/poland\/wp-json\/wp\/v2\/types\/product"}],"version-history":[{"count":5,"href":"https:\/\/energizer.com\/eu\/poland\/wp-json\/wp\/v2\/product\/5247\/revisions"}],"predecessor-version":[{"id":9803,"href":"https:\/\/energizer.com\/eu\/poland\/wp-json\/wp\/v2\/product\/5247\/revisions\/9803"}],"wp:attachment":[{"href":"https:\/\/energizer.com\/eu\/poland\/wp-json\/wp\/v2\/media?parent=5247"}],"wp:term":[{"taxonomy":"product_brand","embeddable":true,"href":"https:\/\/energizer.com\/eu\/poland\/wp-json\/wp\/v2\/product_brand?post=5247"},{"taxonomy":"product_cat","embeddable":true,"href":"https:\/\/energizer.com\/eu\/poland\/wp-json\/wp\/v2\/product_cat?post=5247"},{"taxonomy":"product_tag","embeddable":true,"href":"https:\/\/energizer.com\/eu\/poland\/wp-json\/wp\/v2\/product_tag?post=5247"}],"curies":[{"name":"wp","href":"https:\/\/api.w.org\/{rel}","templated":true}]}}