{"id":5249,"date":"2024-05-21T19:30:10","date_gmt":"2024-05-21T19:30:10","guid":{"rendered":"https:\/\/23b13e8ab3.nxcli.io\/poland\/?post_type=product&#038;p=5249"},"modified":"2024-08-22T04:52:45","modified_gmt":"2024-08-22T04:52:45","slug":"energizer-small-sporting-rech-headlamp","status":"publish","type":"product","link":"https:\/\/energizer.com\/eu\/poland\/product\/energizer-small-sporting-rech-headlamp\/","title":{"rendered":"Energizer Small Sporting Rech. Headlamp"},"content":{"rendered":"<ul>\n<li>Mo\u017cliwo\u015b\u0107 \u0142adowania (kabel w zestawie)<\/li>\n<li>Ma\u0142a, kompaktowa i lekka konstrukcja<\/li>\n<li>Cienka, regulowana i wyj\u0105tkowo wygodna opaska, kt\u00f3ra stabilnie utrzymuje si\u0119 na g\u0142owie podczas uprawiania sportu<\/li>\n<li>Panele odblaskowe dla bezpiecze\u0144stwa (\u201eB\u0105d\u017a widoczny\u201d)<\/li>\n<\/ul>\n","protected":false},"excerpt":{"rendered":"<p>Latarka czo\u0142owa Energizer Mini Sporting to idealne \u015bwiat\u0142o do wszelkich aktywno\u015bci na \u015bwie\u017cym powietrzu lub uprawiania sportu. Kompaktowa i lekka konstrukcja w po\u0142\u0105czeniu z cienkim regulowanym paskiem na g\u0142ow\u0119 zapewniaj\u0105 uczucie \u201eniemal niewyczuwalna\u201d, co sprawia, \u017ce \u200b\u200blatarka jest niezwykle wygodna w noszeniu, a jednocze\u015bnie pozostaje stabilna na g\u0142owie podczas wszystkich aktywno\u015bci sportowych. Wi\u0105zka \u015bwiat\u0142a zosta\u0142a zbudowana z my\u015bl\u0105 o aktywnym biegaczu, a wz\u00f3r wi\u0105zki obejmuje nie tylko to, co przed Tob\u0105, ale tak\u017ce ziemi\u0119 przed Twoimi stopami, aby zmaksymalizowa\u0107 bezpiecze\u0144stwo. Latark\u0119 czo\u0142ow\u0105 Mini Sporting mo\u017cna \u0142adowa\u0107 za pomoc\u0105 standardowego z\u0142\u0105cza micro-USB, co czyni j\u0105 naprawd\u0119 wygodn\u0105 w codziennym u\u017cytkowaniu.<\/p>\n","protected":false},"featured_media":0,"template":"","meta":{"_acf_changed":false},"product_brand":[],"product_cat":[43],"product_tag":[],"class_list":{"0":"post-5249","1":"product","2":"type-product","3":"status-publish","5":"product_cat-hands-free","7":"first","8":"instock","9":"shipping-taxable","10":"product-type-simple"},"acf":[],"_links":{"self":[{"href":"https:\/\/energizer.com\/eu\/poland\/wp-json\/wp\/v2\/product\/5249","targetHints":{"allow":["GET"]}}],"collection":[{"href":"https:\/\/energizer.com\/eu\/poland\/wp-json\/wp\/v2\/product"}],"about":[{"href":"https:\/\/energizer.com\/eu\/poland\/wp-json\/wp\/v2\/types\/product"}],"version-history":[{"count":6,"href":"https:\/\/energizer.com\/eu\/poland\/wp-json\/wp\/v2\/product\/5249\/revisions"}],"predecessor-version":[{"id":10514,"href":"https:\/\/energizer.com\/eu\/poland\/wp-json\/wp\/v2\/product\/5249\/revisions\/10514"}],"wp:attachment":[{"href":"https:\/\/energizer.com\/eu\/poland\/wp-json\/wp\/v2\/media?parent=5249"}],"wp:term":[{"taxonomy":"product_brand","embeddable":true,"href":"https:\/\/energizer.com\/eu\/poland\/wp-json\/wp\/v2\/product_brand?post=5249"},{"taxonomy":"product_cat","embeddable":true,"href":"https:\/\/energizer.com\/eu\/poland\/wp-json\/wp\/v2\/product_cat?post=5249"},{"taxonomy":"product_tag","embeddable":true,"href":"https:\/\/energizer.com\/eu\/poland\/wp-json\/wp\/v2\/product_tag?post=5249"}],"curies":[{"name":"wp","href":"https:\/\/api.w.org\/{rel}","templated":true}]}}