{"id":5260,"date":"2024-05-22T04:46:52","date_gmt":"2024-05-22T04:46:52","guid":{"rendered":"https:\/\/23b13e8ab3.nxcli.io\/poland\/?post_type=product&#038;p=5260"},"modified":"2024-08-22T04:52:35","modified_gmt":"2024-08-22T04:52:35","slug":"energizer-plastic-penlight","status":"publish","type":"product","link":"https:\/\/energizer.com\/eu\/poland\/product\/energizer-plastic-penlight\/","title":{"rendered":"Energizer Plastic Penlight"},"content":{"rendered":"<ul>\n<li>Gumowana ko\u0144c\u00f3wka i przycisk o mi\u0119kkim klikni\u0119ciu<\/li>\n<li>Trwa\u0142a metalowa konstrukcja<\/li>\n<li>Metalowy klips<\/li>\n<\/ul>\n","protected":false},"excerpt":{"rendered":"<p>Latarka Energizer Penlight jest kompaktowa i lekka, dzi\u0119ki czemu jest \u0142atwa i wygodna w codziennym u\u017cytkowaniu, gdy potrzebujesz dodatkowego \u015bwiat\u0142a. Elegancka i ergonomiczna konstrukcja sprawia, \u017ce \u200b\u200bjest \u0142atwa do chwytu i wygodna w u\u017cyciu. Wbudowany klips to \u015bwietna dodatkowa funkcja umo\u017cliwiaj\u0105ca \u0142atwe przenoszenie i transport w trybie handsfree. Ta latarka w kszta\u0142cie d\u0142ugopisu idealnie nadaje si\u0119 do noszenia w kieszeni, aby mie\u0107 j\u0105 pod r\u0119k\u0105, aby zapewni\u0107 dodatkowe \u015bwiat\u0142o w razie potrzeby.<\/p>\n","protected":false},"featured_media":0,"template":"","meta":{"_acf_changed":false},"product_brand":[],"product_cat":[97],"product_tag":[],"class_list":{"0":"post-5260","1":"product","2":"type-product","3":"status-publish","5":"product_cat-handheld","7":"first","8":"instock","9":"shipping-taxable","10":"product-type-simple"},"acf":[],"_links":{"self":[{"href":"https:\/\/energizer.com\/eu\/poland\/wp-json\/wp\/v2\/product\/5260","targetHints":{"allow":["GET"]}}],"collection":[{"href":"https:\/\/energizer.com\/eu\/poland\/wp-json\/wp\/v2\/product"}],"about":[{"href":"https:\/\/energizer.com\/eu\/poland\/wp-json\/wp\/v2\/types\/product"}],"version-history":[{"count":6,"href":"https:\/\/energizer.com\/eu\/poland\/wp-json\/wp\/v2\/product\/5260\/revisions"}],"predecessor-version":[{"id":10513,"href":"https:\/\/energizer.com\/eu\/poland\/wp-json\/wp\/v2\/product\/5260\/revisions\/10513"}],"wp:attachment":[{"href":"https:\/\/energizer.com\/eu\/poland\/wp-json\/wp\/v2\/media?parent=5260"}],"wp:term":[{"taxonomy":"product_brand","embeddable":true,"href":"https:\/\/energizer.com\/eu\/poland\/wp-json\/wp\/v2\/product_brand?post=5260"},{"taxonomy":"product_cat","embeddable":true,"href":"https:\/\/energizer.com\/eu\/poland\/wp-json\/wp\/v2\/product_cat?post=5260"},{"taxonomy":"product_tag","embeddable":true,"href":"https:\/\/energizer.com\/eu\/poland\/wp-json\/wp\/v2\/product_tag?post=5260"}],"curies":[{"name":"wp","href":"https:\/\/api.w.org\/{rel}","templated":true}]}}