{"id":5274,"date":"2024-05-22T04:49:11","date_gmt":"2024-05-22T04:49:11","guid":{"rendered":"https:\/\/23b13e8ab3.nxcli.io\/poland\/?post_type=product&#038;p=5274"},"modified":"2024-08-22T04:52:28","modified_gmt":"2024-08-22T04:52:28","slug":"energizer-headlamp-multi-purpose","status":"publish","type":"product","link":"https:\/\/energizer.com\/eu\/poland\/product\/energizer-headlamp-multi-purpose\/","title":{"rendered":"Energizer HeadLamp Multi Purpose"},"content":{"rendered":"<ul>\n<li>Wielofunkcyjna, elastyczna i od\u0142\u0105czana czo\u0142\u00f3wka<\/li>\n<li>Mo\u017cliwo\u015b\u0107 \u0142adowania przez USB<\/li>\n<li>S\u0142u\u017cy r\u00f3wnie\u017c jako lampka do czytania<\/li>\n<li>\u015awiat\u0142o obraca si\u0119 o 360 stopni\u200b<\/li>\n<\/ul>\n","protected":false},"excerpt":{"rendered":"<p>Latarka czo\u0142owa Energizer do wielozastosowa\u0144 to wszechstronna, wielofunkcyjna latarka, kt\u00f3r\u0105 mo\u017cna od\u0142\u0105czy\u0107 od opaski i przypi\u0105\u0107 do kieszeni, czapki, paska, plecaka i nie tylko. Dzi\u0119ki tej funkcji czo\u0142owa latarka COB mo\u017ce pe\u0142ni\u0107 funkcj\u0119 klipsa lub lampki do ksi\u0105\u017cek, a \u017ar\u00f3d\u0142o \u015bwiat\u0142a obraca si\u0119 pod k\u0105tem 360 stopni, co stanowi doskona\u0142\u0105 pomoc podczas czytania i pracy, zapewniaj\u0105c wyj\u0105tkow\u0105 wszechstronno\u015b\u0107. Mo\u017cna go \u0142adowa\u0107 przez USB. Zaprojektowano go tak, aby uczyni\u0107 Twoje \u017cycie ja\u015bniejszym i \u0142atwiejszym, bezproblemowo dopasowuj\u0105c si\u0119 do codziennych obowi\u0105zk\u00f3w.<\/p>\n","protected":false},"featured_media":0,"template":"","meta":{"_acf_changed":false},"product_brand":[],"product_cat":[43],"product_tag":[],"class_list":{"0":"post-5274","1":"product","2":"type-product","3":"status-publish","5":"product_cat-hands-free","7":"first","8":"instock","9":"shipping-taxable","10":"product-type-simple"},"acf":[],"_links":{"self":[{"href":"https:\/\/energizer.com\/eu\/poland\/wp-json\/wp\/v2\/product\/5274","targetHints":{"allow":["GET"]}}],"collection":[{"href":"https:\/\/energizer.com\/eu\/poland\/wp-json\/wp\/v2\/product"}],"about":[{"href":"https:\/\/energizer.com\/eu\/poland\/wp-json\/wp\/v2\/types\/product"}],"version-history":[{"count":7,"href":"https:\/\/energizer.com\/eu\/poland\/wp-json\/wp\/v2\/product\/5274\/revisions"}],"predecessor-version":[{"id":9806,"href":"https:\/\/energizer.com\/eu\/poland\/wp-json\/wp\/v2\/product\/5274\/revisions\/9806"}],"wp:attachment":[{"href":"https:\/\/energizer.com\/eu\/poland\/wp-json\/wp\/v2\/media?parent=5274"}],"wp:term":[{"taxonomy":"product_brand","embeddable":true,"href":"https:\/\/energizer.com\/eu\/poland\/wp-json\/wp\/v2\/product_brand?post=5274"},{"taxonomy":"product_cat","embeddable":true,"href":"https:\/\/energizer.com\/eu\/poland\/wp-json\/wp\/v2\/product_cat?post=5274"},{"taxonomy":"product_tag","embeddable":true,"href":"https:\/\/energizer.com\/eu\/poland\/wp-json\/wp\/v2\/product_tag?post=5274"}],"curies":[{"name":"wp","href":"https:\/\/api.w.org\/{rel}","templated":true}]}}