{"id":5277,"date":"2024-05-22T04:51:53","date_gmt":"2024-05-22T04:51:53","guid":{"rendered":"https:\/\/23b13e8ab3.nxcli.io\/poland\/?post_type=product&#038;p=5277"},"modified":"2024-08-22T04:52:18","modified_gmt":"2024-08-22T04:52:18","slug":"energizer-headband-headlamp","status":"publish","type":"product","link":"https:\/\/energizer.com\/eu\/poland\/product\/energizer-headband-headlamp\/","title":{"rendered":"Energizer Headband Headlamp"},"content":{"rendered":"<ul>\n<li>Unikalnie zaprojektowany jako opaska na g\u00f3r\u0119 g\u0142owy, zamiast by\u0107 umieszczonym na czole jak zwyk\u0142a latarka czo\u0142owa<\/li>\n<li>Maksymalny komfort &#8211; za\u0142\u00f3\u017c go i zapomnij, \u017ce go nosisz<\/li>\n<li>Wysokiej jako\u015bci, trwa\u0142e materia\u0142y i wyko\u0144czenie<\/li>\n<li>Wygodny pa\u0142\u0105k<\/li>\n<li>Materia\u0142 nie pl\u0105cz\u0105cy w\u0142os\u00f3w (w\u0142osy)<\/li>\n<\/ul>\n","protected":false},"excerpt":{"rendered":"<p>Unikalna konstrukcja Czo\u0142\u00f3wki na opasce Energizer zapewnia wyj\u0105tkow\u0105 wydajno\u015b\u0107 \u015bwietln\u0105 w znanej i modnej formie pa\u0142\u0105ka, maksymalizuj\u0105c Tw\u00f3j komfort, dzi\u0119ki czemu zapomnisz, \u017ce j\u0105 masz na sobie! Podobnie jak opaska, umieszcza si\u0119 j\u0105 na czubku g\u0142owy, a nie na czole, jak inne latarki czo\u0142owe, dzi\u0119ki czemu mo\u017cna j\u0105 nosi\u0107 przez d\u0142u\u017cszy czas bez wysi\u0142ku i uzupe\u0142nia\u0107 wygl\u0105d, zamiast go dominowa\u0107. Jego elegancki wygl\u0105d i neutralne kolory \u015bwietnie wygl\u0105daj\u0105 w ka\u017cdym sportowym i swobodnym stroju i pasuj\u0105 zar\u00f3wno do wn\u0119trz, jak i na zewn\u0105trz, od joggingu po spacery z psami, od robienia na drutach po ogrodnictwo, czytanie, r\u0119kodzie\u0142o i nie tylko&#8230;<\/p>\n","protected":false},"featured_media":0,"template":"","meta":{"_acf_changed":false},"product_brand":[],"product_cat":[43],"product_tag":[],"class_list":{"0":"post-5277","1":"product","2":"type-product","3":"status-publish","5":"product_cat-hands-free","7":"first","8":"instock","9":"shipping-taxable","10":"product-type-simple"},"acf":[],"_links":{"self":[{"href":"https:\/\/energizer.com\/eu\/poland\/wp-json\/wp\/v2\/product\/5277","targetHints":{"allow":["GET"]}}],"collection":[{"href":"https:\/\/energizer.com\/eu\/poland\/wp-json\/wp\/v2\/product"}],"about":[{"href":"https:\/\/energizer.com\/eu\/poland\/wp-json\/wp\/v2\/types\/product"}],"version-history":[{"count":7,"href":"https:\/\/energizer.com\/eu\/poland\/wp-json\/wp\/v2\/product\/5277\/revisions"}],"predecessor-version":[{"id":10512,"href":"https:\/\/energizer.com\/eu\/poland\/wp-json\/wp\/v2\/product\/5277\/revisions\/10512"}],"wp:attachment":[{"href":"https:\/\/energizer.com\/eu\/poland\/wp-json\/wp\/v2\/media?parent=5277"}],"wp:term":[{"taxonomy":"product_brand","embeddable":true,"href":"https:\/\/energizer.com\/eu\/poland\/wp-json\/wp\/v2\/product_brand?post=5277"},{"taxonomy":"product_cat","embeddable":true,"href":"https:\/\/energizer.com\/eu\/poland\/wp-json\/wp\/v2\/product_cat?post=5277"},{"taxonomy":"product_tag","embeddable":true,"href":"https:\/\/energizer.com\/eu\/poland\/wp-json\/wp\/v2\/product_tag?post=5277"}],"curies":[{"name":"wp","href":"https:\/\/api.w.org\/{rel}","templated":true}]}}