{"id":5279,"date":"2024-05-22T05:21:36","date_gmt":"2024-05-22T05:21:36","guid":{"rendered":"https:\/\/23b13e8ab3.nxcli.io\/poland\/?post_type=product&#038;p=5279"},"modified":"2024-08-22T04:52:04","modified_gmt":"2024-08-22T04:52:04","slug":"energizer-metal-3aaa","status":"publish","type":"product","link":"https:\/\/energizer.com\/eu\/poland\/product\/energizer-metal-3aaa\/","title":{"rendered":"Energizer Metal 3AAA"},"content":{"rendered":"<ul>\n<li>Wszechstronna, kompaktowa lampa o wysokiej wydajno\u015bci zapewniaj\u0105ca wyj\u0105tkowo mocn\u0105, szerok\u0105 wi\u0105zk\u0119<\/li>\n<li>Technologia MAX-VIZ dopasowuje si\u0119 do naturalnych preferencji oczu, zapewniaj\u0105c wyj\u0105tkowe widzenie w wysokiej rozdzielczo\u015bci<\/li>\n<li>P\u0142ynne prze\u0142\u0105czanie cyfrowe umo\u017cliwia u\u017cytkownikom wyb\u00f3r tryb\u00f3w o wysokiej intensywno\u015bci, oszcz\u0119dzania energii i awaryjnego stroboskopu<\/li>\n<li>Trwa\u0142a konstrukcja ze stopu zapewnia pewno\u015b\u0107 wykonania ka\u017cdego zadania<\/li>\n<li>W zestawie 3 baterie alkaliczne AAA<\/li>\n<\/ul>\n","protected":false},"excerpt":{"rendered":"<p>\u015awiat\u0142o Energizer<sup>\u00ae<\/sup>\u00a0Vision HD Compact zapewnia wysok\u0105 wydajno\u015b\u0107 i innowacyjno\u015b\u0107 w wygodnym rozmiarze. Zaprojektowany tak, aby zmie\u015bci si\u0119 w poje\u017adzie, kieszeni lub torbie, Energizer Vision HD Compact jest idealny do szerokiej gamy zada\u0144. Unikalna technologia MAXVIZ zapewnia szerok\u0105 i mocn\u0105 wi\u0105zk\u0119, kt\u00f3ra zapewnia u\u017cytkownikom ostre widzenie w wysokiej rozdzielczo\u015bci. P\u0142ynny, cyfrowy prze\u0142\u0105cznik zapewnia dost\u0119p do wielu ustawie\u0144 wi\u0105zki: wysoki, oszcz\u0119dny i awaryjne tryby stroboskopowe. Dzi\u0119ki zaawansowanej konstrukcji ze stopu Energizer Vision HD to trwa\u0142e rozwi\u0105zanie zapewniaj\u0105ce mocne o\u015bwietlenie w kolorze \u015bwiat\u0142a dziennego w domu i w podr\u00f3\u017cy.<\/p>\n","protected":false},"featured_media":0,"template":"","meta":{"_acf_changed":false},"product_brand":[],"product_cat":[97],"product_tag":[],"class_list":{"0":"post-5279","1":"product","2":"type-product","3":"status-publish","5":"product_cat-handheld","7":"first","8":"instock","9":"shipping-taxable","10":"product-type-simple"},"acf":[],"_links":{"self":[{"href":"https:\/\/energizer.com\/eu\/poland\/wp-json\/wp\/v2\/product\/5279","targetHints":{"allow":["GET"]}}],"collection":[{"href":"https:\/\/energizer.com\/eu\/poland\/wp-json\/wp\/v2\/product"}],"about":[{"href":"https:\/\/energizer.com\/eu\/poland\/wp-json\/wp\/v2\/types\/product"}],"version-history":[{"count":5,"href":"https:\/\/energizer.com\/eu\/poland\/wp-json\/wp\/v2\/product\/5279\/revisions"}],"predecessor-version":[{"id":9627,"href":"https:\/\/energizer.com\/eu\/poland\/wp-json\/wp\/v2\/product\/5279\/revisions\/9627"}],"wp:attachment":[{"href":"https:\/\/energizer.com\/eu\/poland\/wp-json\/wp\/v2\/media?parent=5279"}],"wp:term":[{"taxonomy":"product_brand","embeddable":true,"href":"https:\/\/energizer.com\/eu\/poland\/wp-json\/wp\/v2\/product_brand?post=5279"},{"taxonomy":"product_cat","embeddable":true,"href":"https:\/\/energizer.com\/eu\/poland\/wp-json\/wp\/v2\/product_cat?post=5279"},{"taxonomy":"product_tag","embeddable":true,"href":"https:\/\/energizer.com\/eu\/poland\/wp-json\/wp\/v2\/product_tag?post=5279"}],"curies":[{"name":"wp","href":"https:\/\/api.w.org\/{rel}","templated":true}]}}