{"id":5281,"date":"2024-05-22T05:49:11","date_gmt":"2024-05-22T05:49:11","guid":{"rendered":"https:\/\/23b13e8ab3.nxcli.io\/poland\/?post_type=product&#038;p=5281"},"modified":"2024-08-22T04:51:57","modified_gmt":"2024-08-22T04:51:57","slug":"energizer-metal-rechargeable-light","status":"publish","type":"product","link":"https:\/\/energizer.com\/eu\/poland\/product\/energizer-metal-rechargeable-light\/","title":{"rendered":"Energizer Metal Rechargeable Light"},"content":{"rendered":"<ul>\n<li>Trwa\u0142a metalowa konstrukcja<\/li>\n<li>Kompaktowa i lekka konstrukcja<\/li>\n<li>Przycisk \u0142atwy w obs\u0142udze<\/li>\n<li>Sznurek na r\u0119k\u0119 z \u0142atwo\u015bci\u0105 mo\u017cna przymocowa\u0107 do nadgarstka<\/li>\n<li>Ja\u015bniejsza do 5 razy ni\u017c standardowa technologia LED<\/li>\n<li>3 tryby: wysoki, niski, stroboskop<\/li>\n<li>Mo\u017cliwo\u015b\u0107 ponownego \u0142adowania: Litowo-jonowa (18650) \u2014 niewymienna bateria<\/li>\n<li>\u0141adowanie trwa 4,5 godziny<\/li>\n<\/ul>\n","protected":false},"excerpt":{"rendered":"<p>Nasza metalowa latarka akumulatorowa to inteligentna, przeno\u015bna latarka, kt\u00f3r\u0105 warto mie\u0107 przy sobie. Ta latarka ma wytrzyma\u0142\u0105 aluminiow\u0105 obudow\u0119 i jest wyposa\u017cona w akumulator 18650 oraz kabel \u0142aduj\u0105cy Micro-USB. Po wyczerpaniu mo\u017cna j\u0105 \u0142adowa\u0107 bezpo\u015brednio z power bank, \u0142adowarki samochodowej lub innego \u017ar\u00f3d\u0142a zasilania USB \u2013 nie ma potrzeby kupowania dodatkowych baterii. Dzi\u0119ki 3 opcjom trybu (wysoki, niski, stroboskopowy) to \u015bwiat\u0142o idealnie nadaje si\u0119 na kemping, w\u0119dr\u00f3wki, w\u0119dkarstwo, spacery z psami, przerwy w dostawie pr\u0105du i sytuacje awaryjne. W zestawie smycz u\u0142atwiaj\u0105ca przenoszenie.<\/p>\n","protected":false},"featured_media":0,"template":"","meta":{"_acf_changed":false},"product_brand":[],"product_cat":[97],"product_tag":[],"class_list":{"0":"post-5281","1":"product","2":"type-product","3":"status-publish","5":"product_cat-handheld","7":"first","8":"instock","9":"shipping-taxable","10":"product-type-simple"},"acf":[],"_links":{"self":[{"href":"https:\/\/energizer.com\/eu\/poland\/wp-json\/wp\/v2\/product\/5281","targetHints":{"allow":["GET"]}}],"collection":[{"href":"https:\/\/energizer.com\/eu\/poland\/wp-json\/wp\/v2\/product"}],"about":[{"href":"https:\/\/energizer.com\/eu\/poland\/wp-json\/wp\/v2\/types\/product"}],"version-history":[{"count":5,"href":"https:\/\/energizer.com\/eu\/poland\/wp-json\/wp\/v2\/product\/5281\/revisions"}],"predecessor-version":[{"id":9808,"href":"https:\/\/energizer.com\/eu\/poland\/wp-json\/wp\/v2\/product\/5281\/revisions\/9808"}],"wp:attachment":[{"href":"https:\/\/energizer.com\/eu\/poland\/wp-json\/wp\/v2\/media?parent=5281"}],"wp:term":[{"taxonomy":"product_brand","embeddable":true,"href":"https:\/\/energizer.com\/eu\/poland\/wp-json\/wp\/v2\/product_brand?post=5281"},{"taxonomy":"product_cat","embeddable":true,"href":"https:\/\/energizer.com\/eu\/poland\/wp-json\/wp\/v2\/product_cat?post=5281"},{"taxonomy":"product_tag","embeddable":true,"href":"https:\/\/energizer.com\/eu\/poland\/wp-json\/wp\/v2\/product_tag?post=5281"}],"curies":[{"name":"wp","href":"https:\/\/api.w.org\/{rel}","templated":true}]}}