{"id":5292,"date":"2024-05-22T06:33:18","date_gmt":"2024-05-22T06:33:18","guid":{"rendered":"https:\/\/23b13e8ab3.nxcli.io\/poland\/?post_type=product&#038;p=5292"},"modified":"2024-08-22T04:51:49","modified_gmt":"2024-08-22T04:51:49","slug":"energizer-paw-patrol-lantern","status":"publish","type":"product","link":"https:\/\/energizer.com\/eu\/poland\/product\/energizer-paw-patrol-lantern\/","title":{"rendered":"Energizer PAW PATROL Lantern"},"content":{"rendered":"<ul>\n<li>Latarka LED Energizer PAW Patrol dla dzieci<\/li>\n<li>Latarka dla dzieci jest \u0142atwa w obs\u0142udze i zapewnia \u015bwietn\u0105 zabaw\u0119<\/li>\n<li>\u015awietne na kemping, gry na podw\u00f3rku i nocne zwiedzanie<\/li>\n<li>Latarnia emituje delikatne \u015bwiat\u0142o a\u017c do 17 godzin<\/li>\n<li>Latarka LED jest odporna na upadek z wysoko\u015bci do 1 metra i wodoodporna IPX4<\/li>\n<li>Lekka plastikowa konstrukcja z niet\u0142uk\u0105c\u0105 si\u0119 soczewk\u0105 u\u0142atwiaj\u0105c\u0105 przenoszenie<\/li>\n<li>Zaufaj firmie Energizer, aby zapewni\u0107 niezawodne dzia\u0142anie w ka\u017cdej sytuacji<\/li>\n<\/ul>\n","protected":false},"excerpt":{"rendered":"<p>Pozw\u00f3l dziecku roz\u015bwietli\u0107 noc dzi\u0119ki latarni LED Energizer PAW Patrol. Lekka latarnia jest \u0142atwa do przenoszenia i mie\u015bci si\u0119 w ma\u0142ych d\u0142oniach. Latarnie dla dzieci to \u015bwietny spos\u00f3b, aby dzieci mog\u0142y bezpiecznie odkrywa\u0107 ciemno\u015b\u0107, czy to na podw\u00f3rku, podczas wycieczek kempingowych, czy podczas zabawy w pomieszczeniu. Latarnia LED emituje delikatne \u015bwiat\u0142o, dzi\u0119ki czemu ciemno\u015b\u0107 staje si\u0119 przyjemniejsza. Ponadto ka\u017cda latarnia LED ma kolorowy motyw pasuj\u0105cy do zabawek Psiego Patrolu Twojego dziecka. Latarnia dla dzieci ma schowek na klips, dzi\u0119ki czemu mo\u017cna j\u0105 \u0142atwo zabra\u0107 ze sob\u0105 wsz\u0119dzie tam, gdzie potrzebujesz dodatkowego \u015bwiat\u0142a. Ponadto podstawa latarni jest na tyle wytrzyma\u0142a, \u017ce \u200b\u200bmo\u017cna j\u0105 postawi\u0107 na wi\u0119kszo\u015bci powierzchni. Aby uzyska\u0107 niezawodne dzia\u0142anie w ka\u017cdej sytuacji, zaufaj firmie Energizer.<\/p>\n","protected":false},"featured_media":0,"template":"","meta":{"_acf_changed":false},"product_brand":[],"product_cat":[45],"product_tag":[],"class_list":{"0":"post-5292","1":"product","2":"type-product","3":"status-publish","5":"product_cat-novelty","7":"first","8":"instock","9":"shipping-taxable","10":"product-type-simple"},"acf":[],"_links":{"self":[{"href":"https:\/\/energizer.com\/eu\/poland\/wp-json\/wp\/v2\/product\/5292","targetHints":{"allow":["GET"]}}],"collection":[{"href":"https:\/\/energizer.com\/eu\/poland\/wp-json\/wp\/v2\/product"}],"about":[{"href":"https:\/\/energizer.com\/eu\/poland\/wp-json\/wp\/v2\/types\/product"}],"version-history":[{"count":7,"href":"https:\/\/energizer.com\/eu\/poland\/wp-json\/wp\/v2\/product\/5292\/revisions"}],"predecessor-version":[{"id":9810,"href":"https:\/\/energizer.com\/eu\/poland\/wp-json\/wp\/v2\/product\/5292\/revisions\/9810"}],"wp:attachment":[{"href":"https:\/\/energizer.com\/eu\/poland\/wp-json\/wp\/v2\/media?parent=5292"}],"wp:term":[{"taxonomy":"product_brand","embeddable":true,"href":"https:\/\/energizer.com\/eu\/poland\/wp-json\/wp\/v2\/product_brand?post=5292"},{"taxonomy":"product_cat","embeddable":true,"href":"https:\/\/energizer.com\/eu\/poland\/wp-json\/wp\/v2\/product_cat?post=5292"},{"taxonomy":"product_tag","embeddable":true,"href":"https:\/\/energizer.com\/eu\/poland\/wp-json\/wp\/v2\/product_tag?post=5292"}],"curies":[{"name":"wp","href":"https:\/\/api.w.org\/{rel}","templated":true}]}}