{"id":5297,"date":"2024-05-22T06:44:50","date_gmt":"2024-05-22T06:44:50","guid":{"rendered":"https:\/\/23b13e8ab3.nxcli.io\/poland\/?post_type=product&#038;p=5297"},"modified":"2024-08-22T04:51:40","modified_gmt":"2024-08-22T04:51:40","slug":"energizer-pawpatrol-15","status":"publish","type":"product","link":"https:\/\/energizer.com\/eu\/poland\/product\/energizer-pawpatrol-15\/","title":{"rendered":"Energizer PAWPATROL DARK BLUE"},"content":{"rendered":"<ul>\n<li>Z dwoma (2) bateriami Energizer MAX AAA, Latarka LED Energizer PAW Patrol<\/li>\n<li>Ma\u0142a latarka dla dzieci z uroczym wzorem Psiego Patrolu<\/li>\n<li>Dzieci odkrywaj\u0105 \u015bwiat na \u015bwie\u017cym powietrzu i bawi\u0105 si\u0119 w \u015brodku dzi\u0119ki dzieci\u0119cym latarkami<\/li>\n<li>Rzuca delikatny blask, kt\u00f3ry \u015bwieci a\u017c do 72 godzin<\/li>\n<li>Plastikowa latarka PAW Patrol z niet\u0142uk\u0105c\u0105 si\u0119 soczewk\u0105 i korpusem odpornym na uderzenia z wysoko\u015bci do 0,91 metra<\/li>\n<li>Wygodna latarka dla dzieci, kt\u00f3ra z \u0142atwo\u015bci\u0105 mie\u015bci si\u0119 w dzieci\u0119cych d\u0142oniach<\/li>\n<li>Zaufaj firmie Energizer, aby zapewni\u0107 niezawodne dzia\u0142anie w ka\u017cdej sytuacji<\/li>\n<\/ul>\n","protected":false},"excerpt":{"rendered":"<p>Spraw, aby ciemno\u015b\u0107 by\u0142a dla dzieci zabaw\u0105 dzi\u0119ki Energizer PAW Patrol latark\u0119 LED. Rzucaj\u0105c delikatny blask, latarki dla dzieci mog\u0105 pom\u00f3c dzieciom bawi\u0107 si\u0119 i odkrywa\u0107 w ciemno\u015bci, zar\u00f3wno w domu, jak i na podw\u00f3rku w nocy. Ma\u0142a i lekka latarka dla dzieci zapewnia bezpieczne o\u015bwietlenie dzieciom w wieku od 3 lat. Plastikowa lampa LED ma niet\u0142uk\u0105c\u0105 si\u0119 soczewk\u0119 i obudow\u0119 odporn\u0105 na uderzenia z wysoko\u015bci do 1 metra. \u0141atwy w obs\u0142udze przycisk i wygodny uchwyt sprawiaj\u0105, \u017ce obs\u0142uga jest prosta nawet dla najmniejszej d\u0142oni, a wbudowana p\u0119tla na smycz pozwala zawiesi\u0107 latark\u0119 zasilan\u0105 bateri\u0105 w zasi\u0119gu dziecka. Kolorowy wz\u00f3r pasuje do innych zabawek Psiego Patrolu. 72-godzinny czas pracy oznacza, \u017ce \u200b\u200bta kompaktowa latarka wystarczy na dowolny czas zabawy, nie powoduj\u0105c wyczerpania bateri\u0105.<\/p>\n","protected":false},"featured_media":0,"template":"","meta":{"_acf_changed":false},"product_brand":[],"product_cat":[45],"product_tag":[],"class_list":{"0":"post-5297","1":"product","2":"type-product","3":"status-publish","5":"product_cat-novelty","7":"first","8":"instock","9":"shipping-taxable","10":"product-type-simple"},"acf":[],"_links":{"self":[{"href":"https:\/\/energizer.com\/eu\/poland\/wp-json\/wp\/v2\/product\/5297","targetHints":{"allow":["GET"]}}],"collection":[{"href":"https:\/\/energizer.com\/eu\/poland\/wp-json\/wp\/v2\/product"}],"about":[{"href":"https:\/\/energizer.com\/eu\/poland\/wp-json\/wp\/v2\/types\/product"}],"version-history":[{"count":7,"href":"https:\/\/energizer.com\/eu\/poland\/wp-json\/wp\/v2\/product\/5297\/revisions"}],"predecessor-version":[{"id":9812,"href":"https:\/\/energizer.com\/eu\/poland\/wp-json\/wp\/v2\/product\/5297\/revisions\/9812"}],"wp:attachment":[{"href":"https:\/\/energizer.com\/eu\/poland\/wp-json\/wp\/v2\/media?parent=5297"}],"wp:term":[{"taxonomy":"product_brand","embeddable":true,"href":"https:\/\/energizer.com\/eu\/poland\/wp-json\/wp\/v2\/product_brand?post=5297"},{"taxonomy":"product_cat","embeddable":true,"href":"https:\/\/energizer.com\/eu\/poland\/wp-json\/wp\/v2\/product_cat?post=5297"},{"taxonomy":"product_tag","embeddable":true,"href":"https:\/\/energizer.com\/eu\/poland\/wp-json\/wp\/v2\/product_tag?post=5297"}],"curies":[{"name":"wp","href":"https:\/\/api.w.org\/{rel}","templated":true}]}}