{"id":5301,"date":"2024-05-22T06:48:05","date_gmt":"2024-05-22T06:48:05","guid":{"rendered":"https:\/\/23b13e8ab3.nxcli.io\/poland\/?post_type=product&#038;p=5301"},"modified":"2024-08-22T04:51:28","modified_gmt":"2024-08-22T04:51:28","slug":"energizer-paw-patrol-squeezelight","status":"publish","type":"product","link":"https:\/\/energizer.com\/eu\/poland\/product\/energizer-paw-patrol-squeezelight\/","title":{"rendered":"Energizer PAW PATROL Squeeze Light Skye"},"content":{"rendered":"<ul>\n<li>\u015aciskana latarka LED Energizer Psi Patrol \u2013 Skye<\/li>\n<li>Ma\u0142a latarka dla dzieci, kt\u00f3ra ma kszta\u0142t ulubionej postaci z Psiego Patrolu Twojego dziecka<\/li>\n<li>Latarka dla dzieci zach\u0119ca do zabawy i kreatywno\u015bci w ciemno\u015bciach<\/li>\n<li>\u015awiat\u0142o LED rzuca ciep\u0142y blask<\/li>\n<li>Jednocze\u015bnie naci\u015bnij plecy i brzuch szczeni\u0119cia, aby w\u0142\u0105czy\u0107 latark\u0119 dla dzieci<\/li>\n<li>Zaufaj firmie Energizer, aby zapewni\u0107 niezawodne dzia\u0142anie w ka\u017cdej sytuacji<\/li>\n<\/ul>\n","protected":false},"excerpt":{"rendered":"<p>Uatrakcyjnij zabaw\u0119 swojego dziecka dzi\u0119ki latarce LED Energizer PAW Patrol Squeeze. Ta zasilana bateryjnie latarka przeznaczona dla dzieci w wieku od 3 lat \u0142\u0105czy w sobie kompaktow\u0105 latark\u0119 i ulubione zabawki Psi Patrol. Twoje dziecko mo\u017ce nosi\u0107 Skye przed snem, podczas nocnych spacer\u00f3w lub po prostu bawi\u0105c si\u0119 w domu po zmroku. Ponadto, Latarki dla dzieci s\u0105 \u0142atwe w obs\u0142udze. Aby w\u0142\u0105czy\u0107, wystarczy nacisn\u0105\u0107 na plecy i brzuch szczeni\u0119cia. Dla wi\u0119kszego bezpiecze\u0144stwa latarka dla dzieci automatycznie wy\u0142\u0105cza si\u0119 po zwolnieniu przycisk\u00f3w. Latarka dla dzieci jest wyposa\u017cona w \u015bwiat\u0142o LED zapewniaj\u0105ce ciep\u0142y blask. Do Latarki Psi Patrol do\u0142\u0105czone s\u0105 dwie niewymienne baterie Energizer, kt\u00f3re mo\u017cna u\u017cywa\u0107 od razu po wyj\u0119ciu z pude\u0142ka.<\/p>\n","protected":false},"featured_media":0,"template":"","meta":{"_acf_changed":false},"product_brand":[],"product_cat":[45],"product_tag":[],"class_list":{"0":"post-5301","1":"product","2":"type-product","3":"status-publish","5":"product_cat-novelty","7":"first","8":"instock","9":"shipping-taxable","10":"product-type-simple"},"acf":[],"_links":{"self":[{"href":"https:\/\/energizer.com\/eu\/poland\/wp-json\/wp\/v2\/product\/5301","targetHints":{"allow":["GET"]}}],"collection":[{"href":"https:\/\/energizer.com\/eu\/poland\/wp-json\/wp\/v2\/product"}],"about":[{"href":"https:\/\/energizer.com\/eu\/poland\/wp-json\/wp\/v2\/types\/product"}],"version-history":[{"count":8,"href":"https:\/\/energizer.com\/eu\/poland\/wp-json\/wp\/v2\/product\/5301\/revisions"}],"predecessor-version":[{"id":9814,"href":"https:\/\/energizer.com\/eu\/poland\/wp-json\/wp\/v2\/product\/5301\/revisions\/9814"}],"wp:attachment":[{"href":"https:\/\/energizer.com\/eu\/poland\/wp-json\/wp\/v2\/media?parent=5301"}],"wp:term":[{"taxonomy":"product_brand","embeddable":true,"href":"https:\/\/energizer.com\/eu\/poland\/wp-json\/wp\/v2\/product_brand?post=5301"},{"taxonomy":"product_cat","embeddable":true,"href":"https:\/\/energizer.com\/eu\/poland\/wp-json\/wp\/v2\/product_cat?post=5301"},{"taxonomy":"product_tag","embeddable":true,"href":"https:\/\/energizer.com\/eu\/poland\/wp-json\/wp\/v2\/product_tag?post=5301"}],"curies":[{"name":"wp","href":"https:\/\/api.w.org\/{rel}","templated":true}]}}