{"id":5303,"date":"2024-05-22T06:49:32","date_gmt":"2024-05-22T06:49:32","guid":{"rendered":"https:\/\/23b13e8ab3.nxcli.io\/poland\/?post_type=product&#038;p=5303"},"modified":"2024-08-22T05:30:47","modified_gmt":"2024-08-22T05:30:47","slug":"enr-eu-tier1hdl10-250-hl-tr-t11a32","status":"publish","type":"product","link":"https:\/\/energizer.com\/eu\/poland\/product\/enr-eu-tier1hdl10-250-hl-tr-t11a32\/","title":{"rendered":"Energizer HEADLAMP HDL10"},"content":{"rendered":"<ul>\n<li>Latarka czo\u0142owa Energizer HDL10 LED z 3 bateriami Energizer AAA<\/li>\n<li>Jasna latarka czo\u0142owa zapewnia o\u015bwietlenie dooko\u0142a i umo\u017cliwia obs\u0142ug\u0119 bez u\u017cycia r\u0105k<\/li>\n<li>Idealna latarka czo\u0142owa LED do domu, pracy i zaj\u0119\u0107 na \u015bwie\u017cym powietrzu<\/li>\n<li>Emituje 250 lumen\u00f3w przy zasi\u0119gu o d\u0142ugo\u015bci 60 metr\u00f3w przez maksymalnie 7 godzin w trybie wysokim<\/li>\n<li>Wodoodporny IPX4, niet\u0142uk\u0105cy obiektyw i odporny na uderzenia z wysoko\u015bci do 1 metra<\/li>\n<li>Przeciwodblaskowa, obrotowa g\u0142owica kieruje \u015bwiat\u0142o, a regulowane paski zapewniaj\u0105 wygodne dopasowanie do g\u0142owy<\/li>\n<li>Zaufaj marce Energizer w kwestii niezawodnej mocy i wydajno\u015bci w ka\u017cdej sytuacji<\/li>\n<\/ul>\n","protected":false},"excerpt":{"rendered":"<p>Latarka czo\u0142owa Energizer HDL10 LED oferuje jasne \u015bwiat\u0142o LED, kt\u00f3re zapewnia mocne o\u015bwietlenie zewn\u0119trzne. Ta latarka czo\u0142owa Energizer zapewnia dobre o\u015bwietlenie podczas zaj\u0119\u0107 na \u015bwie\u017cym powietrzu, takich jak w\u0119dr\u00f3wki, jazda na rowerze i biwakowanie, a tak\u017ce zada\u0144 domowych i zawodowych. Ta latarka Energizer o mocy 250 lumen\u00f3w jest wyposa\u017cona w mocne bia\u0142e \u015bwiat\u0142o LED, kt\u00f3re w trybie wysokim \u015bwieci do 7 godzin. Tryby wysoki i niski umo\u017cliwiaj\u0105 regulacj\u0119 intensywno\u015bci wi\u0105zki za pomoc\u0105 przycisku, co u\u0142atwia prze\u0142\u0105czanie. Obrotowa g\u0142owica kieruje \u015bwiat\u0142o dok\u0142adnie tam, gdzie go potrzebujesz, a lekka konstrukcja ma regulowany pasek zapewniaj\u0105cy wygodne noszenie. Dzi\u0119ki niet\u0142uk\u0105cemu obiektywowi i wodoodpornemu korpusowi latarka czo\u0142owa Energizer LED jest niezawodna na zewn\u0105trz i w trudnym terenie. Zaufaj firmie Energizer, kt\u00f3ra dostarcza mocn\u0105 wydajno\u015b\u0107, kt\u00f3r\u0105 obiecujemy \u2013 lampy Energizer s\u0105 testowane i spe\u0142niaj\u0105 rygorystyczne, niezawodne normy ANSI.<\/p>\n","protected":false},"featured_media":0,"template":"","meta":{"_acf_changed":false},"product_brand":[],"product_cat":[43],"product_tag":[],"class_list":{"0":"post-5303","1":"product","2":"type-product","3":"status-publish","5":"product_cat-hands-free","7":"first","8":"instock","9":"shipping-taxable","10":"product-type-simple"},"acf":[],"_links":{"self":[{"href":"https:\/\/energizer.com\/eu\/poland\/wp-json\/wp\/v2\/product\/5303","targetHints":{"allow":["GET"]}}],"collection":[{"href":"https:\/\/energizer.com\/eu\/poland\/wp-json\/wp\/v2\/product"}],"about":[{"href":"https:\/\/energizer.com\/eu\/poland\/wp-json\/wp\/v2\/types\/product"}],"version-history":[{"count":7,"href":"https:\/\/energizer.com\/eu\/poland\/wp-json\/wp\/v2\/product\/5303\/revisions"}],"predecessor-version":[{"id":9815,"href":"https:\/\/energizer.com\/eu\/poland\/wp-json\/wp\/v2\/product\/5303\/revisions\/9815"}],"wp:attachment":[{"href":"https:\/\/energizer.com\/eu\/poland\/wp-json\/wp\/v2\/media?parent=5303"}],"wp:term":[{"taxonomy":"product_brand","embeddable":true,"href":"https:\/\/energizer.com\/eu\/poland\/wp-json\/wp\/v2\/product_brand?post=5303"},{"taxonomy":"product_cat","embeddable":true,"href":"https:\/\/energizer.com\/eu\/poland\/wp-json\/wp\/v2\/product_cat?post=5303"},{"taxonomy":"product_tag","embeddable":true,"href":"https:\/\/energizer.com\/eu\/poland\/wp-json\/wp\/v2\/product_tag?post=5303"}],"curies":[{"name":"wp","href":"https:\/\/api.w.org\/{rel}","templated":true}]}}